{"id":209234,"date":"2023-11-23T12:16:58","date_gmt":"2023-11-23T11:16:58","guid":{"rendered":"https:\/\/desdropi.com\/elparque\/?post_type=product&#038;p=209234"},"modified":"2024-06-05T11:33:56","modified_gmt":"2024-06-05T09:33:56","slug":"frigo-americano-hisense-rs677n4bie-178x91-nf-inox-dsp","status":"publish","type":"product","link":"https:\/\/desdropi.com\/elparque\/frigo-americano-hisense-rs677n4bie-178x91-nf-inox-dsp\/","title":{"rendered":"FRIGO AMERICANO HISENSE RS677N4BIE 178&#215;91 NF INOX DSP"},"content":{"rendered":"<div class=\"descripcion-tab\">\n<p><strong>Peso y dimensiones<\/strong><\/p>\n<ul>\n<li>Ancho: 910 mm<\/li>\n<li>Profundidad: 643 mm<\/li>\n<li>Altura: 1786 mm<\/li>\n<li>Ancho del paquete: 977 mm<\/li>\n<li>Profundidad del paquete: 727 mm<\/li>\n<li>Altura del paquete: 1896 mm<\/li>\n<li>Peso: 83 kg<\/li>\n<li>Peso del paquete: 107 kg<\/li>\n<\/ul>\n<p><strong>Control de energ\u00eda<\/strong><\/p>\n<ul>\n<li>Consumo de energ\u00eda anual: 309 kWh<\/li>\n<li>Voltaje de entrada AC: 220 &#8211; 240 V<\/li>\n<li>Frecuencia de entrada AC: 50 Hz<\/li>\n<li>Eficiencia energ\u00e9tica: E<\/li>\n<li>Clase de eficiencia de energ\u00eda: E<\/li>\n<\/ul>\n<p><strong>Congelador<\/strong><\/p>\n<ul>\n<li>Congelador, capacidad neta: 174 L<\/li>\n<li>Capacidad de congelaci\u00f3n: 11 kg\/24h<\/li>\n<li>Tiempo de almacenamiento en caso de fallo de alimentaci\u00f3n: 8 h<\/li>\n<li>\u00cdndice Star: 4*<\/li>\n<li>Antiescarcha (congelador): S\u00ed<\/li>\n<li>Descongelaci\u00f3n autom\u00e1tica (congelador): S\u00ed<\/li>\n<\/ul>\n<p><strong>Refrigerador<\/strong><\/p>\n<ul>\n<li>Frigor\u00edfico, capacidad neta: 334 L<\/li>\n<li>Antiescarcha (nevera): S\u00ed<\/li>\n<li>Descongelaci\u00f3n autom\u00e1tica (nevera): S\u00ed<\/li>\n<li>Sistema multi-flujo de aire (nevera): S\u00ed<\/li>\n<li>Frigor\u00edfico, n\u00famero de compartimentos: 4<\/li>\n<li>N\u00famero de compartimientos para verduras: 2<\/li>\n<li>Estantes de la puerta de la nevera: 3<\/li>\n<li>Huevera: S\u00ed<\/li>\n<li>Botellero: S\u00ed<\/li>\n<li>Frigor\u00edfico, n\u00famero de compresores: 1<\/li>\n<\/ul>\n<p><strong>Ergonom\u00eda<\/strong><\/p>\n<ul>\n<li>Puerta para bebidas: S\u00ed<\/li>\n<li>Alarma de puerta (abierta): S\u00ed<\/li>\n<li>Alarma temperatura: S\u00ed<\/li>\n<\/ul>\n<p><strong>Dise\u00f1o<\/strong><\/p>\n<ul>\n<li>Color del producto: Acero inoxidable<\/li>\n<li>Dise\u00f1o: Puerta americana<\/li>\n<li>Tipo de l\u00e1mpara: LED<\/li>\n<li>Bloqueo para ni\u00f1os: S\u00ed<\/li>\n<li>Tipo de control: Tocar<\/li>\n<li>Pantalla incorporada: S\u00ed<\/li>\n<li>Tipo de visualizador: LED<\/li>\n<li>Material de estantes: Vidrio<\/li>\n<li>N\u00famero de puertas: 2<\/li>\n<\/ul>\n<p><strong>Desempe\u00f1o<\/strong><\/p>\n<ul>\n<li>Capacidad neta total: 508 L<\/li>\n<li>Capacidad bruta total: 564 L<\/li>\n<li>Clase clim\u00e1tica: SN-ST<\/li>\n<li>Nivel de ruido: 42 dB<\/li>\n<li>Funci\u00f3n Vacaciones: No<\/li>\n<\/ul>\n<\/div>\n","protected":false},"excerpt":{"rendered":"<p><a href=\"https:\/\/www.eldisser.com\/etiquetaEnergetica\/00BLANCA\/FRIGO.AMERICANO\/HISENSE\/240768.pdf\"><img decoding=\"async\" class=\"alignnone wp-image-205462 size-full\" src=\"https:\/\/desdropi.com\/elparque\/wp-content\/uploads\/eficiencia-E.png\" alt=\"\" width=\"56\" height=\"33\" \/><\/a><\/p>\n","protected":false},"featured_media":209236,"comment_status":"open","ping_status":"closed","template":"","meta":{"_joinchat":[]},"product_cat":[780,6458,6441],"product_tag":[],"class_list":{"0":"post-209234","1":"product","2":"type-product","3":"status-publish","4":"has-post-thumbnail","6":"product_cat-gran-electrodomestico","7":"product_cat-americanos-frigorificos","8":"product_cat-frigorificos","9":"pa_marca-hisense","11":"first","12":"instock","13":"taxable","14":"shipping-taxable","15":"purchasable","16":"product-type-simple"},"_links":{"self":[{"href":"https:\/\/desdropi.com\/elparque\/wp-json\/wp\/v2\/product\/209234"}],"collection":[{"href":"https:\/\/desdropi.com\/elparque\/wp-json\/wp\/v2\/product"}],"about":[{"href":"https:\/\/desdropi.com\/elparque\/wp-json\/wp\/v2\/types\/product"}],"replies":[{"embeddable":true,"href":"https:\/\/desdropi.com\/elparque\/wp-json\/wp\/v2\/comments?post=209234"}],"version-history":[{"count":0,"href":"https:\/\/desdropi.com\/elparque\/wp-json\/wp\/v2\/product\/209234\/revisions"}],"wp:featuredmedia":[{"embeddable":true,"href":"https:\/\/desdropi.com\/elparque\/wp-json\/wp\/v2\/media\/209236"}],"wp:attachment":[{"href":"https:\/\/desdropi.com\/elparque\/wp-json\/wp\/v2\/media?parent=209234"}],"wp:term":[{"taxonomy":"product_cat","embeddable":true,"href":"https:\/\/desdropi.com\/elparque\/wp-json\/wp\/v2\/product_cat?post=209234"},{"taxonomy":"product_tag","embeddable":true,"href":"https:\/\/desdropi.com\/elparque\/wp-json\/wp\/v2\/product_tag?post=209234"}],"curies":[{"name":"wp","href":"https:\/\/api.w.org\/{rel}","templated":true}]}}