{"id":209246,"date":"2023-11-23T13:03:30","date_gmt":"2023-11-23T12:03:30","guid":{"rendered":"https:\/\/desdropi.com\/elparque\/?post_type=product&#038;p=209246"},"modified":"2024-05-18T23:52:52","modified_gmt":"2024-05-18T21:52:52","slug":"aspirador-robot-cecotec-05866-conga-999-origin","status":"publish","type":"product","link":"https:\/\/desdropi.com\/elparque\/aspirador-robot-cecotec-05866-conga-999-origin\/","title":{"rendered":"Aspirador ROBOT CECOTEC 05866 CONGA 999 ORIGIN"},"content":{"rendered":"<div class=\"descripcion-tab\">\n<strong>Descripci\u00f3n<\/strong><\/p>\n<ul>\n<li>iTech 3.0: limpieza eficiente gracias a su navegaci\u00f3n reactiva con sensores de proximidad, antichoque y antica\u00edda.<\/li>\n<li>Clean Suction: gran boca de succi\u00f3n sin cepilllo central, pensado para evitar enredos.<\/li>\n<li>5 in 1: barre, aspira, pasa la mopa, friega y seca el suelo.<\/li>\n<li>ForceClean 1000 Pa: maximiza su gran potencia de succi\u00f3n.<\/li>\n<li>Autonom\u00eda de hasta 120 minutos.<\/li>\n<li>5 programas de limpieza: auto, random, bordes, espiral, habitaci\u00f3n y manual.<\/li>\n<li>Dry Clean secado del suelo despu\u00e9s de fregar.<\/li>\n<li>Dos cepillos laterales: aumenta el alcance de barrido para una limpieza m\u00e1s eficaz.<\/li>\n<li>iWater: fregado inteligente con 2 niveles de caudal de agua (Bajo y alto)<\/li>\n<li>APP CECOTEC: controla el robot desde la app de Cecotec y desde cualquier lugar con tu smartphone<\/li>\n<li>Sistema All-TimeTable para poder programarlo 24 horas al d\u00eda 7 d\u00edas a la semana.<\/li>\n<li>Mando a distancia para un control f\u00e1cil e intuitivo.<\/li>\n<li>Cuenta con un filtro de alta eficiencia capaz de retener al\u00e9rgenos y polvo.<\/li>\n<\/ul>\n<p><strong>Composici\u00f3n<\/strong><\/p>\n<ul>\n<li>2 Mopas<\/li>\n<li>2 cepillos laterales<\/li>\n<li>Cepillo de autolimpieza<\/li>\n<li>Dep\u00f3sito mixto<\/li>\n<li>Filtro de alta eficiencia<\/li>\n<li>Manual de instrucciones<\/li>\n<li>Robot aspirador<\/li>\n<\/ul>\n<\/div>\n","protected":false},"excerpt":{"rendered":"<p>Descripci\u00f3n iTech 3.0: limpieza eficiente gracias a su navegaci\u00f3n reactiva con sensores de proximidad, antichoque y antica\u00edda. Clean Suction: gran<\/p>\n","protected":false},"featured_media":209249,"comment_status":"open","ping_status":"closed","template":"","meta":{"_joinchat":[]},"product_cat":[825,6513,6515],"product_tag":[],"class_list":{"0":"post-209246","1":"product","2":"type-product","3":"status-publish","4":"has-post-thumbnail","6":"product_cat-pequeno-electrodomestico","7":"product_cat-aspiracion-y-limpieza","8":"product_cat-robots-aspiradores","9":"pa_marca-cecotec","11":"first","12":"instock","13":"sale","14":"taxable","15":"shipping-taxable","16":"purchasable","17":"product-type-simple"},"_links":{"self":[{"href":"https:\/\/desdropi.com\/elparque\/wp-json\/wp\/v2\/product\/209246"}],"collection":[{"href":"https:\/\/desdropi.com\/elparque\/wp-json\/wp\/v2\/product"}],"about":[{"href":"https:\/\/desdropi.com\/elparque\/wp-json\/wp\/v2\/types\/product"}],"replies":[{"embeddable":true,"href":"https:\/\/desdropi.com\/elparque\/wp-json\/wp\/v2\/comments?post=209246"}],"version-history":[{"count":0,"href":"https:\/\/desdropi.com\/elparque\/wp-json\/wp\/v2\/product\/209246\/revisions"}],"wp:featuredmedia":[{"embeddable":true,"href":"https:\/\/desdropi.com\/elparque\/wp-json\/wp\/v2\/media\/209249"}],"wp:attachment":[{"href":"https:\/\/desdropi.com\/elparque\/wp-json\/wp\/v2\/media?parent=209246"}],"wp:term":[{"taxonomy":"product_cat","embeddable":true,"href":"https:\/\/desdropi.com\/elparque\/wp-json\/wp\/v2\/product_cat?post=209246"},{"taxonomy":"product_tag","embeddable":true,"href":"https:\/\/desdropi.com\/elparque\/wp-json\/wp\/v2\/product_tag?post=209246"}],"curies":[{"name":"wp","href":"https:\/\/api.w.org\/{rel}","templated":true}]}}