{"id":209336,"date":"2023-11-23T19:08:34","date_gmt":"2023-11-23T18:08:34","guid":{"rendered":"https:\/\/desdropi.com\/elparque\/?post_type=product&#038;p=209336"},"modified":"2025-04-14T09:30:14","modified_gmt":"2025-04-14T07:30:14","slug":"ironhero-3200-station-centro-de-planchado-horizontal-01865","status":"publish","type":"product","link":"https:\/\/desdropi.com\/elparque\/ironhero-3200-station-centro-de-planchado-horizontal-01865\/","title":{"rendered":"Centro de planchado horizontal 01865 IronHero 3200 Station"},"content":{"rendered":"<div class=\"descripcion-tab\"><strong>Descripci\u00f3n<\/strong><\/p>\n<ul>\n<li>Centro de planchado ultrapotente que gracias a su presi\u00f3n de 8 bares es capaz de hacer frente hasta las arrugas m\u00e1s dif\u00edciles.<\/li>\n<li>Bomba de agua autom\u00e1tica, mejorando tu experiencia frente a cualquier plancha horizontal del mercado.<\/li>\n<li>Potente centro de planchado con 3200 W, lo que te asegura un r\u00e1pido calentamiento de la plancha y un planchado sencillo y eficaz.<\/li>\n<li>Suela cer\u00e1mica ultradeslizante Turbo Slide para ahorrar tiempo en tus sesiones de planchado, gracias a una distribuci\u00f3n homog\u00e9nea del vapor y del calor.<\/li>\n<li>Con sus 150 g\/min de vapor continuo obtendr\u00e1s resultados profesionales, como los de un centro de planchado profesional.<\/li>\n<li>Golpe de vapor de 420 g\/min para acabar con todas las arrugas de una pasada.<\/li>\n<li>Sistema antigoteo para obtener resultados limpios y sin manchas de agua.<\/li>\n<li>Di adi\u00f3s a las manchas de cal y disfruta de tu centro de planchado siempre a pleno rendimiento gracias a su sistema de autolimpieza Cyclo Clean y su filtro antical.<\/li>\n<li>Sistema de seguridad de autoapagado contra sobrecalentamientos.<\/li>\n<\/ul>\n<p><strong>Composici\u00f3n<\/strong><\/p>\n<ul>\n<li>Centro de planchado horizontal.<\/li>\n<li>Manual de instrucciones.<\/li>\n<\/ul>\n<\/div>\n","protected":false},"excerpt":{"rendered":"<p>Descripci\u00f3n Centro de planchado ultrapotente que gracias a su presi\u00f3n de 8 bares es capaz de hacer frente hasta las<\/p>\n","protected":false},"featured_media":209337,"comment_status":"open","ping_status":"closed","template":"","meta":{"_joinchat":[]},"product_cat":[6503,6535,825],"product_tag":[],"class_list":{"0":"post-209336","1":"product","2":"type-product","3":"status-publish","4":"has-post-thumbnail","6":"product_cat-planchado-y-ropa","7":"product_cat-centros-de-planchado","8":"product_cat-pequeno-electrodomestico","9":"pa_marca-cecotec","11":"first","12":"instock","13":"taxable","14":"shipping-taxable","15":"purchasable","16":"product-type-simple"},"_links":{"self":[{"href":"https:\/\/desdropi.com\/elparque\/wp-json\/wp\/v2\/product\/209336"}],"collection":[{"href":"https:\/\/desdropi.com\/elparque\/wp-json\/wp\/v2\/product"}],"about":[{"href":"https:\/\/desdropi.com\/elparque\/wp-json\/wp\/v2\/types\/product"}],"replies":[{"embeddable":true,"href":"https:\/\/desdropi.com\/elparque\/wp-json\/wp\/v2\/comments?post=209336"}],"version-history":[{"count":1,"href":"https:\/\/desdropi.com\/elparque\/wp-json\/wp\/v2\/product\/209336\/revisions"}],"predecessor-version":[{"id":224948,"href":"https:\/\/desdropi.com\/elparque\/wp-json\/wp\/v2\/product\/209336\/revisions\/224948"}],"wp:featuredmedia":[{"embeddable":true,"href":"https:\/\/desdropi.com\/elparque\/wp-json\/wp\/v2\/media\/209337"}],"wp:attachment":[{"href":"https:\/\/desdropi.com\/elparque\/wp-json\/wp\/v2\/media?parent=209336"}],"wp:term":[{"taxonomy":"product_cat","embeddable":true,"href":"https:\/\/desdropi.com\/elparque\/wp-json\/wp\/v2\/product_cat?post=209336"},{"taxonomy":"product_tag","embeddable":true,"href":"https:\/\/desdropi.com\/elparque\/wp-json\/wp\/v2\/product_tag?post=209336"}],"curies":[{"name":"wp","href":"https:\/\/api.w.org\/{rel}","templated":true}]}}