{"id":209360,"date":"2023-11-23T23:58:50","date_gmt":"2023-11-23T22:58:50","guid":{"rendered":"https:\/\/desdropi.com\/elparque\/freidora-aire-cecotec-04996-dual-9000\/"},"modified":"2024-05-18T23:56:09","modified_gmt":"2024-05-18T21:56:09","slug":"freidora-aire-cecotec-04996-dual-9000","status":"publish","type":"product","link":"https:\/\/desdropi.com\/elparque\/freidora-aire-cecotec-04996-dual-9000\/","title":{"rendered":"freidora aire cecotec 04996 dual 9000"},"content":{"rendered":"<div class=\"descripcion-tab\">\n<strong>Descripci\u00f3n<\/strong><\/p>\n<ul>\n<li>Freidora diet\u00e9tica digital y compacta sin aceite de 9 L de capacidad, con temperatura dual, tecnolog\u00eda PerfectCook y opci\u00f3n de dividir la cubeta en dos de 4,5 L de capacidad.<\/li>\n<li>Freidora diet\u00e9tica que permite cocinar con muy poco aceite, consiguiendo unos resultados m\u00e1s sanos.<\/li>\n<li>Pared divisoria m\u00f3vil que permite optar por cocinar gran cantidad de alimentos con una cubeta de 9L o 2 cubetas de 4,5 L.<\/li>\n<li>2850 W de potencia para cocinar de manera r\u00e1pida todos los platos.<\/li>\n<li>Freidora diet\u00e9tica con doble cestillo y temperatura dual, cocina dos platos a la vez.<\/li>\n<li>Resultados excepcionales en todas las recetas gracias a la tecnolog\u00eda PerfectCook de aire caliente que circula por el interior y sale por los orificios traseros.<\/li>\n<li>Regulaci\u00f3n de temperatura desde 80\u00baC hasta 200 \u00baC.<\/li>\n<li>Dise\u00f1o moderno y compacto con un panel de control t\u00e1ctil multifunci\u00f3n para controlar el funcionamiento.<br \/>\n6 modos preconfigurados que establecen el tiempo y la temperatura necesarios para cocinar distintos tipos de alimentos.<\/li>\n<li>Tiempo ajustable de 0 a 60 minutos.<\/li>\n<li>Protecci\u00f3n contra sobrecalentamiento.<\/li>\n<li>Temporizador de funcionamiento.<\/li>\n<li>Base antideslizante para favorecer su apoyo durante el funcionamiento.<\/li>\n<li>La longitud del cable de alimentaci\u00f3n expuesto es de 75 cm.<\/li>\n<\/ul>\n<p><strong>Composici\u00f3n<\/strong><\/p>\n<ul>\n<li>Freidora sin aceite.<\/li>\n<li>Cestillo.<\/li>\n<li>Rejilla.<\/li>\n<li>Manual de instrucciones.<\/li>\n<\/ul>\n<\/div>\n","protected":false},"excerpt":{"rendered":"<p>Descripci\u00f3n Freidora diet\u00e9tica digital y compacta sin aceite de 9 L de capacidad, con temperatura dual, tecnolog\u00eda PerfectCook y opci\u00f3n<\/p>\n","protected":false},"featured_media":209361,"comment_status":"open","ping_status":"closed","template":"","meta":{"_joinchat":[]},"product_cat":[6436,825,831,844],"product_tag":[],"class_list":{"0":"post-209360","1":"product","2":"type-product","3":"status-publish","4":"has-post-thumbnail","6":"product_cat-freidoras-de-aire-freidoras","7":"product_cat-pequeno-electrodomestico","8":"product_cat-accesorios-de-cocina","9":"product_cat-freidoras","10":"pa_marca-cecotec","12":"first","13":"instock","14":"taxable","15":"shipping-taxable","16":"purchasable","17":"product-type-simple"},"_links":{"self":[{"href":"https:\/\/desdropi.com\/elparque\/wp-json\/wp\/v2\/product\/209360"}],"collection":[{"href":"https:\/\/desdropi.com\/elparque\/wp-json\/wp\/v2\/product"}],"about":[{"href":"https:\/\/desdropi.com\/elparque\/wp-json\/wp\/v2\/types\/product"}],"replies":[{"embeddable":true,"href":"https:\/\/desdropi.com\/elparque\/wp-json\/wp\/v2\/comments?post=209360"}],"version-history":[{"count":0,"href":"https:\/\/desdropi.com\/elparque\/wp-json\/wp\/v2\/product\/209360\/revisions"}],"wp:featuredmedia":[{"embeddable":true,"href":"https:\/\/desdropi.com\/elparque\/wp-json\/wp\/v2\/media\/209361"}],"wp:attachment":[{"href":"https:\/\/desdropi.com\/elparque\/wp-json\/wp\/v2\/media?parent=209360"}],"wp:term":[{"taxonomy":"product_cat","embeddable":true,"href":"https:\/\/desdropi.com\/elparque\/wp-json\/wp\/v2\/product_cat?post=209360"},{"taxonomy":"product_tag","embeddable":true,"href":"https:\/\/desdropi.com\/elparque\/wp-json\/wp\/v2\/product_tag?post=209360"}],"curies":[{"name":"wp","href":"https:\/\/api.w.org\/{rel}","templated":true}]}}