{"id":209397,"date":"2023-11-24T23:52:02","date_gmt":"2023-11-24T22:52:02","guid":{"rendered":"https:\/\/desdropi.com\/elparque\/batidora-varilla-cecotec-04290-power-titanblack-1200-xl\/"},"modified":"2025-04-14T09:30:37","modified_gmt":"2025-04-14T07:30:37","slug":"batidora-varilla-cecotec-04290-power-titanblack-1200-xl","status":"publish","type":"product","link":"https:\/\/desdropi.com\/elparque\/batidora-varilla-cecotec-04290-power-titanblack-1200-xl\/","title":{"rendered":"batidora varilla cecotec 04290 power titanblack 1200 xl"},"content":{"rendered":"<div class=\"descripcion-tab\">\n<strong>Descripci\u00f3n<\/strong><\/p>\n<ul>\n<li>Cecotec Batidora de mano Power TitanBlack 1200 XL de 1200 W, tecnolog\u00eda CrossBlades con cuchillas de 4 hojas con recubrimiento de titanio negro, pie XL extralargo, campana antisalpicaduras y selector de velocidad progresivo con funci\u00f3n Turbo. Incluye vaso de 800 ml con tapa.<\/li>\n<li>Batidora de mano con 1200 W de potencia m\u00e1xima, perfecta para conseguir mezclas finas y homog\u00e9neas de forma r\u00e1pida y sin esfuerzos.<\/li>\n<li>Tecnolog\u00eda CrossBlades: cuchilla de 4 hojas con recubrimiento de titanio negro, que aumenta la dureza y el afilado para triturar hasta los alimentos m\u00e1s duros, logrando texturas suaves y uniformes.<\/li>\n<li>Modelo XL con pie extralargo para un mayor alcance y comodidad. Evita salpicaduras.<\/li>\n<li>Campana con dise\u00f1o antisalpicaduras que permite un uso m\u00e1s limpio al batir y triturar a la vez sin salpicar el \u00e1rea de trabajo.<\/li>\n<li>Sistema Fix Plus que garantiza un f\u00e1cil acople y desmontaje del pie y de los accesorios.<\/li>\n<li>Selector de velocidad ajustable y funci\u00f3n Turbo para garantizar un triturado perfecto en cualquier receta.<\/li>\n<li>Bate, pica y tritura todo tipo de alimentos en el menor tiempo, incluso los m\u00e1s duros como el hielo.<\/li>\n<li>Dise\u00f1o y botones ergon\u00f3micos que facilitan un uso prolongado sin desgaste.<\/li>\n<li>Recubrimiento Soft Touch: mayor control con el agarre de tacto suave que se adapta a tu mano.<\/li>\n<li>F\u00e1cil limpieza: accesorios aptos para el lavavajillas.<\/li>\n<li>Luces LED con indicador de funcionamiento.<\/li>\n<li>Vaso medidor de 800 ml libre de BPA para poder preparar tus elaboraciones c\u00f3modamente. Incluye tapa.<\/li>\n<\/ul>\n<p><strong>Composici\u00f3n<\/strong><\/p>\n<ul>\n<li>Batidora de mano<\/li>\n<li>Vaso de 800 ml con tapa<\/li>\n<li>Manual de instrucciones<\/li>\n<\/ul>\n<\/div>\n","protected":false},"excerpt":{"rendered":"<p>Descripci\u00f3n Cecotec Batidora de mano Power TitanBlack 1200 XL de 1200 W, tecnolog\u00eda CrossBlades con cuchillas de 4 hojas con<\/p>\n","protected":false},"featured_media":194030,"comment_status":"open","ping_status":"closed","template":"","meta":{"_joinchat":[]},"product_cat":[6500,825,831,851],"product_tag":[],"class_list":{"0":"post-209397","1":"product","2":"type-product","3":"status-publish","4":"has-post-thumbnail","6":"product_cat-de-varilla","7":"product_cat-pequeno-electrodomestico","8":"product_cat-accesorios-de-cocina","9":"product_cat-batidoras-cocina","10":"pa_marca-cecotec","12":"first","13":"instock","14":"taxable","15":"shipping-taxable","16":"purchasable","17":"product-type-simple"},"_links":{"self":[{"href":"https:\/\/desdropi.com\/elparque\/wp-json\/wp\/v2\/product\/209397"}],"collection":[{"href":"https:\/\/desdropi.com\/elparque\/wp-json\/wp\/v2\/product"}],"about":[{"href":"https:\/\/desdropi.com\/elparque\/wp-json\/wp\/v2\/types\/product"}],"replies":[{"embeddable":true,"href":"https:\/\/desdropi.com\/elparque\/wp-json\/wp\/v2\/comments?post=209397"}],"version-history":[{"count":1,"href":"https:\/\/desdropi.com\/elparque\/wp-json\/wp\/v2\/product\/209397\/revisions"}],"predecessor-version":[{"id":224847,"href":"https:\/\/desdropi.com\/elparque\/wp-json\/wp\/v2\/product\/209397\/revisions\/224847"}],"wp:featuredmedia":[{"embeddable":true,"href":"https:\/\/desdropi.com\/elparque\/wp-json\/wp\/v2\/media\/194030"}],"wp:attachment":[{"href":"https:\/\/desdropi.com\/elparque\/wp-json\/wp\/v2\/media?parent=209397"}],"wp:term":[{"taxonomy":"product_cat","embeddable":true,"href":"https:\/\/desdropi.com\/elparque\/wp-json\/wp\/v2\/product_cat?post=209397"},{"taxonomy":"product_tag","embeddable":true,"href":"https:\/\/desdropi.com\/elparque\/wp-json\/wp\/v2\/product_tag?post=209397"}],"curies":[{"name":"wp","href":"https:\/\/api.w.org\/{rel}","templated":true}]}}