{"id":209571,"date":"2023-11-28T23:22:45","date_gmt":"2023-11-28T22:22:45","guid":{"rendered":"https:\/\/desdropi.com\/elparque\/congelador-verticales-balay-3gff563me-186x60-nf-inox-mate-238414\/"},"modified":"2024-05-18T23:24:08","modified_gmt":"2024-05-18T21:24:08","slug":"congelador-verticales-balay-3gff563me-186x60-nf-inox-mate-238414","status":"publish","type":"product","link":"https:\/\/desdropi.com\/elparque\/congelador-verticales-balay-3gff563me-186x60-nf-inox-mate-238414\/","title":{"rendered":"congelador verticales balay 3gff563me 186&#215;60 nf inox mate 238414"},"content":{"rendered":"<div class=\"descripcion-tab\">\n<p><strong>Peso y Dimensiones<\/strong><\/p>\n<ul>\n<li>Ancho: 600 mm<\/li>\n<li>Profundidad: 650 mm<\/li>\n<li>Altura: 1860 mm<\/li>\n<li>Peso: 71 kg<\/li>\n<li>Profundidad con Puerta Abierta: 119,5 mm<\/li>\n<li>Altura del Paquete: 1900 mm<\/li>\n<li>Ancho del Paquete: 650 mm<\/li>\n<li>Profundidad del Paquete: 740 mm<\/li>\n<li>Peso del Paquete: 73 kg<\/li>\n<\/ul>\n<p><strong>Control de Energ\u00eda<\/strong><\/p>\n<ul>\n<li>Escala de Eficiencia Energ\u00e9tica: De A a G<\/li>\n<li>Consumo de Energ\u00eda Anual: 237 kWh<\/li>\n<li>Carga Conectada: 75 W<\/li>\n<li>Corriente: 10 A<\/li>\n<li>Voltaje de Entrada AC: 220 &#8211; 240 V<\/li>\n<li>Clase de Eficiencia de Energ\u00eda: F<\/li>\n<\/ul>\n<p><strong>Ergonom\u00eda<\/strong><\/p>\n<ul>\n<li>Longitud del Cable: 2,3 m<\/li>\n<li>Alarma de Puerta Abierta: S\u00ed<\/li>\n<li>Alarma de Temperatura: S\u00ed<\/li>\n<li>Luz Interior: No<\/li>\n<\/ul>\n<p><strong>Dise\u00f1o<\/strong><\/p>\n<ul>\n<li>Congelador, N\u00famero de Compartimientos: 7<\/li>\n<li>Material de Estantes: Vidrio Templado<\/li>\n<li>Pantalla Incorporada: S\u00ed<\/li>\n<li>Tipo de Visualizador: LED<\/li>\n<li>Colocaci\u00f3n del Electrodom\u00e9stico: Independiente<\/li>\n<li>Tipo: Vertical<\/li>\n<li>Bisagra para Puerta: Derecha<\/li>\n<li>Puertas Reversibles: S\u00ed<\/li>\n<li>Certificaci\u00f3n: CE, VDE<\/li>\n<li>Posicionamiento de Mercado: Gabinete<\/li>\n<li>Color del Producto: Acero Inoxidable<\/li>\n<\/ul>\n<p><strong>Desempe\u00f1o<\/strong><\/p>\n<ul>\n<li>Sistema de Descongelado: S\u00ed<\/li>\n<li>Funci\u00f3n de Congelado R\u00e1pido: S\u00ed<\/li>\n<li>Cubiteras: S\u00ed<\/li>\n<li>Descongelaci\u00f3n Autom\u00e1tica (Congelador): S\u00ed<\/li>\n<li>Congelador, Capacidad Neta: 242 L<\/li>\n<li>Tiempo de Almacenamiento en Caso de Fallo de Alimentaci\u00f3n: 25 h<\/li>\n<li>\u00cdndice Star: 4*<\/li>\n<li>Capacidad de Congelaci\u00f3n: 20 kg\/24h<\/li>\n<li>Clase Clim\u00e1tica: SN-T<\/li>\n<li>Nivel de Ruido: 40 dB<\/li>\n<li>Intervalo de Temperatura Operativa: 10\u00b0C &#8211; 43\u00b0C<\/li>\n<\/ul>\n<\/div>\n","protected":false},"excerpt":{"rendered":"<p><a href=\"https:\/\/www.eldisser.com\/etiquetaEnergetica\/00BLANCA\/CONG.VERTICAL\/BALAY\/238414.pdf\"><img decoding=\"async\" class=\"alignnone wp-image-205616 size-full\" src=\"https:\/\/desdropi.com\/elparque\/wp-content\/uploads\/eficiencia-F.png\" alt=\"\" width=\"56\" height=\"33\" \/><\/a><\/p>\n","protected":false},"featured_media":209572,"comment_status":"open","ping_status":"closed","template":"","meta":{"_joinchat":[]},"product_cat":[6449,6450,780],"product_tag":[],"class_list":{"0":"post-209571","1":"product","2":"type-product","3":"status-publish","4":"has-post-thumbnail","6":"product_cat-congeladores","7":"product_cat-verticales","8":"product_cat-gran-electrodomestico","9":"pa_marca-balay","10":"pa_nofrost-si","12":"first","13":"instock","14":"taxable","15":"shipping-taxable","16":"purchasable","17":"product-type-simple"},"_links":{"self":[{"href":"https:\/\/desdropi.com\/elparque\/wp-json\/wp\/v2\/product\/209571"}],"collection":[{"href":"https:\/\/desdropi.com\/elparque\/wp-json\/wp\/v2\/product"}],"about":[{"href":"https:\/\/desdropi.com\/elparque\/wp-json\/wp\/v2\/types\/product"}],"replies":[{"embeddable":true,"href":"https:\/\/desdropi.com\/elparque\/wp-json\/wp\/v2\/comments?post=209571"}],"version-history":[{"count":0,"href":"https:\/\/desdropi.com\/elparque\/wp-json\/wp\/v2\/product\/209571\/revisions"}],"wp:featuredmedia":[{"embeddable":true,"href":"https:\/\/desdropi.com\/elparque\/wp-json\/wp\/v2\/media\/209572"}],"wp:attachment":[{"href":"https:\/\/desdropi.com\/elparque\/wp-json\/wp\/v2\/media?parent=209571"}],"wp:term":[{"taxonomy":"product_cat","embeddable":true,"href":"https:\/\/desdropi.com\/elparque\/wp-json\/wp\/v2\/product_cat?post=209571"},{"taxonomy":"product_tag","embeddable":true,"href":"https:\/\/desdropi.com\/elparque\/wp-json\/wp\/v2\/product_tag?post=209571"}],"curies":[{"name":"wp","href":"https:\/\/api.w.org\/{rel}","templated":true}]}}