{"id":209585,"date":"2023-11-29T00:00:42","date_gmt":"2023-11-28T23:00:42","guid":{"rendered":"https:\/\/desdropi.com\/elparque\/lavadora-cecotec-02465-7kg-1400rpm-clase-a\/"},"modified":"2024-05-18T23:58:07","modified_gmt":"2024-05-18T21:58:07","slug":"lavadora-cecotec-02465-7kg-1400rpm-clase-a","status":"publish","type":"product","link":"https:\/\/desdropi.com\/elparque\/lavadora-cecotec-02465-7kg-1400rpm-clase-a\/","title":{"rendered":"lavadora cecotec 02465 7kg 1400rpm clase\/a"},"content":{"rendered":"<div class=\"descripcion-tab\">\n<p><strong>Descripci\u00f3n<\/strong><\/p>\n<ul>\n<li>Capacidad 7 kg. Ideal para familias.<br \/>\n16 programas. Mixto, Algod\u00f3n, S\u00faper r\u00e1pido, Eco 40-60, Lana, Prelavado, Camisetas, Deporte, Intensivo, Cama, Antial\u00e9rgico, Centrifugado\/Drenaje, Centrifugado, Limpieza tambor, Delicado, Algod\u00f3n 20\u00baC.<\/li>\n<li>Clase A. Ahorra en tu lavadora al tener la m\u00e1xima eficiencia energ\u00e9tica.<\/li>\n<li>Motor inverter plus. Ahorro de energ\u00eda con disminuci\u00f3n de vibraciones y ruido. Gracias al motor<\/li>\n<li>Inverter la lavadora har\u00e1 menos ruido durante su funcionamiento, sobre todo en la fase de centrifugado y lavado. Adem\u00e1s favorece al ahorro energ\u00e9tico.<\/li>\n<li>SteamMax. Asegura la limpieza mediante vapor, consiguiendo llegar hasta las manchas m\u00e1s dif\u00edciles y dejar tu ropa como el primer d\u00eda.<\/li>\n<li>Pearl Drum. Especial textura en forma de copo de nieve del tambor que facilita, y mejora el secado y el deslizamiento de las prendas.<\/li>\n<li>Delay Start. Programa la hora a la que quieres que termine tu lavadora. Planifica tu lavado para que empiece en el momento del d\u00eda que m\u00e1s se adapte a tu horario.<\/li>\n<li>Drum Clean. El tambor se limpia solo para evitar la acumulaci\u00f3n de bacterias. Libre de suciedad y malos olores.<\/li>\n<li>Display. Maneja y lleva el control de tu lavadora.<\/li>\n<li>Allergy Care. Antes de cada lavado esteriliza mediante vapor al 99,9%, destacando principalmente en lavados de agua fr\u00eda. Deja tu ropa 100% libre de g\u00e9rmenes y bacterias y mantenla como el primer d\u00eda.<\/li>\n<li>Funci\u00f3n Stop&amp;Go. Para la lavadora durante su funcionamiento para recargarla. Si te has olvidado de meter algo, o quieres sacar algo, una vez empezado el programa, podr\u00e1s pararla y abrirla para retirar algo o recargarla.<\/li>\n<\/ul>\n<p><strong>Composici\u00f3n<\/strong><\/p>\n<ul>\n<li>Lavadora<\/li>\n<li>Manguera de suministro de agua<\/li>\n<li>Manual de usuario<\/li>\n<li>Patas de transporte<\/li>\n<\/ul>\n<\/div>\n","protected":false},"excerpt":{"rendered":"<p><a href=\"https:\/\/media.cecotec.cloud\/02465\/energy_information\/lavadora-bolero-dresscode-7500-inverter-a.jpg\"><img decoding=\"async\" class=\"alignnone wp-image-205400 size-full\" src=\"https:\/\/desdropi.com\/elparque\/wp-content\/uploads\/eficiencia-A.png\" alt=\"\" width=\"56\" height=\"33\" \/>\u00a0<\/a><u><a href=\"https:\/\/eprel.ec.europa.eu\/informationsheet\/Fiche_1445645_ES.pdf\" target=\"_blank\" rel=\"noopener\">Ficha de informaci\u00f3n de producto<\/a><\/u><\/p>\n","protected":false},"featured_media":209586,"comment_status":"open","ping_status":"closed","template":"","meta":{"_joinchat":[]},"product_cat":[6444,6443,780],"product_tag":[],"class_list":{"0":"post-209585","1":"product","2":"type-product","3":"status-publish","4":"has-post-thumbnail","6":"product_cat-carga-frontal-lavadoras","7":"product_cat-lavadoras","8":"product_cat-gran-electrodomestico","9":"pa_marca-cecotec-g-blanca","11":"first","12":"instock","13":"taxable","14":"shipping-taxable","15":"purchasable","16":"product-type-simple"},"_links":{"self":[{"href":"https:\/\/desdropi.com\/elparque\/wp-json\/wp\/v2\/product\/209585"}],"collection":[{"href":"https:\/\/desdropi.com\/elparque\/wp-json\/wp\/v2\/product"}],"about":[{"href":"https:\/\/desdropi.com\/elparque\/wp-json\/wp\/v2\/types\/product"}],"replies":[{"embeddable":true,"href":"https:\/\/desdropi.com\/elparque\/wp-json\/wp\/v2\/comments?post=209585"}],"version-history":[{"count":0,"href":"https:\/\/desdropi.com\/elparque\/wp-json\/wp\/v2\/product\/209585\/revisions"}],"wp:featuredmedia":[{"embeddable":true,"href":"https:\/\/desdropi.com\/elparque\/wp-json\/wp\/v2\/media\/209586"}],"wp:attachment":[{"href":"https:\/\/desdropi.com\/elparque\/wp-json\/wp\/v2\/media?parent=209585"}],"wp:term":[{"taxonomy":"product_cat","embeddable":true,"href":"https:\/\/desdropi.com\/elparque\/wp-json\/wp\/v2\/product_cat?post=209585"},{"taxonomy":"product_tag","embeddable":true,"href":"https:\/\/desdropi.com\/elparque\/wp-json\/wp\/v2\/product_tag?post=209585"}],"curies":[{"name":"wp","href":"https:\/\/api.w.org\/{rel}","templated":true}]}}