{"id":209603,"date":"2023-11-29T00:00:42","date_gmt":"2023-11-28T23:00:42","guid":{"rendered":"https:\/\/desdropi.com\/elparque\/frigo-2p-cecotec-02741-895x485-rojo\/"},"modified":"2024-05-18T23:58:16","modified_gmt":"2024-05-18T21:58:16","slug":"frigo-2p-cecotec-02741-895x485-rojo","status":"publish","type":"product","link":"https:\/\/desdropi.com\/elparque\/frigo-2p-cecotec-02741-895x485-rojo\/","title":{"rendered":"frigo 2p cecotec 02741 89,5&#215;48,5 rojo"},"content":{"rendered":"<div class=\"descripcion-tab\">\n<strong>Caracter\u00edsticas del Mini Frigor\u00edfico<\/strong><\/p>\n<ul>\n<li><strong>Gran Capacidad:<\/strong> Con 85 L de capacidad, este mini frigor\u00edfico es ideal para conservar una buena cantidad de bebidas y alimentos bien fr\u00edos. Col\u00f3calo donde desees y ten a mano tus refrescos preferidos.<\/li>\n<li><strong>LED Interior:<\/strong> Cuenta con iluminaci\u00f3n LED en su interior, facilitando la visibilidad y organizaci\u00f3n de los alimentos almacenados.<\/li>\n<li><strong>Bandejas de Cristal:<\/strong> Equipado con bandejas de cristal que proporcionan resistencia y facilitan la limpieza.<\/li>\n<li><strong>Tirador Cromado:<\/strong> Est\u00e1 dise\u00f1ado con un tirador cromado que no solo agrega estilo, sino que tambi\u00e9n facilita la apertura y cierre de la puerta.<\/li>\n<li><strong>Control de Temperatura:<\/strong> Ofrece un control preciso de la temperatura, permiti\u00e9ndote ajustarla seg\u00fan tus necesidades para mantener los alimentos frescos.<\/li>\n<li><strong>Caj\u00f3n para Vegetales:<\/strong> Incluye un caj\u00f3n especial para vegetales, ayudando a conservar su frescura por m\u00e1s tiempo.<\/li>\n<\/ul>\n<p><strong>Composici\u00f3n del Producto<\/strong><\/p>\n<ul>\n<li>Frigor\u00edfico<\/li>\n<li>Manual de Instrucciones<\/li>\n<\/ul>\n<\/div>\n","protected":false},"excerpt":{"rendered":"<p><a href=\"https:\/\/media.cecotec.cloud\/02741\/energy_information\/bolero-coolmarket-2d-origin-85-red.png\"><img decoding=\"async\" class=\"alignnone wp-image-205616 size-full\" src=\"https:\/\/desdropi.com\/elparque\/wp-content\/uploads\/eficiencia-F.png\" alt=\"\" width=\"56\" height=\"33\" \/><\/a><\/p>\n","protected":false},"featured_media":209604,"comment_status":"open","ping_status":"closed","template":"","meta":{"_joinchat":[]},"product_cat":[6448,6441,780],"product_tag":[],"class_list":{"0":"post-209603","1":"product","2":"type-product","3":"status-publish","4":"has-post-thumbnail","6":"product_cat-2-puertas-frigorificos","7":"product_cat-frigorificos","8":"product_cat-gran-electrodomestico","9":"pa_marca-cecotec-g-blanca","11":"first","12":"instock","13":"taxable","14":"shipping-taxable","15":"purchasable","16":"product-type-simple"},"_links":{"self":[{"href":"https:\/\/desdropi.com\/elparque\/wp-json\/wp\/v2\/product\/209603"}],"collection":[{"href":"https:\/\/desdropi.com\/elparque\/wp-json\/wp\/v2\/product"}],"about":[{"href":"https:\/\/desdropi.com\/elparque\/wp-json\/wp\/v2\/types\/product"}],"replies":[{"embeddable":true,"href":"https:\/\/desdropi.com\/elparque\/wp-json\/wp\/v2\/comments?post=209603"}],"version-history":[{"count":0,"href":"https:\/\/desdropi.com\/elparque\/wp-json\/wp\/v2\/product\/209603\/revisions"}],"wp:featuredmedia":[{"embeddable":true,"href":"https:\/\/desdropi.com\/elparque\/wp-json\/wp\/v2\/media\/209604"}],"wp:attachment":[{"href":"https:\/\/desdropi.com\/elparque\/wp-json\/wp\/v2\/media?parent=209603"}],"wp:term":[{"taxonomy":"product_cat","embeddable":true,"href":"https:\/\/desdropi.com\/elparque\/wp-json\/wp\/v2\/product_cat?post=209603"},{"taxonomy":"product_tag","embeddable":true,"href":"https:\/\/desdropi.com\/elparque\/wp-json\/wp\/v2\/product_tag?post=209603"}],"curies":[{"name":"wp","href":"https:\/\/api.w.org\/{rel}","templated":true}]}}