{"id":209640,"date":"2023-11-29T12:10:39","date_gmt":"2023-11-29T11:10:39","guid":{"rendered":"https:\/\/desdropi.com\/elparque\/?post_type=product&#038;p=209640"},"modified":"2024-05-18T23:58:20","modified_gmt":"2024-05-18T21:58:20","slug":"encimera-induccion-silverline-hbi-66-3f-zona-de-30cm","status":"publish","type":"product","link":"https:\/\/desdropi.com\/elparque\/encimera-induccion-silverline-hbi-66-3f-zona-de-30cm\/","title":{"rendered":"Encimera INDUCCION SILVERLINE HBI-66 3F ZONA DE 30CM"},"content":{"rendered":"<div class=\"descripcion-tab\">\n<p><strong>Caracter\u00edsticas Principales<\/strong><\/p>\n<ul>\n<li>Inducci\u00f3n de 3 zonas: eficiencia, rapidez y siempre como nueva<\/li>\n<li><strong>Conectividad<\/strong>\u00a0con campanas Silverline<\/li>\n<li>Gran\u00a0Zona\u00a0Paellera\u00a0de 28 cm y 3,6 kW.<\/li>\n<li>Zona de 18 cm y 2,0\u00a0kW, y Zona de 14,5 cm y 1,6\u00a0kW<\/li>\n<li>Funci\u00f3n\u00a0\u00abPowerBooster\u00bb\u00a0en las 3 zonas<\/li>\n<li>Programaci\u00f3n del tiempo de cocci\u00f3n: apaga la zona de cocci\u00f3n<\/li>\n<li>Bloqueo de seguridad<\/li>\n<li><strong>Funci\u00f3n Pause&amp;Go,\u00a0<\/strong>para detener la cocci\u00f3n durante en tiempos breves, conservando el estado del cocinado<\/li>\n<li>Reconocimiento de recipientes<\/li>\n<li>\u00abVarioZone\u00bb.\u00a0Regula los anillos de potencia de manera autom\u00e1tica en funci\u00f3n de la dimensi\u00f3n del recipiente, permitiendo utilizar tambi\u00e9n recipientes muy peque\u00f1os<\/li>\n<li>Total potencia de cocci\u00f3n 7,2 kW<\/li>\n<\/ul>\n<p>Placa de inducci\u00f3n funcional y segura. Incorpora sistemas como\u00a0desconexi\u00f3n autom\u00e1tica\u00a0si detecta que no se est\u00e1 utilizando, limitaci\u00f3n de horas de funcionamiento y protecciones para evitar sobrecalentamientos.\u00a0Con una zona grande de 28 cm, pero que gracias a la tecnolog\u00eda\u00a0\u00abVarioZone\u00bb\u00a0tambi\u00e9n\u00a0funciona con recipientes peque\u00f1os de hasta 11 cm\u00a0(depende calidad recipiente). As\u00ed, podr\u00e1s siempre utilizar todo el espacio de tu inducci\u00f3n. Con dos zonas\u00a0que te permite cocinar con cazuelas de diversos tama\u00f1os.<\/p>\n<p><strong>Caracter\u00edsticas<\/strong><\/p>\n<ul>\n<li>N\u00famero de Zonas: 3<\/li>\n<li>Tipolog\u00eda de Cocci\u00f3n: Inducci\u00f3n<\/li>\n<li>Marco: \u2013 (No especificado)<\/li>\n<li>Indicador de Calor Residual: S\u00ed<\/li>\n<li>Control Digital T\u00e1ctil: S\u00ed<\/li>\n<li>Deslizador de Control T\u00e1ctil: \u2013 (No especificado)<\/li>\n<li>Temporizador de Fin de Cocci\u00f3n: S\u00ed<\/li>\n<\/ul>\n<p><strong>\u00d8 Zonas de Cocci\u00f3n<\/strong><\/p>\n<ol>\n<li>\u00d8 Zona de Cocci\u00f3n I, VL (Vitro Izquierdo): 28 cm<\/li>\n<li>\u00d8 Zona de Cocci\u00f3n II, VR (Vitro Derecho): 18 cm<\/li>\n<li>\u00d8 Zona de Cocci\u00f3n III, HL (Horno Izquierdo): \u2013 (No especificado)<\/li>\n<li>\u00d8 Zona de Cocci\u00f3n IV, HR (Horno Derecho): 14,5 cm<\/li>\n<\/ol>\n<p><strong>Potencia de las Zonas de Cocci\u00f3n<\/strong><\/p>\n<ul>\n<li>Potencia Zona de Cocci\u00f3n Oval (280 mm \u00d8): 3600 W<\/li>\n<li>Potencia Zona de Cocci\u00f3n 145 mm: 1600 W<\/li>\n<li>Potencia Zona de Cocci\u00f3n 150 mm: \u2013\/- (No especificado)<\/li>\n<li>Potencia Zona de Cocci\u00f3n 160 mm: \u2013\/- (No especificado)<\/li>\n<li>Potencia Zona de Cocci\u00f3n 165 mm \u00d8: \u2013\/- (No especificado)<\/li>\n<li>Potencia Zona de Cocci\u00f3n 180 mm: 2000 W<\/li>\n<li>Potencia Zona de Cocci\u00f3n 200 mm: \u2013\/- (No especificado)<\/li>\n<li>Potencia Zona de Cocci\u00f3n 210 mm: \u2013\/- (No especificado)<\/li>\n<li>Potencia Doble Circuito 180\/120 mm \u00d8: \u2013\/- (No especificado)<\/li>\n<li>Potencia Doble Circuito 220\/140 mm \u00d8: \u2013\/- (No especificado)<\/li>\n<li>Potencia Zona de Cocci\u00f3n 300\/235\/160 mm \u00d8: \u2013\/- (No especificado)<\/li>\n<\/ul>\n<p><strong>Dimensiones<\/strong><\/p>\n<ul>\n<li>Alto x Ancho x Fondo (cm): 6,3 x 59,0 x 52,0<\/li>\n<li>Dimensiones del Embalaje &#8211; Ancho x Alto x Fondo (cm): 8,1 x 69,2 x 56,2<\/li>\n<\/ul>\n<p><strong>Consumo de Energ\u00eda<\/strong><\/p>\n<ul>\n<li>Consumo de Energ\u00eda: 7,2 kW<\/li>\n<\/ul>\n<\/div>\n","protected":false},"excerpt":{"rendered":"<p>Caracter\u00edsticas Principales Inducci\u00f3n de 3 zonas: eficiencia, rapidez y siempre como nueva Conectividad\u00a0con campanas Silverline Gran\u00a0Zona\u00a0Paellera\u00a0de 28 cm y 3,6<\/p>\n","protected":false},"featured_media":209658,"comment_status":"open","ping_status":"closed","template":"","meta":{"_joinchat":[]},"product_cat":[3269,3268,3270],"product_tag":[],"class_list":{"0":"post-209640","1":"product","2":"type-product","3":"status-publish","4":"has-post-thumbnail","6":"product_cat-placas-cocina","7":"product_cat-coccion","8":"product_cat-induccion","9":"pa_marca-silverline","11":"first","12":"instock","13":"taxable","14":"shipping-taxable","15":"purchasable","16":"product-type-simple"},"_links":{"self":[{"href":"https:\/\/desdropi.com\/elparque\/wp-json\/wp\/v2\/product\/209640"}],"collection":[{"href":"https:\/\/desdropi.com\/elparque\/wp-json\/wp\/v2\/product"}],"about":[{"href":"https:\/\/desdropi.com\/elparque\/wp-json\/wp\/v2\/types\/product"}],"replies":[{"embeddable":true,"href":"https:\/\/desdropi.com\/elparque\/wp-json\/wp\/v2\/comments?post=209640"}],"version-history":[{"count":0,"href":"https:\/\/desdropi.com\/elparque\/wp-json\/wp\/v2\/product\/209640\/revisions"}],"wp:featuredmedia":[{"embeddable":true,"href":"https:\/\/desdropi.com\/elparque\/wp-json\/wp\/v2\/media\/209658"}],"wp:attachment":[{"href":"https:\/\/desdropi.com\/elparque\/wp-json\/wp\/v2\/media?parent=209640"}],"wp:term":[{"taxonomy":"product_cat","embeddable":true,"href":"https:\/\/desdropi.com\/elparque\/wp-json\/wp\/v2\/product_cat?post=209640"},{"taxonomy":"product_tag","embeddable":true,"href":"https:\/\/desdropi.com\/elparque\/wp-json\/wp\/v2\/product_tag?post=209640"}],"curies":[{"name":"wp","href":"https:\/\/api.w.org\/{rel}","templated":true}]}}