{"id":209723,"date":"2023-11-30T23:26:02","date_gmt":"2023-11-30T22:26:02","guid":{"rendered":"https:\/\/desdropi.com\/elparque\/cortapelos-irene-rios-ir-red-barber\/"},"modified":"2025-04-13T21:33:07","modified_gmt":"2025-04-13T19:33:07","slug":"cortapelos-irene-rios-ir-red-barber","status":"publish","type":"product","link":"https:\/\/desdropi.com\/elparque\/cortapelos-irene-rios-ir-red-barber\/","title":{"rendered":"cortapelos irene rios ir red barber"},"content":{"rendered":"<div class=\"descripcion-tab\">\n<ul>\n<li>Cortapelos para profesionales de la barber\u00eda y peluquer\u00eda con<\/li>\n<li>Motor potente para uso intensivo.<\/li>\n<li>M\u00e1quina de corte profesional con cable.<\/li>\n<li>Cuchillas de acero inoxidable de gran precisi\u00f3n con palanca de ajuste.<\/li>\n<li>Motor vibrador profesional 6000 rpm.<\/li>\n<li>Para uso intensivo.<\/li>\n<li>Larga duraci\u00f3n.<\/li>\n<li>Todos los estilos de corte.<\/li>\n<li>Incluye protector de cuchilla, peine plano, aceite, cepillo limpieza, 4 peines de pl\u00e1stico encajables:<br \/>\n3mm, 6mm, 10mm y 13 mm.<\/li>\n<li>230V &#8211; 50Hz.<\/li>\n<\/ul>\n<\/div>\n","protected":false},"excerpt":{"rendered":"<p>Cortapelos para profesionales de la barber\u00eda y peluquer\u00eda con Motor potente para uso intensivo. M\u00e1quina de corte profesional con cable.<\/p>\n","protected":false},"featured_media":209826,"comment_status":"open","ping_status":"closed","template":"","meta":{"_joinchat":[]},"product_cat":[6530,6510,825,6097],"product_tag":[],"class_list":{"0":"post-209723","1":"product","2":"type-product","3":"status-publish","4":"has-post-thumbnail","6":"product_cat-cortapelos","7":"product_cat-vello-y-pelo","8":"product_cat-pequeno-electrodomestico","9":"product_cat-cuidado-personal","10":"pa_marca-irene-rios","12":"first","13":"instock","14":"taxable","15":"shipping-taxable","16":"purchasable","17":"product-type-simple"},"_links":{"self":[{"href":"https:\/\/desdropi.com\/elparque\/wp-json\/wp\/v2\/product\/209723"}],"collection":[{"href":"https:\/\/desdropi.com\/elparque\/wp-json\/wp\/v2\/product"}],"about":[{"href":"https:\/\/desdropi.com\/elparque\/wp-json\/wp\/v2\/types\/product"}],"replies":[{"embeddable":true,"href":"https:\/\/desdropi.com\/elparque\/wp-json\/wp\/v2\/comments?post=209723"}],"version-history":[{"count":1,"href":"https:\/\/desdropi.com\/elparque\/wp-json\/wp\/v2\/product\/209723\/revisions"}],"predecessor-version":[{"id":224573,"href":"https:\/\/desdropi.com\/elparque\/wp-json\/wp\/v2\/product\/209723\/revisions\/224573"}],"wp:featuredmedia":[{"embeddable":true,"href":"https:\/\/desdropi.com\/elparque\/wp-json\/wp\/v2\/media\/209826"}],"wp:attachment":[{"href":"https:\/\/desdropi.com\/elparque\/wp-json\/wp\/v2\/media?parent=209723"}],"wp:term":[{"taxonomy":"product_cat","embeddable":true,"href":"https:\/\/desdropi.com\/elparque\/wp-json\/wp\/v2\/product_cat?post=209723"},{"taxonomy":"product_tag","embeddable":true,"href":"https:\/\/desdropi.com\/elparque\/wp-json\/wp\/v2\/product_tag?post=209723"}],"curies":[{"name":"wp","href":"https:\/\/api.w.org\/{rel}","templated":true}]}}