{"id":209727,"date":"2023-11-30T23:38:02","date_gmt":"2023-11-30T22:38:02","guid":{"rendered":"https:\/\/desdropi.com\/elparque\/grill-electrico-kuken-33692-2000w-290x230mm\/"},"modified":"2024-04-07T23:44:56","modified_gmt":"2024-04-07T21:44:56","slug":"grill-electrico-kuken-33692-2000w-290x230mm","status":"publish","type":"product","link":"https:\/\/desdropi.com\/elparque\/grill-electrico-kuken-33692-2000w-290x230mm\/","title":{"rendered":"grill electrico kuken 33692 2000w 290x230mm"},"content":{"rendered":"<div class=\"descripcion-tab\">\n<ul>\n<li>Sandwichera el\u00e9ctrica grill con 2000W de potencia.<\/li>\n<li>Acabado en acero inox y negro.<\/li>\n<li>Doble superficie anti-adherente parrilla\/grill con gran resistencia al rayado.<\/li>\n<li>Seguro de apertura a 180\u00ba, para usar la doble superficie.<\/li>\n<li>Parte superior basculante, ajust\u00e1ndose a la perfecci\u00f3n al tama\u00f1o del alimento.<\/li>\n<li>Selector giratorio para regular la temperatura de las planchas de forma manual.<\/li>\n<li>Avisador luminoso de encendido y finalizado.<\/li>\n<li>Sandwichera el\u00e9ctrica grill con asa de tacto fr\u00edo para facilitar la apertura.<\/li>\n<li>Patas de sujeci\u00f3n antideslizantes.<\/li>\n<\/ul>\n<p><strong>Especificaciones<\/strong><\/p>\n<ul>\n<li>Unidad del envase 1.<\/li>\n<li>Color Inox.<\/li>\n<li>Embalaje Caja de color.<\/li>\n<li>Potencia 2000 W.<\/li>\n<li>Voltaje 230 V.<\/li>\n<li>Material Acero inoxidable \/ PC.<\/li>\n<li>Dimensiones (LxAxH): 350x320x130 mm.<\/li>\n<li>Apertura 180\u00ba.<\/li>\n<li>Patas antideslizantes S\u00ed.<\/li>\n<li>Peso 3,27 kg.<\/li>\n<\/ul>\n<\/div>\n","protected":false},"excerpt":{"rendered":"<p>Sandwichera el\u00e9ctrica grill con 2000W de potencia. Acabado en acero inox y negro. Doble superficie anti-adherente parrilla\/grill con gran resistencia<\/p>\n","protected":false},"featured_media":209728,"comment_status":"open","ping_status":"closed","template":"","meta":{"_joinchat":[]},"product_cat":[825,831,899],"product_tag":[],"class_list":{"0":"post-209727","1":"product","2":"type-product","3":"status-publish","4":"has-post-thumbnail","6":"product_cat-pequeno-electrodomestico","7":"product_cat-accesorios-de-cocina","8":"product_cat-grills","9":"pa_marca-kuken-pae","11":"first","12":"instock","13":"taxable","14":"shipping-taxable","15":"purchasable","16":"product-type-simple"},"_links":{"self":[{"href":"https:\/\/desdropi.com\/elparque\/wp-json\/wp\/v2\/product\/209727"}],"collection":[{"href":"https:\/\/desdropi.com\/elparque\/wp-json\/wp\/v2\/product"}],"about":[{"href":"https:\/\/desdropi.com\/elparque\/wp-json\/wp\/v2\/types\/product"}],"replies":[{"embeddable":true,"href":"https:\/\/desdropi.com\/elparque\/wp-json\/wp\/v2\/comments?post=209727"}],"version-history":[{"count":0,"href":"https:\/\/desdropi.com\/elparque\/wp-json\/wp\/v2\/product\/209727\/revisions"}],"wp:featuredmedia":[{"embeddable":true,"href":"https:\/\/desdropi.com\/elparque\/wp-json\/wp\/v2\/media\/209728"}],"wp:attachment":[{"href":"https:\/\/desdropi.com\/elparque\/wp-json\/wp\/v2\/media?parent=209727"}],"wp:term":[{"taxonomy":"product_cat","embeddable":true,"href":"https:\/\/desdropi.com\/elparque\/wp-json\/wp\/v2\/product_cat?post=209727"},{"taxonomy":"product_tag","embeddable":true,"href":"https:\/\/desdropi.com\/elparque\/wp-json\/wp\/v2\/product_tag?post=209727"}],"curies":[{"name":"wp","href":"https:\/\/api.w.org\/{rel}","templated":true}]}}