{"id":209790,"date":"2023-12-01T20:08:33","date_gmt":"2023-12-01T19:08:33","guid":{"rendered":"https:\/\/desdropi.com\/elparque\/?post_type=product&#038;p=209790"},"modified":"2023-12-12T09:00:48","modified_gmt":"2023-12-12T08:00:48","slug":"calentador-centro-ccaapolo10b-low-nox-gas-butano-10-litros","status":"publish","type":"product","link":"https:\/\/desdropi.com\/elparque\/calentador-centro-ccaapolo10b-low-nox-gas-butano-10-litros\/","title":{"rendered":"CALENTADOR CENTRO CCAAPOLO10B LOW NOX GAS BUTANO 10 LITROS"},"content":{"rendered":"<div class=\"descripcion-tab\">\n<ul>\n<li>Centro Confort amplia su gama de calentadores instant\u00e1neos a gas de c\u00e1mara abierta, para ofrecer una mayor adaptabilidad y confort ante cualquier necesidad de suministro de agua caliente sanitaria.<\/li>\n<li>La nueva generaci\u00f3n de calentadores Apolo, independientemente de cumplir los m\u00e1s altos requisitos de respeto al medio ambiente, ofreciendo las m\u00e1s bajas emisiones de NOx gracias a la incorporaci\u00f3n de un quemador refrigerado de \u00faltima tecnolog\u00eda, proporciona el m\u00e1ximo confort.<\/li>\n<li>Otras caracter\u00edsticas que ofrece la nueva gama Apolo son: facilidad de instalaci\u00f3n y sobre todo un muy bajo costo de mantenimiento gracias a la posibilidad de trabajar a bajas temperaturas de salida de agua caliente, evitando, de esta forma, la calcificaci\u00f3n en el sistema hidr\u00e1ulico.<\/li>\n<li>Confort a medida, doble sistema de regulaci\u00f3n: dos mandos en su frontal nos permite la regulaci\u00f3n de potencia m\u00e1xima del quemador de gas y el otro, regulaci\u00f3n de temperatura y caudal, que junto a su precisa modulaci\u00f3n hidr\u00e1ulica proporciona el m\u00e1ximo confort.<\/li>\n<\/ul>\n<p><a href=\"https:\/\/www.centroconfort.eu\/wp-content\/uploads\/2022\/09\/CATALOGO-2022-Apolo.pdf\" rel=\"noopener\"><strong>Ver ficha t\u00e9cnica<\/strong><\/a><\/p>\n<\/div>\n","protected":false},"excerpt":{"rendered":"<p>Centro Confort amplia su gama de calentadores instant\u00e1neos a gas de c\u00e1mara abierta, para ofrecer una mayor adaptabilidad y confort<\/p>\n","protected":false},"featured_media":209792,"comment_status":"open","ping_status":"closed","template":"","meta":{"_joinchat":[]},"product_cat":[4247,6569,6838],"product_tag":[],"class_list":{"0":"post-209790","1":"product","2":"type-product","3":"status-publish","4":"has-post-thumbnail","6":"product_cat-termos-y-calentadores","7":"product_cat-calentadores","8":"product_cat-calentadores-gas-butano","10":"first","11":"instock","12":"taxable","13":"shipping-taxable","14":"purchasable","15":"product-type-simple"},"_links":{"self":[{"href":"https:\/\/desdropi.com\/elparque\/wp-json\/wp\/v2\/product\/209790"}],"collection":[{"href":"https:\/\/desdropi.com\/elparque\/wp-json\/wp\/v2\/product"}],"about":[{"href":"https:\/\/desdropi.com\/elparque\/wp-json\/wp\/v2\/types\/product"}],"replies":[{"embeddable":true,"href":"https:\/\/desdropi.com\/elparque\/wp-json\/wp\/v2\/comments?post=209790"}],"version-history":[{"count":0,"href":"https:\/\/desdropi.com\/elparque\/wp-json\/wp\/v2\/product\/209790\/revisions"}],"wp:featuredmedia":[{"embeddable":true,"href":"https:\/\/desdropi.com\/elparque\/wp-json\/wp\/v2\/media\/209792"}],"wp:attachment":[{"href":"https:\/\/desdropi.com\/elparque\/wp-json\/wp\/v2\/media?parent=209790"}],"wp:term":[{"taxonomy":"product_cat","embeddable":true,"href":"https:\/\/desdropi.com\/elparque\/wp-json\/wp\/v2\/product_cat?post=209790"},{"taxonomy":"product_tag","embeddable":true,"href":"https:\/\/desdropi.com\/elparque\/wp-json\/wp\/v2\/product_tag?post=209790"}],"curies":[{"name":"wp","href":"https:\/\/api.w.org\/{rel}","templated":true}]}}