{"id":209886,"date":"2023-12-11T23:54:47","date_gmt":"2023-12-11T22:54:47","guid":{"rendered":"https:\/\/desdropi.com\/elparque\/frigo-combi-silverline-fre-200nfeb-200x60-cristal-negro\/"},"modified":"2025-04-14T01:33:47","modified_gmt":"2025-04-13T23:33:47","slug":"frigo-combi-silverline-fre-200nfew-200x60-cristal-blanco","status":"publish","type":"product","link":"https:\/\/desdropi.com\/elparque\/frigo-combi-silverline-fre-200nfew-200x60-cristal-blanco\/","title":{"rendered":"frigo combi silverline fre-200nfew 200&#215;60 cristal blanco"},"content":{"rendered":"<div class=\"descripcion-tab\">\n<p><strong>Frigor\u00edfico Combinado de 2 Metros en Cristal Blanco: Elegancia y Eficiencia<\/strong>Nuestro frigor\u00edfico de cristal negro de 2 metros combina estilo y funcionalidad en un solo electrodom\u00e9stico. Su dise\u00f1o elegante lo convierte en el centro de atenci\u00f3n de tu cocina. Con\u00a0<strong>Tecnolog\u00eda ZeroFrost,\u00a0Control Electr\u00f3nico<\/strong>\u00a0y un\u00a0<strong>amplio espacio de almacenamiento<\/strong>, este frigor\u00edfico es tanto una declaraci\u00f3n de estilo como una soluci\u00f3n eficiente para tus necesidades de refrigeraci\u00f3n. Descubre la elegancia y el rendimiento en un solo electrodom\u00e9stico.<\/p>\n<p><strong>Funcionalidades<\/strong><\/p>\n<ul>\n<li>Frigor\u00edfico\u00a0<strong>Combinado de 2 metros Cristal<\/strong><\/li>\n<li><strong>Tecnolog\u00eda ZeroFrost:\u00a0<\/strong>No Frost MultiCool para evitar la formaci\u00f3n de hielo y mantener una temperatura uniforme<\/li>\n<li><strong>Control Electr\u00f3nico<\/strong>\u00a0para ajustar la temperatura con precisi\u00f3n<\/li>\n<li><strong>Display Digital Dual Control<\/strong><\/li>\n<li><strong>Puerta ZeroClearence\u00ae<\/strong>: La puerta enrasada al mueble al abrir permite un acceso sencillo y elegante<\/li>\n<li><strong>Caj\u00f3n ConvertiBox\u00ae<\/strong>\u00a0con v\u00e1lvula de humedad convertible en zona Fresh 0\u00b0C(*)<\/li>\n<\/ul>\n<p><strong>Confort<\/strong><\/p>\n<ul>\n<li>Descongelaci\u00f3n Autom\u00e1tica\u00a0<strong>ZeroFrost\u00a0<\/strong>para un mantenimiento sin complicaciones<\/li>\n<li><strong>Volumen Total: 366 litros<\/strong><\/li>\n<li>Volumen Frigor\u00edfico: 266\u00a0litros<\/li>\n<li>Volumen Congelador: 101\u00a0litros<\/li>\n<li>Clase Clim\u00e1tica (DT\/SN): Ideal para entornos tropicales<\/li>\n<li><strong>Clasificaci\u00f3n Energ\u00e9tica E<\/strong>: Eficiencia energ\u00e9tica equilibrada<\/li>\n<li><strong>Consumo de Energ\u00eda: 0,651 kW\/24h<\/strong><\/li>\n<li>Capacidad de Congelaci\u00f3n: 5 kg\/24h<\/li>\n<li><strong>Nivel de Ruido: 41 dBA<\/strong><\/li>\n<li>Dimensiones (A x P x Al): 595 x 650 x 2010 mm<\/li>\n<li>Tipo de Enchufe: EU (Enchufe est\u00e1ndar europeo)<\/li>\n<\/ul>\n<p><strong>Accesorios<\/strong><\/p>\n<ul>\n<li>Caj\u00f3n\u00a0<strong>ConvertiBox\u00ae plus:\u00a0<\/strong>Fresh con gu\u00edas<\/li>\n<li><strong>Caj\u00f3n verdulero<\/strong> con v\u00e1lvula de humedad y gu\u00edas<\/li>\n<li>Balcon Botellero: 1<\/li>\n<li>Balconeras contrapuerta: 3<\/li>\n<li>Cubitera<\/li>\n<li>Huevera<\/li>\n<\/ul>\n<\/div>\n","protected":false},"excerpt":{"rendered":"<p>Frigor\u00edfico Combinado de 2 Metros en Cristal Blanco: Elegancia y EficienciaNuestro frigor\u00edfico de cristal negro de 2 metros combina estilo<\/p>\n","protected":false},"featured_media":209887,"comment_status":"open","ping_status":"closed","template":"","meta":{"_joinchat":[]},"product_cat":[6442,6441,780],"product_tag":[],"class_list":{"0":"post-209886","1":"product","2":"type-product","3":"status-publish","4":"has-post-thumbnail","6":"product_cat-combis-frigorificos","7":"product_cat-frigorificos","8":"product_cat-gran-electrodomestico","9":"pa_marca-silverline","10":"pa_nofrost-si","12":"first","13":"instock","14":"taxable","15":"shipping-taxable","16":"purchasable","17":"product-type-simple"},"_links":{"self":[{"href":"https:\/\/desdropi.com\/elparque\/wp-json\/wp\/v2\/product\/209886"}],"collection":[{"href":"https:\/\/desdropi.com\/elparque\/wp-json\/wp\/v2\/product"}],"about":[{"href":"https:\/\/desdropi.com\/elparque\/wp-json\/wp\/v2\/types\/product"}],"replies":[{"embeddable":true,"href":"https:\/\/desdropi.com\/elparque\/wp-json\/wp\/v2\/comments?post=209886"}],"version-history":[{"count":1,"href":"https:\/\/desdropi.com\/elparque\/wp-json\/wp\/v2\/product\/209886\/revisions"}],"predecessor-version":[{"id":224865,"href":"https:\/\/desdropi.com\/elparque\/wp-json\/wp\/v2\/product\/209886\/revisions\/224865"}],"wp:featuredmedia":[{"embeddable":true,"href":"https:\/\/desdropi.com\/elparque\/wp-json\/wp\/v2\/media\/209887"}],"wp:attachment":[{"href":"https:\/\/desdropi.com\/elparque\/wp-json\/wp\/v2\/media?parent=209886"}],"wp:term":[{"taxonomy":"product_cat","embeddable":true,"href":"https:\/\/desdropi.com\/elparque\/wp-json\/wp\/v2\/product_cat?post=209886"},{"taxonomy":"product_tag","embeddable":true,"href":"https:\/\/desdropi.com\/elparque\/wp-json\/wp\/v2\/product_tag?post=209886"}],"curies":[{"name":"wp","href":"https:\/\/api.w.org\/{rel}","templated":true}]}}