{"id":209972,"date":"2023-12-13T20:12:50","date_gmt":"2023-12-13T19:12:50","guid":{"rendered":"https:\/\/desdropi.com\/elparque\/?post_type=product&#038;p=209972"},"modified":"2024-05-17T13:01:46","modified_gmt":"2024-05-17T11:01:46","slug":"afeitadora-braun-3-3000bt","status":"publish","type":"product","link":"https:\/\/desdropi.com\/elparque\/afeitadora-braun-3-3000bt\/","title":{"rendered":"Afeitadora BRAUN 3 3000BT"},"content":{"rendered":"<div class=\"descripcion-tab\"><strong>Peso y Dimensiones:<\/strong><\/p>\n<ul>\n<li>Peso: 366 g<\/li>\n<\/ul>\n<p><strong>Control de Energ\u00eda:<\/strong><\/p>\n<ul>\n<li>Fuente de energ\u00eda: Bater\u00eda<\/li>\n<li>Recargable: S\u00ed<\/li>\n<li>Tecnolog\u00eda de bater\u00eda: N\u00edquel-metal hidruro (NiMH)<\/li>\n<li>Tipo de bater\u00eda: Bater\u00eda integrada<\/li>\n<li>Tiempo de funcionamiento: 45 minutos<\/li>\n<li>Tiempo de carga: 1,45 horas<\/li>\n<li>Carga r\u00e1pida: S\u00ed<\/li>\n<li>Tiempo de carga r\u00e1pida: 5 minutos<\/li>\n<li>Voltaje de entrada AC: 100 &#8211; 240 V<\/li>\n<li>Voltaje de la pila: 1 V<\/li>\n<\/ul>\n<p><strong>Empaquetado:<\/strong><\/p>\n<ul>\n<li>Tipo de embalaje: Caja<\/li>\n<li>Cantidad: 1<\/li>\n<\/ul>\n<p><strong>Indicaci\u00f3n:<\/strong><\/p>\n<ul>\n<li>Indicador de limpieza: S\u00ed<\/li>\n<li>Indicador de carga: S\u00ed<\/li>\n<\/ul>\n<p><strong>Contenido del Embalaje:<\/strong><\/p>\n<ul>\n<li>Cargador: S\u00ed<\/li>\n<li>Cepillo de limpieza: S\u00ed<\/li>\n<li>Tapa protectora: S\u00ed<\/li>\n<\/ul>\n<p><strong>Dise\u00f1o:<\/strong><\/p>\n<ul>\n<li>Color del producto: Gris<\/li>\n<li>Pantalla incorporada: S\u00ed<\/li>\n<li>Bloqueo de viajes: S\u00ed<\/li>\n<li>Lavable: S\u00ed<\/li>\n<li>A prueba de agua: S\u00ed<\/li>\n<li>Tipo de visualizador: LED<\/li>\n<\/ul>\n<p><strong>Desempe\u00f1o:<\/strong><\/p>\n<ul>\n<li>Sistema de afeitado: M\u00e1quina de afeitar de l\u00e1minas<\/li>\n<li>Recortadora: S\u00ed<\/li>\n<li>N\u00famero de m\u00e1quina de afeitar cabezas \/ cuchillas: 3<\/li>\n<li>Shaving system technologies: 2 SensoFoil<\/li>\n<li>Material de la cuchilla: Acero inoxidable<\/li>\n<li>Tipo de control: Botones<\/li>\n<li>Recortador de precisi\u00f3n: S\u00ed<\/li>\n<\/ul>\n<\/div>\n","protected":false},"excerpt":{"rendered":"<p>Peso y Dimensiones: Peso: 366 g Control de Energ\u00eda: Fuente de energ\u00eda: Bater\u00eda Recargable: S\u00ed Tecnolog\u00eda de bater\u00eda: N\u00edquel-metal hidruro<\/p>\n","protected":false},"featured_media":209975,"comment_status":"open","ping_status":"closed","template":"","meta":{"_joinchat":[]},"product_cat":[6874,6510,825,6097],"product_tag":[],"class_list":{"0":"post-209972","1":"product","2":"type-product","3":"status-publish","4":"has-post-thumbnail","6":"product_cat-afeitadoras-vello-y-pelo","7":"product_cat-vello-y-pelo","8":"product_cat-pequeno-electrodomestico","9":"product_cat-cuidado-personal","11":"first","12":"instock","13":"taxable","14":"shipping-taxable","15":"purchasable","16":"product-type-simple"},"_links":{"self":[{"href":"https:\/\/desdropi.com\/elparque\/wp-json\/wp\/v2\/product\/209972"}],"collection":[{"href":"https:\/\/desdropi.com\/elparque\/wp-json\/wp\/v2\/product"}],"about":[{"href":"https:\/\/desdropi.com\/elparque\/wp-json\/wp\/v2\/types\/product"}],"replies":[{"embeddable":true,"href":"https:\/\/desdropi.com\/elparque\/wp-json\/wp\/v2\/comments?post=209972"}],"version-history":[{"count":0,"href":"https:\/\/desdropi.com\/elparque\/wp-json\/wp\/v2\/product\/209972\/revisions"}],"wp:featuredmedia":[{"embeddable":true,"href":"https:\/\/desdropi.com\/elparque\/wp-json\/wp\/v2\/media\/209975"}],"wp:attachment":[{"href":"https:\/\/desdropi.com\/elparque\/wp-json\/wp\/v2\/media?parent=209972"}],"wp:term":[{"taxonomy":"product_cat","embeddable":true,"href":"https:\/\/desdropi.com\/elparque\/wp-json\/wp\/v2\/product_cat?post=209972"},{"taxonomy":"product_tag","embeddable":true,"href":"https:\/\/desdropi.com\/elparque\/wp-json\/wp\/v2\/product_tag?post=209972"}],"curies":[{"name":"wp","href":"https:\/\/api.w.org\/{rel}","templated":true}]}}