{"id":209991,"date":"2023-12-13T23:34:43","date_gmt":"2023-12-13T22:34:43","guid":{"rendered":"https:\/\/desdropi.com\/elparque\/horno-silverline-ove-65ib-72-litros-cristal-negro-con-sonda\/"},"modified":"2024-05-18T23:36:36","modified_gmt":"2024-05-18T21:36:36","slug":"horno-silverline-ove-65ib-72-litros-cristal-negro-con-sonda","status":"publish","type":"product","link":"https:\/\/desdropi.com\/elparque\/horno-silverline-ove-65ib-72-litros-cristal-negro-con-sonda\/","title":{"rendered":"horno silverline ove-65ib  72 litros cristal negro con sonda"},"content":{"rendered":"<div class=\"descripci\u00f3n-tab\"><strong>Tipolog\u00eda:<\/strong><\/p>\n<ul>\n<li>Horno El\u00e9ctrico Multifunci\u00f3n<\/li>\n<li>Resistencia Circular<\/li>\n<li>72 litros<\/li>\n<li>A+ Eficiencia energ\u00e9tica<\/li>\n<\/ul>\n<p><strong>Funciones de Cocci\u00f3n:<\/strong><\/p>\n<ul>\n<li>14 Funciones<\/li>\n<li>3D Airmove<\/li>\n<li>Pizza Chef<\/li>\n<li>Rapido pre-Calentamiento<\/li>\n<li>Maxi grill, Mini grill, termostato, Ventilador con Funci\u00f3n Mantenimiento Temperatura<\/li>\n<li>Modo eco &#8211; Ahorro energ\u00e9tico<\/li>\n<li>B\u00f3veda + Solera \/ Resistencia Circular + Turbo \/ B\u00f3veda + Solera + Turbo \/ Solera + Turbo.<\/li>\n<li>Descongelac\u00edon<\/li>\n<\/ul>\n<p><strong>Limpieza:<\/strong><\/p>\n<ul>\n<li>Pyrolitic<\/li>\n<li>Steam Clean<\/li>\n<li>F\u00e1cil Extracci\u00f3n<\/li>\n<li>Pantalla LED blanca<\/li>\n<\/ul>\n<p><strong>Comfort:<\/strong><\/p>\n<ul>\n<li>Control tactil Endless Navigator<\/li>\n<li>Control t\u00e1ctil con Bloqueo de pantalla<\/li>\n<li>Soportes Cromados Extraibles<\/li>\n<li>Gu\u00edas telec\u00f3picas<\/li>\n<li>Luz<\/li>\n<li>Sonda de temperatura permite medir el grado de cocci\u00f3n de la carne<\/li>\n<li>Puerta Fr\u00eda triple Cristal (2 Low-e Glass)<\/li>\n<li>Ventilaci\u00f3n<\/li>\n<li>Puerta Soft Close<\/li>\n<\/ul>\n<p><strong>Accesorios:<\/strong><\/p>\n<ul>\n<li>1 Rejilla Cromada<\/li>\n<li>1 Bandeja standard<\/li>\n<li>1 Profunda Piendra Pizza<\/li>\n<\/ul>\n<p><strong>Dimensiones:<\/strong><\/p>\n<ul>\n<li>(AnxFxAI) 595x547x595mm<\/li>\n<\/ul>\n<\/div>\n","protected":false},"excerpt":{"rendered":"<p>Tipolog\u00eda: Horno El\u00e9ctrico Multifunci\u00f3n Resistencia Circular 72 litros A+ Eficiencia energ\u00e9tica Funciones de Cocci\u00f3n: 14 Funciones 3D Airmove Pizza Chef<\/p>\n","protected":false},"featured_media":133994,"comment_status":"open","ping_status":"open","template":"","meta":{"_joinchat":[]},"product_cat":[6507,3268,3279],"product_tag":[],"class_list":{"0":"post-209991","1":"product","2":"type-product","3":"status-publish","4":"has-post-thumbnail","6":"product_cat-multifuncion","7":"product_cat-coccion","8":"product_cat-hornos","9":"pa_marca-silverline","11":"first","12":"instock","13":"taxable","14":"shipping-taxable","15":"purchasable","16":"product-type-simple"},"_links":{"self":[{"href":"https:\/\/desdropi.com\/elparque\/wp-json\/wp\/v2\/product\/209991"}],"collection":[{"href":"https:\/\/desdropi.com\/elparque\/wp-json\/wp\/v2\/product"}],"about":[{"href":"https:\/\/desdropi.com\/elparque\/wp-json\/wp\/v2\/types\/product"}],"replies":[{"embeddable":true,"href":"https:\/\/desdropi.com\/elparque\/wp-json\/wp\/v2\/comments?post=209991"}],"version-history":[{"count":0,"href":"https:\/\/desdropi.com\/elparque\/wp-json\/wp\/v2\/product\/209991\/revisions"}],"wp:featuredmedia":[{"embeddable":true,"href":"https:\/\/desdropi.com\/elparque\/wp-json\/wp\/v2\/media\/133994"}],"wp:attachment":[{"href":"https:\/\/desdropi.com\/elparque\/wp-json\/wp\/v2\/media?parent=209991"}],"wp:term":[{"taxonomy":"product_cat","embeddable":true,"href":"https:\/\/desdropi.com\/elparque\/wp-json\/wp\/v2\/product_cat?post=209991"},{"taxonomy":"product_tag","embeddable":true,"href":"https:\/\/desdropi.com\/elparque\/wp-json\/wp\/v2\/product_tag?post=209991"}],"curies":[{"name":"wp","href":"https:\/\/api.w.org\/{rel}","templated":true}]}}