{"id":210008,"date":"2023-12-14T09:26:49","date_gmt":"2023-12-14T08:26:49","guid":{"rendered":"https:\/\/desdropi.com\/elparque\/?post_type=product&#038;p=210008"},"modified":"2024-05-17T13:01:47","modified_gmt":"2024-05-17T11:01:47","slug":"pack-navidad-barbero-braun-beard-bt5450-mns-es","status":"publish","type":"product","link":"https:\/\/desdropi.com\/elparque\/pack-navidad-barbero-braun-beard-bt5450-mns-es\/","title":{"rendered":"Pack Navidad Barbero Braun Beard BT5450 + MNS ES"},"content":{"rendered":"<div class=\"descripcion-tab\">\n<strong>Peso y Dimensiones:<\/strong><\/p>\n<ul>\n<li>Peso: 287,8 g<\/li>\n<li>Peso de la bater\u00eda: 18,6 g<\/li>\n<\/ul>\n<p><strong>Control de Energ\u00eda:<\/strong><\/p>\n<ul>\n<li>Fuente de energ\u00eda: Bater\u00eda<\/li>\n<li>Recargable: S\u00ed<\/li>\n<li>Tipo de bater\u00eda: Bater\u00eda integrada<\/li>\n<li>Tecnolog\u00eda de bater\u00eda: Litio<\/li>\n<li>Voltaje de la pila: 3,6 V<\/li>\n<li>Tiempo de funcionamiento: 100 min<\/li>\n<li>Voltaje de entrada AC: 100 &#8211; 240 V<\/li>\n<\/ul>\n<p><strong>Empaquetado:<\/strong><\/p>\n<ul>\n<li>Ancho del paquete: 57 mm<\/li>\n<li>Profundidad del paquete: 137 mm<\/li>\n<li>Altura del paquete: 282 mm<\/li>\n<li>Peso del paquete: 416,2 g<\/li>\n<li>Tipo de embalaje: Caja<\/li>\n<\/ul>\n<p><strong>Contenido del Embalaje:<\/strong><\/p>\n<ul>\n<li>Cantidad de complementos: 4<\/li>\n<li>Cantidad de peines: 3<\/li>\n<li>Funda para almacenamiento: S\u00ed<\/li>\n<li>Cepillo de limpieza: S\u00ed<\/li>\n<li>Accesorios adicionales: Mini Kit de viaje con Crema Hidratante, B\u00e1lsamo para barba y Gel Limpiador de barba y rostro<\/li>\n<\/ul>\n<p><strong>Dise\u00f1o:<\/strong><\/p>\n<ul>\n<li>Color del producto: Negro<\/li>\n<li>Sin cables: S\u00ed<\/li>\n<\/ul>\n<p><strong>Desempe\u00f1o:<\/strong><\/p>\n<ul>\n<li>N\u00famero de pasos de longitud: 40<\/li>\n<li>Longitud m\u00ednima del cabello: 0,5 mm<\/li>\n<li>Longitud m\u00e1xima del cabello: 2 mm<\/li>\n<li>Mojado y seco: No<\/li>\n<li>Tipo de control: Botones, Giratorio<\/li>\n<li>F\u00e1cil de limpiar: S\u00ed<\/li>\n<li>Lavable: S\u00ed<\/li>\n<li>Recortador de precisi\u00f3n: S\u00ed<\/li>\n<li>A prueba de agua: S\u00ed<\/li>\n<li>Tipo de visualizador: LED<\/li>\n<\/ul>\n<p><strong>Datos Log\u00edsticos:<\/strong><\/p>\n<ul>\n<li>Cantidad por paquete: 1<\/li>\n<li>Longitud de la caja: 260 mm<\/li>\n<li>Ancho de la caja principal: 183 mm<\/li>\n<li>Alto de la caja principal: 153 mm<\/li>\n<li>Cantidad por caja: 3<\/li>\n<\/ul>\n<\/div>\n","protected":false},"excerpt":{"rendered":"<p>Peso y Dimensiones: Peso: 287,8 g Peso de la bater\u00eda: 18,6 g Control de Energ\u00eda: Fuente de energ\u00eda: Bater\u00eda Recargable:<\/p>\n","protected":false},"featured_media":210009,"comment_status":"open","ping_status":"closed","template":"","meta":{"_joinchat":[]},"product_cat":[6895,6510,825,6097],"product_tag":[],"class_list":{"0":"post-210008","1":"product","2":"type-product","3":"status-publish","4":"has-post-thumbnail","6":"product_cat-barberos","7":"product_cat-vello-y-pelo","8":"product_cat-pequeno-electrodomestico","9":"product_cat-cuidado-personal","11":"first","12":"instock","13":"taxable","14":"shipping-taxable","15":"purchasable","16":"product-type-simple"},"_links":{"self":[{"href":"https:\/\/desdropi.com\/elparque\/wp-json\/wp\/v2\/product\/210008"}],"collection":[{"href":"https:\/\/desdropi.com\/elparque\/wp-json\/wp\/v2\/product"}],"about":[{"href":"https:\/\/desdropi.com\/elparque\/wp-json\/wp\/v2\/types\/product"}],"replies":[{"embeddable":true,"href":"https:\/\/desdropi.com\/elparque\/wp-json\/wp\/v2\/comments?post=210008"}],"version-history":[{"count":0,"href":"https:\/\/desdropi.com\/elparque\/wp-json\/wp\/v2\/product\/210008\/revisions"}],"wp:featuredmedia":[{"embeddable":true,"href":"https:\/\/desdropi.com\/elparque\/wp-json\/wp\/v2\/media\/210009"}],"wp:attachment":[{"href":"https:\/\/desdropi.com\/elparque\/wp-json\/wp\/v2\/media?parent=210008"}],"wp:term":[{"taxonomy":"product_cat","embeddable":true,"href":"https:\/\/desdropi.com\/elparque\/wp-json\/wp\/v2\/product_cat?post=210008"},{"taxonomy":"product_tag","embeddable":true,"href":"https:\/\/desdropi.com\/elparque\/wp-json\/wp\/v2\/product_tag?post=210008"}],"curies":[{"name":"wp","href":"https:\/\/api.w.org\/{rel}","templated":true}]}}