{"id":210027,"date":"2023-12-14T10:23:30","date_gmt":"2023-12-14T09:23:30","guid":{"rendered":"https:\/\/desdropi.com\/elparque\/?post_type=product&#038;p=210027"},"modified":"2024-05-17T13:01:47","modified_gmt":"2024-05-17T11:01:47","slug":"cepillo-electrico-dental-oralb-vitality-pro-kids-spiderman-funda-via","status":"publish","type":"product","link":"https:\/\/desdropi.com\/elparque\/cepillo-electrico-dental-oralb-vitality-pro-kids-spiderman-funda-via\/","title":{"rendered":"Cepillo El\u00e9ctrico Dental ORALB VITALITY PRO KIDS SPIDERMAN FUNDA VIA"},"content":{"rendered":"<div class=\"descripcion-tab\">\n<strong>Peso y Dimensiones:<\/strong><\/p>\n<ul>\n<li>Tipo de embalaje: Caja<\/li>\n<\/ul>\n<p><strong>Control de Energ\u00eda:<\/strong><\/p>\n<ul>\n<li>Fuente de energ\u00eda: Bater\u00eda<\/li>\n<li>Bater\u00eda: S\u00ed<\/li>\n<li>Tipo de bater\u00eda: Bater\u00eda integrada<\/li>\n<li>Base de cargador: S\u00ed<\/li>\n<li>Bater\u00eda recargable: S\u00ed<\/li>\n<\/ul>\n<p><strong>Contenido del Embalaje:<\/strong><\/p>\n<ul>\n<li>N\u00famero de cabezales incluido: 1<\/li>\n<li>N\u00famero de empu\u00f1aduras incluidas: 1<\/li>\n<\/ul>\n<p><strong>Caracter\u00edsticas:<\/strong><\/p>\n<ul>\n<li>Utilizar con: Ni\u00f1os<\/li>\n<li>Tipo de cepillo de dientes: Cepillo dental oscilante<\/li>\n<li>Velocidad ajustable: S\u00ed<\/li>\n<li>Duraci\u00f3n del temporizador: 2 min<\/li>\n<li>Temporizador integrado: S\u00ed<\/li>\n<li>N\u00famero de modos de cepillado de dientes: 2<\/li>\n<li>Modos del cepillo de dientes: Cuidados diarios, Sensitive Plus<\/li>\n<li>Color del producto: Spider-Man<\/li>\n<\/ul>\n<\/div>\n","protected":false},"excerpt":{"rendered":"<p>Peso y Dimensiones: Tipo de embalaje: Caja Control de Energ\u00eda: Fuente de energ\u00eda: Bater\u00eda Bater\u00eda: S\u00ed Tipo de bater\u00eda: Bater\u00eda<\/p>\n","protected":false},"featured_media":210028,"comment_status":"open","ping_status":"closed","template":"","meta":{"_joinchat":[]},"product_cat":[825,7012,6097],"product_tag":[],"class_list":{"0":"post-210027","1":"product","2":"type-product","3":"status-publish","4":"has-post-thumbnail","6":"product_cat-pequeno-electrodomestico","7":"product_cat-cepillos-electricos-salud-y-bienestar","8":"product_cat-cuidado-personal","10":"first","11":"instock","12":"taxable","13":"shipping-taxable","14":"purchasable","15":"product-type-simple"},"_links":{"self":[{"href":"https:\/\/desdropi.com\/elparque\/wp-json\/wp\/v2\/product\/210027"}],"collection":[{"href":"https:\/\/desdropi.com\/elparque\/wp-json\/wp\/v2\/product"}],"about":[{"href":"https:\/\/desdropi.com\/elparque\/wp-json\/wp\/v2\/types\/product"}],"replies":[{"embeddable":true,"href":"https:\/\/desdropi.com\/elparque\/wp-json\/wp\/v2\/comments?post=210027"}],"version-history":[{"count":0,"href":"https:\/\/desdropi.com\/elparque\/wp-json\/wp\/v2\/product\/210027\/revisions"}],"wp:featuredmedia":[{"embeddable":true,"href":"https:\/\/desdropi.com\/elparque\/wp-json\/wp\/v2\/media\/210028"}],"wp:attachment":[{"href":"https:\/\/desdropi.com\/elparque\/wp-json\/wp\/v2\/media?parent=210027"}],"wp:term":[{"taxonomy":"product_cat","embeddable":true,"href":"https:\/\/desdropi.com\/elparque\/wp-json\/wp\/v2\/product_cat?post=210027"},{"taxonomy":"product_tag","embeddable":true,"href":"https:\/\/desdropi.com\/elparque\/wp-json\/wp\/v2\/product_tag?post=210027"}],"curies":[{"name":"wp","href":"https:\/\/api.w.org\/{rel}","templated":true}]}}