{"id":210051,"date":"2023-12-14T11:03:21","date_gmt":"2023-12-14T10:03:21","guid":{"rendered":"https:\/\/desdropi.com\/elparque\/?post_type=product&#038;p=210051"},"modified":"2025-04-14T02:31:09","modified_gmt":"2025-04-14T00:31:09","slug":"cafetera-ufesa-bellagio-rossa-15bar-multicapsulas","status":"publish","type":"product","link":"https:\/\/desdropi.com\/elparque\/cafetera-ufesa-bellagio-rossa-15bar-multicapsulas\/","title":{"rendered":"Cafetera UFESA BELLAGIO ROSSA MULTICAPSULAS 3 EN 1"},"content":{"rendered":"<div class=\"descripcion-tab\">\n<p><span style=\"color: #ff0000;\"><strong>Promoci\u00f3n especial: Cafetera Ufesa Bellagio Rossa<\/strong><\/span><\/p>\n<ul>\n<li>La cafetera multic\u00e1psula Bellagio se convertir\u00e1 en un imprescindible en los desayunos de tu hogar. Es<strong>\u00a0compatible con c\u00e1psulas<\/strong>\u00a0tipo Nespresso y Dolce Gusto* y\u00a0\u00a0<strong>tambi\u00e9n con caf\u00e9 molido<\/strong>, para que puedas disfrutar de una gran variedad de sabores.<\/li>\n<li>Adem\u00e1s, esta cafetera 3 en 1 dispone de un<strong>\u00a0panel de control t\u00e1ctil<\/strong>\u00a0con\u00a0<strong>7 niveles de intensidad<\/strong>\u00a0para satisfacer los gustos de todos.<\/li>\n<li>Su<strong>\u00a0tama\u00f1o compacto\u00a0<\/strong>(22.5cm alto x 26,5cm ancho) se adaptar\u00e1 perfectamente a tu cocina y su dise\u00f1o elegante est\u00e1\u00a0<strong>disponible en blanco y en rojo.<\/strong><\/li>\n<li>Con una potente bomba de presi\u00f3n de 15 bares y una potencia de 1400W, esta cafetera asegura la\u00a0<strong>extracci\u00f3n perfecta y una crema deliciosa<\/strong>\u00a0en cada taza que prepares.<\/li>\n<\/ul>\n<p><strong>Peso y Dimensiones:<\/strong><\/p>\n<ul>\n<li>Profundidad: 190 mm<\/li>\n<li>Ancho: 265 mm<\/li>\n<li>Altura: 225 mm<\/li>\n<\/ul>\n<p><strong>Control de Energ\u00eda:<\/strong><\/p>\n<ul>\n<li>Potencia: 1400 W<\/li>\n<li>Apagado autom\u00e1tico: S\u00ed<\/li>\n<\/ul>\n<p><strong>Empaquetado:<\/strong><\/p>\n<ul>\n<li>Tipo de cafetera: De C\u00e1psulas<\/li>\n<\/ul>\n<p><strong>Desempe\u00f1o:<\/strong><\/p>\n<ul>\n<li>Appliance placement: Encimera<\/li>\n<li>Dep\u00f3sito para caf\u00e9 preparado: Taza<\/li>\n<li>Tipo de cafetera: De C\u00e1psulas<\/li>\n<li>Capacidad de reservorio de agua: 1 L<\/li>\n<li>Presi\u00f3n m\u00e1xima de funcionamiento (bares): 15 bar<\/li>\n<li>Caf\u00e9 tipo de entrada: C\u00e1psulas<\/li>\n<\/ul>\n<p><strong>Funciones y Programas de Cocina:<\/strong><\/p>\n<ul>\n<li>Preparaci\u00f3n de cappuccino: S\u00ed<\/li>\n<li>Preparaci\u00f3n de caf\u00e9: S\u00ed<\/li>\n<\/ul>\n<p><strong>Compatible:<\/strong><\/p>\n<ul>\n<li>Nespresso, Dolce Gusto y Caf\u00e9 Molido<\/li>\n<\/ul>\n<p><u><a href=\"https:\/\/cdn.shopify.com\/s\/files\/1\/0727\/9286\/7151\/files\/Manual_Cafetera_espresso_Bellagio.pdf?v=1695986336\" rel=\"noopener\"><strong>Ver Manual<\/strong><\/a><\/u><\/p>\n<\/div>\n","protected":false},"excerpt":{"rendered":"<p><span style=\"color: #ff0000;\"><strong>Compatible con c\u00e1psulas Nespresso, Dolce Gusto y Caf\u00e9 Molido<\/strong><\/span><\/p>\n","protected":false},"featured_media":210989,"comment_status":"open","ping_status":"closed","template":"","meta":{"_joinchat":[]},"product_cat":[6516,6906,825],"product_tag":[],"class_list":{"0":"post-210051","1":"product","2":"type-product","3":"status-publish","4":"has-post-thumbnail","6":"product_cat-cafeteras-pequeno-electrodomestico","7":"product_cat-de-brazo-express","8":"product_cat-pequeno-electrodomestico","9":"pa_marca-ufesa","11":"first","12":"instock","13":"taxable","14":"shipping-taxable","15":"purchasable","16":"product-type-simple"},"_links":{"self":[{"href":"https:\/\/desdropi.com\/elparque\/wp-json\/wp\/v2\/product\/210051"}],"collection":[{"href":"https:\/\/desdropi.com\/elparque\/wp-json\/wp\/v2\/product"}],"about":[{"href":"https:\/\/desdropi.com\/elparque\/wp-json\/wp\/v2\/types\/product"}],"replies":[{"embeddable":true,"href":"https:\/\/desdropi.com\/elparque\/wp-json\/wp\/v2\/comments?post=210051"}],"version-history":[{"count":1,"href":"https:\/\/desdropi.com\/elparque\/wp-json\/wp\/v2\/product\/210051\/revisions"}],"predecessor-version":[{"id":224942,"href":"https:\/\/desdropi.com\/elparque\/wp-json\/wp\/v2\/product\/210051\/revisions\/224942"}],"wp:featuredmedia":[{"embeddable":true,"href":"https:\/\/desdropi.com\/elparque\/wp-json\/wp\/v2\/media\/210989"}],"wp:attachment":[{"href":"https:\/\/desdropi.com\/elparque\/wp-json\/wp\/v2\/media?parent=210051"}],"wp:term":[{"taxonomy":"product_cat","embeddable":true,"href":"https:\/\/desdropi.com\/elparque\/wp-json\/wp\/v2\/product_cat?post=210051"},{"taxonomy":"product_tag","embeddable":true,"href":"https:\/\/desdropi.com\/elparque\/wp-json\/wp\/v2\/product_tag?post=210051"}],"curies":[{"name":"wp","href":"https:\/\/api.w.org\/{rel}","templated":true}]}}