{"id":210060,"date":"2023-12-14T11:13:00","date_gmt":"2023-12-14T10:13:00","guid":{"rendered":"https:\/\/desdropi.com\/elparque\/?post_type=product&#038;p=210060"},"modified":"2024-05-17T13:01:48","modified_gmt":"2024-05-17T11:01:48","slug":"cafetera-delonghi-ecam220-30sb-mag-s-superautomatica","status":"publish","type":"product","link":"https:\/\/desdropi.com\/elparque\/cafetera-delonghi-ecam220-30sb-mag-s-superautomatica\/","title":{"rendered":"Cafetera DELONGHI ECAM220.30SB MAG S SUPERAUTOMATICA"},"content":{"rendered":"<div class=\"descripcion-tab\">\n<strong>Peso y Dimensiones:<\/strong><\/p>\n<ul>\n<li>Altura: 350 mm<\/li>\n<li>Ancho: 240 mm<\/li>\n<li>Profundidad: 440 mm<\/li>\n<li>Peso: 8,8 kg<\/li>\n<\/ul>\n<p><strong>Control de Energ\u00eda:<\/strong><\/p>\n<ul>\n<li>Potencia: 1450 W<\/li>\n<li>Voltaje de entrada AC: 220 &#8211; 240 V<\/li>\n<li>Frecuencia de entrada AC: 50 &#8211; 60 Hz<\/li>\n<\/ul>\n<p><strong>Ergonom\u00eda:<\/strong><\/p>\n<ul>\n<li>Color del producto: Negro, Plata<\/li>\n<li>Material de la carcasa: Pl\u00e1stico<\/li>\n<li>Tipo de control: Tocar<\/li>\n<li>Pantalla incorporada: No<\/li>\n<li>Bandeja de goteo extra\u00edble: S\u00ed<\/li>\n<li>Reservorio de agua extra\u00edble: S\u00ed<\/li>\n<\/ul>\n<p><strong>Desempe\u00f1o:<\/strong><\/p>\n<ul>\n<li>Appliance placement: Encimera<\/li>\n<li>Tipo de cafetera: SuperAutom\u00e1tica<\/li>\n<li>Capacidad de reservorio de agua: 1,8 L<\/li>\n<li>M\u00e1quina de caf\u00e9: Totalmente autom\u00e1tica<\/li>\n<li>Caf\u00e9 tipo de entrada: Granos de caf\u00e9<\/li>\n<li>Dos tazas a la vez: S\u00ed<\/li>\n<li>Dep\u00f3sito para caf\u00e9 preparado: Taza<\/li>\n<li>Presi\u00f3n m\u00e1xima de funcionamiento (bares): 15<\/li>\n<li>Molinillo integrado: S\u00ed<\/li>\n<li>Capacidad de granos de caf\u00e9: 250 g<\/li>\n<li>Intensidad del caf\u00e9 ajustable: S\u00ed<\/li>\n<li>Hot water system: S\u00ed<\/li>\n<li>Tuber\u00eda de vapor: S\u00ed<\/li>\n<li>Filtro de agua: S\u00ed<\/li>\n<li>Valores ajustables amoladora: S\u00ed<\/li>\n<li>N\u00famero de posiciones de molinillo: 7<\/li>\n<\/ul>\n<p><strong>Funciones y Programas de Cocina:<\/strong><\/p>\n<ul>\n<li>Preparaci\u00f3n de caf\u00e9: S\u00ed<\/li>\n<li>Preparaci\u00f3n de espresso: S\u00ed<\/li>\n<li>Preparaci\u00f3n de cappuccino: S\u00ed<\/li>\n<li>Preparaci\u00f3n de americano: S\u00ed<\/li>\n<\/ul>\n<\/div>\n","protected":false},"excerpt":{"rendered":"<p>Peso y Dimensiones: Altura: 350 mm Ancho: 240 mm Profundidad: 440 mm Peso: 8,8 kg Control de Energ\u00eda: Potencia: 1450<\/p>\n","protected":false},"featured_media":210062,"comment_status":"open","ping_status":"closed","template":"","meta":{"_joinchat":[]},"product_cat":[6516,6548,825],"product_tag":[],"class_list":{"0":"post-210060","1":"product","2":"type-product","3":"status-publish","4":"has-post-thumbnail","6":"product_cat-cafeteras-pequeno-electrodomestico","7":"product_cat-automaticas","8":"product_cat-pequeno-electrodomestico","10":"first","11":"instock","12":"sale","13":"taxable","14":"shipping-taxable","15":"purchasable","16":"product-type-simple"},"_links":{"self":[{"href":"https:\/\/desdropi.com\/elparque\/wp-json\/wp\/v2\/product\/210060"}],"collection":[{"href":"https:\/\/desdropi.com\/elparque\/wp-json\/wp\/v2\/product"}],"about":[{"href":"https:\/\/desdropi.com\/elparque\/wp-json\/wp\/v2\/types\/product"}],"replies":[{"embeddable":true,"href":"https:\/\/desdropi.com\/elparque\/wp-json\/wp\/v2\/comments?post=210060"}],"version-history":[{"count":0,"href":"https:\/\/desdropi.com\/elparque\/wp-json\/wp\/v2\/product\/210060\/revisions"}],"wp:featuredmedia":[{"embeddable":true,"href":"https:\/\/desdropi.com\/elparque\/wp-json\/wp\/v2\/media\/210062"}],"wp:attachment":[{"href":"https:\/\/desdropi.com\/elparque\/wp-json\/wp\/v2\/media?parent=210060"}],"wp:term":[{"taxonomy":"product_cat","embeddable":true,"href":"https:\/\/desdropi.com\/elparque\/wp-json\/wp\/v2\/product_cat?post=210060"},{"taxonomy":"product_tag","embeddable":true,"href":"https:\/\/desdropi.com\/elparque\/wp-json\/wp\/v2\/product_tag?post=210060"}],"curies":[{"name":"wp","href":"https:\/\/api.w.org\/{rel}","templated":true}]}}