{"id":210073,"date":"2023-12-14T11:27:04","date_gmt":"2023-12-14T10:27:04","guid":{"rendered":"https:\/\/desdropi.com\/elparque\/?post_type=product&#038;p=210073"},"modified":"2024-05-17T13:01:48","modified_gmt":"2024-05-17T11:01:48","slug":"cafeteras-krups-ea810b-superautomatica-3-temp-15b","status":"publish","type":"product","link":"https:\/\/desdropi.com\/elparque\/cafeteras-krups-ea810b-superautomatica-3-temp-15b\/","title":{"rendered":"Cafeteras KRUPS EA810B SUPERAUTOMATICA 3 TEMP 15B"},"content":{"rendered":"<div class=\"descripcion-tab\"><strong>Peso y Dimensiones:<\/strong><\/p>\n<ul>\n<li>Ancho: 260 mm<\/li>\n<li>Profundidad: 320 mm<\/li>\n<li>Altura: 370 mm<\/li>\n<\/ul>\n<p><strong>Control de Energ\u00eda:<\/strong><\/p>\n<ul>\n<li>Potencia: 1450 W<\/li>\n<li>Apagado autom\u00e1tico: S\u00ed<\/li>\n<\/ul>\n<p><strong>Otras Caracter\u00edsticas:<\/strong><\/p>\n<ul>\n<li>Interruptor de encendido\/apagado integrado: S\u00ed<\/li>\n<\/ul>\n<p><strong>Ergonom\u00eda:<\/strong><\/p>\n<ul>\n<li>Color del producto: Negro, Titanio<\/li>\n<li>Tipo de control: Botones, Giratorio<\/li>\n<li>Pantalla incorporada: S\u00ed<\/li>\n<li>Tipo de visualizador: TFT<\/li>\n<li>Sin cables: No<\/li>\n<li>Reservorio de agua extra\u00edble: S\u00ed<\/li>\n<li>Bandeja de goteo extra\u00edble: S\u00ed<\/li>\n<\/ul>\n<p><strong>Desempe\u00f1o:<\/strong><\/p>\n<ul>\n<li>Appliance placement: Encimera<\/li>\n<li>Tipo de cafetera: SuperAutom\u00e1tica<\/li>\n<li>N\u00famero de surtidores: 2<\/li>\n<li>Dep\u00f3sito para caf\u00e9 preparado: Taza<\/li>\n<li>Caf\u00e9 tipo de entrada: Granos de caf\u00e9<\/li>\n<li>Capacidad de reservorio de agua: 1,7 L<\/li>\n<li>M\u00e1quina de caf\u00e9: Totalmente autom\u00e1tica<\/li>\n<li>Presi\u00f3n m\u00e1xima de funcionamiento (bares): 15<\/li>\n<li>Molinillo integrado: S\u00ed<\/li>\n<li>Capacidad de granos de caf\u00e9: 275 g<\/li>\n<li>Sistema antical autom\u00e1tico: S\u00ed<\/li>\n<li>Funci\u00f3n autolimpieza: S\u00ed<\/li>\n<\/ul>\n<p><strong>Funciones y Programas de Cocina:<\/strong><\/p>\n<ul>\n<li>Preparaci\u00f3n de espresso: S\u00ed<\/li>\n<li>Preparaci\u00f3n de cappuccino: S\u00ed<\/li>\n<li>Preparaci\u00f3n de caf\u00e9: S\u00ed<\/li>\n<\/ul>\n<\/div>\n","protected":false},"excerpt":{"rendered":"<p>Peso y Dimensiones: Ancho: 260 mm Profundidad: 320 mm Altura: 370 mm Control de Energ\u00eda: Potencia: 1450 W Apagado autom\u00e1tico:<\/p>\n","protected":false},"featured_media":210081,"comment_status":"open","ping_status":"closed","template":"","meta":{"_joinchat":[]},"product_cat":[6516,6548,825],"product_tag":[],"class_list":{"0":"post-210073","1":"product","2":"type-product","3":"status-publish","4":"has-post-thumbnail","6":"product_cat-cafeteras-pequeno-electrodomestico","7":"product_cat-automaticas","8":"product_cat-pequeno-electrodomestico","10":"first","11":"instock","12":"sale","13":"taxable","14":"shipping-taxable","15":"purchasable","16":"product-type-simple"},"_links":{"self":[{"href":"https:\/\/desdropi.com\/elparque\/wp-json\/wp\/v2\/product\/210073"}],"collection":[{"href":"https:\/\/desdropi.com\/elparque\/wp-json\/wp\/v2\/product"}],"about":[{"href":"https:\/\/desdropi.com\/elparque\/wp-json\/wp\/v2\/types\/product"}],"replies":[{"embeddable":true,"href":"https:\/\/desdropi.com\/elparque\/wp-json\/wp\/v2\/comments?post=210073"}],"version-history":[{"count":0,"href":"https:\/\/desdropi.com\/elparque\/wp-json\/wp\/v2\/product\/210073\/revisions"}],"wp:featuredmedia":[{"embeddable":true,"href":"https:\/\/desdropi.com\/elparque\/wp-json\/wp\/v2\/media\/210081"}],"wp:attachment":[{"href":"https:\/\/desdropi.com\/elparque\/wp-json\/wp\/v2\/media?parent=210073"}],"wp:term":[{"taxonomy":"product_cat","embeddable":true,"href":"https:\/\/desdropi.com\/elparque\/wp-json\/wp\/v2\/product_cat?post=210073"},{"taxonomy":"product_tag","embeddable":true,"href":"https:\/\/desdropi.com\/elparque\/wp-json\/wp\/v2\/product_tag?post=210073"}],"curies":[{"name":"wp","href":"https:\/\/api.w.org\/{rel}","templated":true}]}}