{"id":210084,"date":"2023-12-14T11:46:05","date_gmt":"2023-12-14T10:46:05","guid":{"rendered":"https:\/\/desdropi.com\/elparque\/?post_type=product&#038;p=210084"},"modified":"2024-05-17T13:01:50","modified_gmt":"2024-05-17T11:01:50","slug":"televisor-hisense-55-55a7kq-uhd-qled-smart-tv-hdr10","status":"publish","type":"product","link":"https:\/\/desdropi.com\/elparque\/televisor-hisense-55-55a7kq-uhd-qled-smart-tv-hdr10\/","title":{"rendered":"Televisor HISENSE 55&#8243; 55A7KQ UHD QLED SMART TV HDR10+"},"content":{"rendered":"<div class=\"descripcion-tab\">\n<p><strong>Exhibici\u00f3n:<\/strong><\/p>\n<ul>\n<li>Tecnolog\u00eda del panel: QLED<\/li>\n<li>Frecuencia nativa de refresco: 60 Hz<\/li>\n<li>Relaci\u00f3n de aspecto nativa: 16:9<\/li>\n<li>Pulgadas: 55&#8243;<\/li>\n<li>Resoluci\u00f3n de la pantalla: 3840 x 2160<\/li>\n<li>Resoluci\u00f3n: 4K Ultra HD<\/li>\n<li>Tipo de matriz: VA<\/li>\n<li>Retroiluminaci\u00f3n del panel: Direct LED<\/li>\n<li>Raz\u00f3n de contraste (t\u00edpica): 3200:1<\/li>\n<li>\u00c1ngulo de visi\u00f3n, horizontal: 178\u00b0<\/li>\n<li>\u00c1ngulo de visi\u00f3n, vertical: 178\u00b0<\/li>\n<li>Brillo de pantalla: 330 cd\/m\u00b2<\/li>\n<li>Tiempo de respuesta: 8 ms<\/li>\n<li>Diagonal de pantalla: 139 cm<\/li>\n<li>Forma de la pantalla: Plana<\/li>\n<\/ul>\n<p><strong>Audio:<\/strong><\/p>\n<ul>\n<li>Potencia estimada RMS: 20 W<\/li>\n<li>Ecualizador: S\u00ed<\/li>\n<li>Decodificadores incorporados: DTS, Dolby Atmos<\/li>\n<li>Tecnolog\u00edas de decodificaci\u00f3n de audio: Dolby MS12<\/li>\n<li>N\u00famero de altavoces: 2<\/li>\n<\/ul>\n<p><strong>Puertos e Interfaces:<\/strong><\/p>\n<ul>\n<li>Cantidad de puertos USB: 2<\/li>\n<li>N\u00famero de puertos RF: 2<\/li>\n<li>Ethernet LAN (RJ-45) cantidad de puertos: 1<\/li>\n<li>Salidas para auriculares: 1<\/li>\n<li>Interfaz com\u00fan Plus (CI+): S\u00ed<\/li>\n<li>Entrada de audio (L,R): 1<\/li>\n<li>N\u00famero de puertos HDMI: 3<\/li>\n<li>PC (D-Sub): No<\/li>\n<\/ul>\n<p><strong>Peso y Dimensiones:<\/strong><\/p>\n<ul>\n<li>Ancho del dispositivo (con soporte): 1230 mm<\/li>\n<li>Profundidad del dispositivo (con soporte): 250 mm<\/li>\n<li>Altura del dispositivo (con soporte): 768 mm<\/li>\n<li>Peso (sin base): 12.3 kg<\/li>\n<li>Ancho (sin base): 123 mm<\/li>\n<li>Profundidad (sin base): 7.7 mm<\/li>\n<li>Altura (sin base): 71 mm<\/li>\n<li>Peso (con soporte): 13 kg<\/li>\n<\/ul>\n<p><strong>Control de Energ\u00eda:<\/strong><\/p>\n<ul>\n<li>Consumo energ\u00e9tico: 160 W<\/li>\n<li>Consumo de energ\u00eda (inactivo): 0.5 W<\/li>\n<li>Voltaje de entrada AC: 100 &#8211; 240 V<\/li>\n<li>Frecuencia de entrada AC: 50 &#8211; 60 Hz<\/li>\n<li>Energy efficiency class (SDR): G<\/li>\n<li>Energy efficiency class (HDR): G<\/li>\n<li>Energy consumption (SDR) per 1000 hours: 83 kWh<\/li>\n<li>Energy consumption (HDR) per 1000 hours: 130 kWh<\/li>\n<\/ul>\n<p><strong>Empaquetado:<\/strong><\/p>\n<ul>\n<li>Peso del paquete: 19 kg<\/li>\n<li>Mando a distancia incluido: S\u00ed<\/li>\n<li>Cables incluidos: Corriente alterna<\/li>\n<li>Profundidad del paquete: 145 mm<\/li>\n<li>Altura del paquete: 881 mm<\/li>\n<li>Ancho del paquete: 1362 mm<\/li>\n<li>Tipo de control remoto: ERF2O36H<\/li>\n<\/ul>\n<p><strong>Sintonizador de la TV:<\/strong><\/p>\n<ul>\n<li>Tipo de sintonizador: Digital<\/li>\n<li>Se\u00f1al anal\u00f3gica: No compatible<\/li>\n<li>Formato de se\u00f1al digital: DVB-C, DVB-S, DVB-S2, DVB-T, DVB-T2<\/li>\n<\/ul>\n<p><strong>Caracter\u00edsticas de Administraci\u00f3n:<\/strong><\/p>\n<ul>\n<li>Gu\u00eda electr\u00f3nica de programaci\u00f3n: S\u00ed<\/li>\n<li>N\u00famero de lenguajes OSD: 33<\/li>\n<li>Modo hotel: S\u00ed<\/li>\n<\/ul>\n<p><strong>Dise\u00f1o:<\/strong><\/p>\n<ul>\n<li>Interfaz de panel de montaje: 300 x 200<\/li>\n<li>Material de la carcasa: Pl\u00e1stico<\/li>\n<li>Montaje VESA: S\u00ed<\/li>\n<li>Color del producto: Negro<\/li>\n<\/ul>\n<p><strong>Desempe\u00f1o:<\/strong><\/p>\n<ul>\n<li>Funciones de teletexto: S\u00ed<\/li>\n<li>Formatos de v\u00eddeo compatibles: H.264, HEVC, HEVC\/H.265, MPEG2, MPEG4, VP9<\/li>\n<li>Reducci\u00f3n de ruido: S\u00ed<\/li>\n<li>Oscurecimiento local: No<\/li>\n<li>Soporte remoto inteligente: S\u00ed<\/li>\n<li>4K upscaler: S\u00ed<\/li>\n<li>High Dynamic Range (HDR) technology: High Dynamic Range 10 (HDR10), High Dynamic Range 10+ (HDR10 Plus), Hybrid Log-Gamma (HLG)<\/li>\n<li>Ampliaci\u00f3n de la escala de video: S\u00ed<\/li>\n<li>Alto Rango Din\u00e1mico (HDR): S\u00ed<\/li>\n<li>N\u00famero de n\u00facleos de procesador: 4<\/li>\n<\/ul>\n<p><strong>Smart TV:<\/strong><\/p>\n<ul>\n<li>TV por Internet: S\u00ed<\/li>\n<li>Grabaci\u00f3n diferida (timeshift): S\u00ed<\/li>\n<li>HbbTV: S\u00ed<\/li>\n<li>Aplicaciones de v\u00eddeo: Amazon Prime Video, DAZN, Disney+, Movistar, Netflix, YouTube<\/li>\n<li>Versi\u00f3n de sistema operativo: 6<\/li>\n<li>Hybrid Broadcast Broadband TV (HbbTV) version: 2.0.3<\/li>\n<li>Smart TV: S\u00ed<\/li>\n<li>Sistema operativo instalado: VIDAA U<\/li>\n<\/ul>\n<p><strong>Conexi\u00f3n:<\/strong><\/p>\n<ul>\n<li>Bluetooth: S\u00ed<\/li>\n<li>Wi-Fi est\u00e1ndares: 802.11a, 802.11b, 802.11g, Wi-Fi 4 (802.11n), Wi-Fi 5 (802.11ac)<\/li>\n<li>Versi\u00f3n de Bluetooth: 4.2<\/li>\n<li>Navegador web: S\u00ed<\/li>\n<li>Wifi: S\u00ed<\/li>\n<li>Ethernet: S\u00ed<\/li>\n<\/ul>\n<\/div>\n","protected":false},"excerpt":{"rendered":"<p>Exhibici\u00f3n: Tecnolog\u00eda del panel: QLED Frecuencia nativa de refresco: 60 Hz Relaci\u00f3n de aspecto nativa: 16:9 Pulgadas: 55&#8243; Resoluci\u00f3n de<\/p>\n","protected":false},"featured_media":210085,"comment_status":"open","ping_status":"closed","template":"","meta":{"_joinchat":[]},"product_cat":[6464,7068,795],"product_tag":[],"class_list":{"0":"post-210084","1":"product","2":"type-product","3":"status-publish","4":"has-post-thumbnail","6":"product_cat-televisores-electronica","7":"product_cat-tv-40-59","8":"product_cat-electronica","10":"first","11":"instock","12":"sale","13":"taxable","14":"shipping-taxable","15":"purchasable","16":"product-type-simple"},"_links":{"self":[{"href":"https:\/\/desdropi.com\/elparque\/wp-json\/wp\/v2\/product\/210084"}],"collection":[{"href":"https:\/\/desdropi.com\/elparque\/wp-json\/wp\/v2\/product"}],"about":[{"href":"https:\/\/desdropi.com\/elparque\/wp-json\/wp\/v2\/types\/product"}],"replies":[{"embeddable":true,"href":"https:\/\/desdropi.com\/elparque\/wp-json\/wp\/v2\/comments?post=210084"}],"version-history":[{"count":0,"href":"https:\/\/desdropi.com\/elparque\/wp-json\/wp\/v2\/product\/210084\/revisions"}],"wp:featuredmedia":[{"embeddable":true,"href":"https:\/\/desdropi.com\/elparque\/wp-json\/wp\/v2\/media\/210085"}],"wp:attachment":[{"href":"https:\/\/desdropi.com\/elparque\/wp-json\/wp\/v2\/media?parent=210084"}],"wp:term":[{"taxonomy":"product_cat","embeddable":true,"href":"https:\/\/desdropi.com\/elparque\/wp-json\/wp\/v2\/product_cat?post=210084"},{"taxonomy":"product_tag","embeddable":true,"href":"https:\/\/desdropi.com\/elparque\/wp-json\/wp\/v2\/product_tag?post=210084"}],"curies":[{"name":"wp","href":"https:\/\/api.w.org\/{rel}","templated":true}]}}