{"id":210118,"date":"2023-12-14T13:00:23","date_gmt":"2023-12-14T12:00:23","guid":{"rendered":"https:\/\/desdropi.com\/elparque\/?post_type=product&#038;p=210118"},"modified":"2024-05-17T13:01:50","modified_gmt":"2024-05-17T11:01:50","slug":"televisores-samsung-65-tq65qn95c-neoqled-uhd-144hz","status":"publish","type":"product","link":"https:\/\/desdropi.com\/elparque\/televisores-samsung-65-tq65qn95c-neoqled-uhd-144hz\/","title":{"rendered":"Televisores SAMSUNG 65&#8243; TQ65QN95C NEOQLED UHD 144HZ"},"content":{"rendered":"<div class=\"descripcion-tab\"><strong>Exhibici\u00f3n:<\/strong><\/p>\n<ul>\n<li>Relaci\u00f3n de aspecto nativa: 16:9<\/li>\n<li>Tecnolog\u00eda de interpolaci\u00f3n de movimiento: Motion Xcelerator Turbo Pro<\/li>\n<li>Frecuencia nativa de refresco: 100 Hz<\/li>\n<li>Admite visualizaci\u00f3n de frecuencia de actualizaci\u00f3n: 100 Hz, 144 Hz<\/li>\n<li>Nombre comercial de la relaci\u00f3n de contraste din\u00e1mico: Quantum Matrix Technology<\/li>\n<li>N\u00famero de colores de la pantalla: 1 bill\u00f3n de colores<\/li>\n<li>Pantalla giratoria: S\u00ed<\/li>\n<li>Diagonal de pantalla: 163 cm<\/li>\n<li>Pulgadas: 65&#8243;<\/li>\n<li>Resoluci\u00f3n de la pantalla: 3840 x 2160<\/li>\n<li>Tecnolog\u00eda del panel: Neo QLED<\/li>\n<li>Resoluci\u00f3n: 4K Ultra HD<\/li>\n<li>Forma de la pantalla: Plana<\/li>\n<\/ul>\n<p><strong>Audio:<\/strong><\/p>\n<ul>\n<li>N\u00famero de altavoces: 8<\/li>\n<li>Potencia estimada RMS: 70 W<\/li>\n<li>Canales de salida de audio: 4.2.2<\/li>\n<li>Subwoofer incorporado: S\u00ed<\/li>\n<li>Decodificadores incorporados: Dolby Atmos<\/li>\n<li>Audio pre-selection descriptor: S\u00ed<\/li>\n<li>Object Tracking Sound+ (OTS+): S\u00ed<\/li>\n<li>Q-Symphony: S\u00ed<\/li>\n<li>Music wall: S\u00ed<\/li>\n<li>Active voice amplifier (AVA): S\u00ed<\/li>\n<li>Adaptive sound+: S\u00ed<\/li>\n<li>Multiroom: S\u00ed<\/li>\n<li>Multiroom audio technology: Samsung Multiroom Link<\/li>\n<li>Enhanced Audio Return Channel (eARC): S\u00ed<\/li>\n<\/ul>\n<p><strong>Puertos e Interfaces:<\/strong><\/p>\n<ul>\n<li>Control de electr\u00f3nica de consumo (CEC): Anynet+<\/li>\n<li>Interfaz com\u00fan Plus (CI+): S\u00ed<\/li>\n<li>Versi\u00f3n Common interface Plus (CI+): 1.4<\/li>\n<li>Interfaz com\u00fan: S\u00ed<\/li>\n<li>N\u00famero de puertos RF: 4<\/li>\n<li>Audio digital, salida \u00f3ptica: 1<\/li>\n<li>Ethernet LAN (RJ-45) cantidad de puertos: 1<\/li>\n<li>Cantidad de puertos USB: 2<\/li>\n<li>Canal de retorno de audio (ARC): S\u00ed<\/li>\n<li>N\u00famero de puertos HDMI: 4<\/li>\n<\/ul>\n<p><strong>Peso y Dimensiones:<\/strong><\/p>\n<ul>\n<li>Profundidad del soporte: 27,1 mm<\/li>\n<li>Ancho del soporte: 39 mm<\/li>\n<li>Ancho del dispositivo (con soporte): 1444,3 mm<\/li>\n<li>Profundidad del dispositivo (con soporte): 270,9 mm<\/li>\n<li>Altura del dispositivo (con soporte): 890,4 mm<\/li>\n<li>Peso (con soporte): 27,9 kg<\/li>\n<li>Ancho (sin base): 1444,3 mm<\/li>\n<li>Profundidad (sin base): 21,3 mm<\/li>\n<li>Altura (sin base): 829,3 mm<\/li>\n<li>Peso (sin base): 23,8 kg<\/li>\n<\/ul>\n<p><strong>Control de Energ\u00eda:<\/strong><\/p>\n<ul>\n<li>Energy efficiency class (SDR): F<\/li>\n<li>Energy efficiency class (HDR): F<\/li>\n<li>Energy consumption (SDR) per 1000 hours: 99 kWh<\/li>\n<li>Energy consumption (HDR) per 1000 hours: 232 kWh<\/li>\n<li>Energy efficiency scale: A+ a D<\/li>\n<li>Consumo energ\u00e9tico: 99 W<\/li>\n<li>Consumo de energ\u00eda (inactivo): 0,5 W<\/li>\n<li>Consumo de energ\u00eda (max): 255 W<\/li>\n<li>Voltaje de entrada AC: 220 &#8211; 240 V<\/li>\n<li>Frecuencia de entrada AC: 50\/60 Hz<\/li>\n<li>Modo de ahorro de energ\u00eda: S\u00ed<\/li>\n<\/ul>\n<p><strong>Empaquetado:<\/strong><\/p>\n<ul>\n<li>Soporte de sobremesa: S\u00ed<\/li>\n<li>Kit de montaje: S\u00ed<\/li>\n<li>Cables incluidos: Corriente alterna<\/li>\n<li>Mando a distancia incluido: S\u00ed<\/li>\n<li>Tipo de control remoto: TM2360E<\/li>\n<li>Manual electr\u00f3nico: S\u00ed<\/li>\n<li>Ancho del paquete: 1622 mm<\/li>\n<li>Profundidad del paquete: 185 mm<\/li>\n<li>Altura del paquete: 935 mm<\/li>\n<li>Peso del paquete: 35,5 kg<\/li>\n<\/ul>\n<p><strong>Sintonizador de la TV:<\/strong><\/p>\n<ul>\n<li>Tipo de sintonizador: Anal\u00f3gico y digital<\/li>\n<li>Formato de se\u00f1al digital: DVB-C, DVB-S2, DVB-T2<\/li>\n<\/ul>\n<p><strong>Caracter\u00edsticas de Administraci\u00f3n:<\/strong><\/p>\n<ul>\n<li>Universal Browse &amp; Play: S\u00ed<\/li>\n<li>Funciona con Samsung Bixby: S\u00ed<\/li>\n<li>Funciona con el Asistente de Google: S\u00ed<\/li>\n<li>Funciona con Amazon Alexa: S\u00ed<\/li>\n<li>Apagado autom\u00e1tico: S\u00ed<\/li>\n<li>Voice guide: S\u00ed<\/li>\n<li>Gu\u00eda electr\u00f3nica de programaci\u00f3n: S\u00ed<\/li>\n<li>Exhibici\u00f3n en pantalla (OSD): S\u00ed<\/li>\n<li>N\u00famero de lenguajes OSD: 28<\/li>\n<\/ul>\n<p><strong>Dise\u00f1o:<\/strong><\/p>\n<ul>\n<li>Color del producto: Negro<\/li>\n<li>Montaje VESA: S\u00ed<\/li>\n<li>Interfaz de panel de montaje: 400 x 300<\/li>\n<li>Bezel type: 4 Bezel-less<\/li>\n<li>Tipo de soporte: Soporte central<\/li>\n<li>Color del soporte: Negro<\/li>\n<\/ul>\n<p><strong>Desempe\u00f1o:<\/strong><\/p>\n<ul>\n<li>Alto Rango Din\u00e1mico (HDR): S\u00ed<\/li>\n<li>High Dynamic Range (HDR) technology: High Dynamic Range 10+ Adaptive (HDR10 Plus Adaptive), High Dynamic Range 10+ Gaming (HDR10 Plus Gaming), Hybrid Log-Gamma (HLG), Neo Quantum HDR+<\/li>\n<li>Modo de juego: S\u00ed<\/li>\n<li>Funciones de teletexto: S\u00ed<\/li>\n<li>Funci\u00f3n de subt\u00edtulos: S\u00ed<\/li>\n<li>Sensor de luz ambiental: S\u00ed<\/li>\n<li>Modo ambiente: Ambient Mode+<\/li>\n<li>Eco sensor: S\u00ed<\/li>\n<li>Brightness detection: S\u00ed<\/li>\n<li>Detecci\u00f3n del color: S\u00ed<\/li>\n<li>AI Upscale: S\u00ed<\/li>\n<li>Tecnolog\u00eda de procesamiento de imagen: Procesador Neural Quantum 4K, Samsung Real Depth Enhancer<\/li>\n<li>AMD FreeSync: S\u00ed<\/li>\n<li>Tipo de FreeSync de AMD: FreeSync Premium Pro<\/li>\n<li>Game features: Modo autom\u00e1tico de baja latencia (ALLM, Auto Low Latency Mode), Dynamic Black EQ, HGiG, Super Ultra Wide Game View<\/li>\n<li>Compatibilidad con la aplicaci\u00f3n SmartThings: S\u00ed<\/li>\n<li>Compatibilidad con Wireless Dex: S\u00ed<\/li>\n<li>Funci\u00f3n Multi View: S\u00ed<\/li>\n<li>Sonido de TV a dispositivo m\u00f3vil: S\u00ed<\/li>\n<li>MBR support: S\u00ed<\/li>\n<\/ul>\n<p><strong>Smart TV:<\/strong><\/p>\n<ul>\n<li>Grabaci\u00f3n diferida (timeshift): S\u00ed<\/li>\n<li>Sound mirroring: S\u00ed<\/li>\n<li>Modos inteligentes: Modo director<\/li>\n<li>Interacci\u00f3n de voz de campo lejano: S\u00ed<\/li>\n<li>Duplicaci\u00f3n de inicio de TV: S\u00ed<\/li>\n<li>TV por Internet: S\u00ed<\/li>\n<li>Smart TV: S\u00ed<\/li>\n<li>Sistema operativo instalado: Tizen<\/li>\n<\/ul>\n<p><strong>Conexi\u00f3n:<\/strong><\/p>\n<ul>\n<li>Wifi: S\u00ed<\/li>\n<li>Ethernet: S\u00ed<\/li>\n<li>Wi-Fi est\u00e1ndares: Wi-Fi 5 (802.11ac)<\/li>\n<li>Bluetooth: S\u00ed<\/li>\n<li>Versi\u00f3n de Bluetooth: 5.2<\/li>\n<li>Navegaci\u00f3n: S\u00ed<\/li>\n<li>Navegador web: S\u00ed<\/li>\n<\/ul>\n<\/div>\n","protected":false},"excerpt":{"rendered":"<p>Exhibici\u00f3n: Relaci\u00f3n de aspecto nativa: 16:9 Tecnolog\u00eda de interpolaci\u00f3n de movimiento: Motion Xcelerator Turbo Pro Frecuencia nativa de refresco: 100<\/p>\n","protected":false},"featured_media":210124,"comment_status":"open","ping_status":"closed","template":"","meta":{"_joinchat":[]},"product_cat":[6464,7069,795],"product_tag":[],"class_list":{"0":"post-210118","1":"product","2":"type-product","3":"status-publish","4":"has-post-thumbnail","6":"product_cat-televisores-electronica","7":"product_cat-tv-60-79","8":"product_cat-electronica","10":"first","11":"instock","12":"sale","13":"taxable","14":"shipping-taxable","15":"purchasable","16":"product-type-simple"},"_links":{"self":[{"href":"https:\/\/desdropi.com\/elparque\/wp-json\/wp\/v2\/product\/210118"}],"collection":[{"href":"https:\/\/desdropi.com\/elparque\/wp-json\/wp\/v2\/product"}],"about":[{"href":"https:\/\/desdropi.com\/elparque\/wp-json\/wp\/v2\/types\/product"}],"replies":[{"embeddable":true,"href":"https:\/\/desdropi.com\/elparque\/wp-json\/wp\/v2\/comments?post=210118"}],"version-history":[{"count":0,"href":"https:\/\/desdropi.com\/elparque\/wp-json\/wp\/v2\/product\/210118\/revisions"}],"wp:featuredmedia":[{"embeddable":true,"href":"https:\/\/desdropi.com\/elparque\/wp-json\/wp\/v2\/media\/210124"}],"wp:attachment":[{"href":"https:\/\/desdropi.com\/elparque\/wp-json\/wp\/v2\/media?parent=210118"}],"wp:term":[{"taxonomy":"product_cat","embeddable":true,"href":"https:\/\/desdropi.com\/elparque\/wp-json\/wp\/v2\/product_cat?post=210118"},{"taxonomy":"product_tag","embeddable":true,"href":"https:\/\/desdropi.com\/elparque\/wp-json\/wp\/v2\/product_tag?post=210118"}],"curies":[{"name":"wp","href":"https:\/\/api.w.org\/{rel}","templated":true}]}}