{"id":210168,"date":"2023-12-14T17:44:04","date_gmt":"2023-12-14T16:44:04","guid":{"rendered":"https:\/\/desdropi.com\/elparque\/?post_type=product&#038;p=210168"},"modified":"2024-05-17T13:01:51","modified_gmt":"2024-05-17T11:01:51","slug":"smartphone-realme-c53-8-256-674-champion-gold-copia","status":"publish","type":"product","link":"https:\/\/desdropi.com\/elparque\/smartphone-realme-c53-8-256-674-champion-gold-copia\/","title":{"rendered":"Smartphone Realme C53 8\/256 6,74&#8243; Champion Gold"},"content":{"rendered":"<div class=\"descripcion-tab\"><strong>Procesador:<\/strong><\/p>\n<ul>\n<li>Frecuencia del Procesador: Turbo de 1,82 GHz<\/li>\n<li>N\u00famero de N\u00facleos del Procesador: 8<\/li>\n<\/ul>\n<p><strong>Exhibici\u00f3n:<\/strong><\/p>\n<ul>\n<li>Forma de la Pantalla: Plana<\/li>\n<li>Brillo M\u00e1ximo de la Pantalla (Exteriores): 560 nits<\/li>\n<li>M\u00e1xima Velocidad de Actualizaci\u00f3n: 90 Hz<\/li>\n<li>N\u00famero de Colores de la Pantalla: 16,7 millones de colores<\/li>\n<li>Tama\u00f1o de la Pantalla: 17,1 cm<\/li>\n<\/ul>\n<p><strong>Puertos e Interfaces:<\/strong><\/p>\n<ul>\n<li>Puerto USB: S\u00ed<\/li>\n<li>Conector USB: USB Tipo C<\/li>\n<li>Conector de Auriculares: 3,5 mm<\/li>\n<\/ul>\n<p><strong>Peso y Dimensiones:<\/strong><\/p>\n<ul>\n<li>Ancho: 76,7 mm<\/li>\n<li>Profundidad: 7,49 mm<\/li>\n<li>Altura: 167,3 mm<\/li>\n<li>Peso: 182 g<\/li>\n<\/ul>\n<p><strong>Medios de Almacenaje:<\/strong><\/p>\n<ul>\n<li>RAM Interna: 8 GB<\/li>\n<li>Memoria Interna: 256 GB<\/li>\n<li>Tipo de Memoria RAM Interna: LPDDR4X<\/li>\n<li>Tipo de Ranura para Tarjeta de Memoria: Ranura Dedicada<\/li>\n<li>Tama\u00f1o M\u00e1ximo de Tarjeta de Memoria: 2 TB<\/li>\n<li>Tarjetas de Memoria Compatibles: MicroSD (TransFlash)<\/li>\n<\/ul>\n<p><strong>Navegaci\u00f3n:<\/strong><\/p>\n<ul>\n<li>Galileo: S\u00ed<\/li>\n<li>GPS (Sat\u00e9lite): S\u00ed<\/li>\n<li>GPS: S\u00ed<\/li>\n<li>GLONASS: S\u00ed<\/li>\n<\/ul>\n<p><strong>Software:<\/strong><\/p>\n<ul>\n<li>Plataforma: Android<\/li>\n<li>Fork del Sistema Operativo: realme UI<\/li>\n<li>Sistema Operativo Instalado: Android 13<\/li>\n<\/ul>\n<p><strong>C\u00e1mara Fotogr\u00e1fica:<\/strong><\/p>\n<ul>\n<li>Resoluci\u00f3n de la C\u00e1mara Trasera: 50 MP<\/li>\n<li>Modo Noche: S\u00ed<\/li>\n<li>Modo de Lapso de Tiempo: S\u00ed<\/li>\n<li>Modo de Alto Rango Din\u00e1mico (HDR) de la C\u00e1mara: S\u00ed<\/li>\n<li>Velocidad M\u00e1xima de Cuadro: 30 fps<\/li>\n<li>Panor\u00e1mica: S\u00ed<\/li>\n<li>Tipo de C\u00e1mara Frontal: C\u00e1mara \u00danica<\/li>\n<li>Flash en C\u00e1mara Trasera: S\u00ed<\/li>\n<li>Modo Retrato: S\u00ed<\/li>\n<li>Tipo de C\u00e1mara Trasera: C\u00e1mara Doble<\/li>\n<li>Resoluci\u00f3n de la C\u00e1mara Frontal: 8 MP<\/li>\n<li>Resoluci\u00f3n de Captura de Video: 1920 x 1080<\/li>\n<li>Modos de Grabaci\u00f3n de Video: 480p, 720p, 1080p<\/li>\n<li>Reconocimiento de Escena con Inteligencia Artificial: S\u00ed<\/li>\n<\/ul>\n<p><strong>Contenido del Embalaje:<\/strong><\/p>\n<ul>\n<li>Adaptador AC Incluido: S\u00ed<\/li>\n<li>Ejection Pin: S\u00ed<\/li>\n<li>Tarjeta de Garant\u00eda: S\u00ed<\/li>\n<li>Gu\u00eda de Configuraci\u00f3n R\u00e1pida: S\u00ed<\/li>\n<li>Potencia de Adaptador AC: 33 W<\/li>\n<li>Funda Protectora: S\u00ed<\/li>\n<li>Cables Incluidos: USB Tipo C<\/li>\n<\/ul>\n<p><strong>Sensores:<\/strong><\/p>\n<ul>\n<li>Giroscopio: S\u00ed<\/li>\n<li>Sensor de Proximidad: S\u00ed<\/li>\n<li>Sensor Magn\u00e9tico: S\u00ed<\/li>\n<li>Aceler\u00f3metro: S\u00ed<\/li>\n<li>Sensor de Luz Ambiental: S\u00ed<\/li>\n<\/ul>\n<p><strong>Bater\u00eda:<\/strong><\/p>\n<ul>\n<li>Capacidad de Bater\u00eda: 5000 mAh<\/li>\n<\/ul>\n<p><strong>Dise\u00f1o:<\/strong><\/p>\n<ul>\n<li>Factor de Forma: Barra<\/li>\n<li>Nombre del Color: Champion Gold<\/li>\n<li>Color del Tel\u00e9fono: Oro<\/li>\n<\/ul>\n<p><strong>Desempe\u00f1o:<\/strong><\/p>\n<ul>\n<li>Lector de Huella Digital: S\u00ed<\/li>\n<li>Tecnolog\u00eda de Carga R\u00e1pida: SuperVOOC<\/li>\n<li>Adaptador Gr\u00e1fico: Mali-G57<\/li>\n<li>Carga R\u00e1pida: S\u00ed<\/li>\n<\/ul>\n<p><strong>Conexi\u00f3n:<\/strong><\/p>\n<ul>\n<li>Capacidad de la Tarjeta SIM: Ranura H\u00edbrida Dual SIM<\/li>\n<li>Tipo de Tarjeta SIM: NanoSIM<\/li>\n<li>Wi-Fi: S\u00ed<\/li>\n<li>Generaci\u00f3n de Red M\u00f3vil: 4G<\/li>\n<li>Est\u00e1ndar 4G: TD-LTE &amp; FDD-LTE<\/li>\n<li>Est\u00e1ndares 3G: WCDMA<\/li>\n<li>Bluetooth: S\u00ed<\/li>\n<li>Versi\u00f3n de Bluetooth: 5.0<\/li>\n<\/ul>\n<\/div>\n","protected":false},"excerpt":{"rendered":"<p>Procesador: Frecuencia del Procesador: Turbo de 1,82 GHz N\u00famero de N\u00facleos del Procesador: 8 Exhibici\u00f3n: Forma de la Pantalla: Plana<\/p>\n","protected":false},"featured_media":200522,"comment_status":"open","ping_status":"closed","template":"","meta":{"_joinchat":[]},"product_cat":[6476,6480,7133],"product_tag":[],"class_list":{"0":"post-210168","1":"product","2":"type-product","3":"status-publish","4":"has-post-thumbnail","6":"product_cat-telefonos","7":"product_cat-android-smartphones-telefonos","8":"product_cat-ofertas-smartphones","10":"first","11":"instock","12":"sale","13":"taxable","14":"shipping-taxable","15":"purchasable","16":"product-type-simple"},"_links":{"self":[{"href":"https:\/\/desdropi.com\/elparque\/wp-json\/wp\/v2\/product\/210168"}],"collection":[{"href":"https:\/\/desdropi.com\/elparque\/wp-json\/wp\/v2\/product"}],"about":[{"href":"https:\/\/desdropi.com\/elparque\/wp-json\/wp\/v2\/types\/product"}],"replies":[{"embeddable":true,"href":"https:\/\/desdropi.com\/elparque\/wp-json\/wp\/v2\/comments?post=210168"}],"version-history":[{"count":0,"href":"https:\/\/desdropi.com\/elparque\/wp-json\/wp\/v2\/product\/210168\/revisions"}],"wp:featuredmedia":[{"embeddable":true,"href":"https:\/\/desdropi.com\/elparque\/wp-json\/wp\/v2\/media\/200522"}],"wp:attachment":[{"href":"https:\/\/desdropi.com\/elparque\/wp-json\/wp\/v2\/media?parent=210168"}],"wp:term":[{"taxonomy":"product_cat","embeddable":true,"href":"https:\/\/desdropi.com\/elparque\/wp-json\/wp\/v2\/product_cat?post=210168"},{"taxonomy":"product_tag","embeddable":true,"href":"https:\/\/desdropi.com\/elparque\/wp-json\/wp\/v2\/product_tag?post=210168"}],"curies":[{"name":"wp","href":"https:\/\/api.w.org\/{rel}","templated":true}]}}