{"id":210170,"date":"2023-12-14T17:58:10","date_gmt":"2023-12-14T16:58:10","guid":{"rendered":"https:\/\/desdropi.com\/elparque\/?post_type=product&#038;p=210170"},"modified":"2024-05-17T13:01:51","modified_gmt":"2024-05-17T11:01:51","slug":"smartphone-motorola-razr-40-8-256-69-verde","status":"publish","type":"product","link":"https:\/\/desdropi.com\/elparque\/smartphone-motorola-razr-40-8-256-69-verde\/","title":{"rendered":"Smartphone MOTOROLA RAZR 40 8\/256 6,9&#8243; VERDE"},"content":{"rendered":"<div class=\"descripcion-tab\">\n<p><strong>Procesador:<\/strong><\/p>\n<ul>\n<li>Familia de Procesador: Qualcomm Snapdragon<\/li>\n<li>Modelo del Procesador: 7 Gen 1<\/li>\n<li>Frecuencia del Procesador: 2,5 GHz<\/li>\n<\/ul>\n<p><strong>Exhibici\u00f3n:<\/strong><\/p>\n<ul>\n<li>Resoluci\u00f3n de la Pantalla: 2640 x 1080<\/li>\n<li>Forma de la Pantalla: Plana<\/li>\n<li>Tipo de Visualizador: AMOLED<\/li>\n<li>Densidad de P\u00edxeles: 413 ppi<\/li>\n<li>Relaci\u00f3n de Aspecto Nativa: 22:9<\/li>\n<li>Tecnolog\u00eda HDR: HDR10 Plus<\/li>\n<li>M\u00e1xima Velocidad de Actualizaci\u00f3n: 144 Hz<\/li>\n<li>Versi\u00f3n de Gorilla Glass: Gorilla Glass Victus<\/li>\n<li>Tipo de Cristal de Pantalla: Corning Glass<\/li>\n<li>Alto Rango Din\u00e1mico (HDR): S\u00ed<\/li>\n<li>Tama\u00f1o de la Pantalla: 17,5 cm<\/li>\n<\/ul>\n<p><strong>Puertos e Interfaces:<\/strong><\/p>\n<ul>\n<li>Puerto USB: S\u00ed<\/li>\n<li>Conector USB: USB Tipo C<\/li>\n<li>Versi\u00f3n USB: 2.0<\/li>\n<li>Conector de Auriculares: No compatible<\/li>\n<\/ul>\n<p><strong>Peso y Dimensiones:<\/strong><\/p>\n<ul>\n<li>Peso: 188,6 g<\/li>\n<li>Ancho: 74 mm<\/li>\n<li>Profundidad: 7,35 mm<\/li>\n<li>Altura: 170,8 mm<\/li>\n<li>Ancho de Plegado: 7,38 mm<\/li>\n<li>Profundidad de Plegado: 1,58 mm<\/li>\n<li>Altura de Plegado: 8,82 mm<\/li>\n<\/ul>\n<p><strong>Medios de Almacenaje:<\/strong><\/p>\n<ul>\n<li>Memoria Interna: 256 GB<\/li>\n<li>Tipo de Memoria RAM Interna: LPDDR4X<\/li>\n<li>RAM Interna: 8 GB<\/li>\n<\/ul>\n<p><strong>Navegaci\u00f3n:<\/strong><\/p>\n<ul>\n<li>Br\u00fajula Electr\u00f3nica: S\u00ed<\/li>\n<li>GPS (Sat\u00e9lite): S\u00ed<\/li>\n<li>GPS: S\u00ed<\/li>\n<li>GLONASS: S\u00ed<\/li>\n<li>Galileo: S\u00ed<\/li>\n<li>BeiDou: S\u00ed<\/li>\n<\/ul>\n<p><strong>Software:<\/strong><\/p>\n<ul>\n<li>Plataforma: Android<\/li>\n<li>Sistema Operativo Instalado: Android 13<\/li>\n<li>Huawei Mobile Services (HMS): No<\/li>\n<\/ul>\n<p><strong>C\u00e1mara Fotogr\u00e1fica:<\/strong><\/p>\n<ul>\n<li>Detector de Rostro: S\u00ed<\/li>\n<li>Tipo de C\u00e1mara Trasera: C\u00e1mara Doble<\/li>\n<li>Resoluci\u00f3n de la C\u00e1mara Trasera: 64 MP<\/li>\n<li>Resoluci\u00f3n de la Segunda C\u00e1mara Trasera: 13 MP<\/li>\n<li>Autoenfoque: S\u00ed<\/li>\n<li>Tipo de Estabilizador de Imagen: Optical Image Stabilization (OIS)<\/li>\n<li>Estabilizador de Imagen: S\u00ed<\/li>\n<li>Tama\u00f1o de P\u00edxeles de la C\u00e1mara Trasera: 0,7 \u00b5m<\/li>\n<li>Tama\u00f1o de P\u00edxeles de la Segunda C\u00e1mara Trasera: 1,12 \u00b5m<\/li>\n<li>Flash en C\u00e1mara Trasera: S\u00ed<\/li>\n<li>Tipo de Flash: LED<\/li>\n<li>\u00c1ngulo del Campo de Visi\u00f3n (FOV) de la C\u00e1mara Trasera: 120\u00b0<\/li>\n<li>Velocidad M\u00e1xima de Cuadro: 60 fps<\/li>\n<li>Detector de Sonrisa: S\u00ed<\/li>\n<li>Modo Retrato: S\u00ed<\/li>\n<li>Panor\u00e1mica: S\u00ed<\/li>\n<li>Modo de Alto Rango Din\u00e1mico (HDR) de la C\u00e1mara: S\u00ed<\/li>\n<li>Modo Noche: S\u00ed<\/li>\n<li>Disparador Autom\u00e1tico: S\u00ed<\/li>\n<\/ul>\n<p><strong>Contenido del Embalaje:<\/strong><\/p>\n<ul>\n<li>Adaptador AC Incluido: S\u00ed<\/li>\n<li>Gu\u00eda de Configuraci\u00f3n R\u00e1pida: S\u00ed<\/li>\n<li>Protector de Pantalla: S\u00ed<\/li>\n<li>Ejection Pin: S\u00ed<\/li>\n<li>Cables Incluidos: USB Tipo C<\/li>\n<\/ul>\n<p><strong>Sensores:<\/strong><\/p>\n<ul>\n<li>Sensor de Proximidad: S\u00ed<\/li>\n<li>Sensor de Luz Ambiental: S\u00ed<\/li>\n<li>Aceler\u00f3metro: S\u00ed<\/li>\n<li>Giroscopio: S\u00ed<\/li>\n<li>Sensor Magnet\u00f3metro: S\u00ed<\/li>\n<li>Bar\u00f3metro: S\u00ed<\/li>\n<\/ul>\n<p><strong>Bater\u00eda:<\/strong><\/p>\n<ul>\n<li>Capacidad de Bater\u00eda: 4200 mAh<\/li>\n<\/ul>\n<p><strong>Dise\u00f1o:<\/strong><\/p>\n<ul>\n<li>Factor de Forma: Concha<\/li>\n<li>Nombre del Color: Summer Lilac<\/li>\n<li>Funciones de Protecci\u00f3n: Resistente al Agua<\/li>\n<li>C\u00f3digo IP (Protecci\u00f3n Internacional): IP52<\/li>\n<li>Color del Tel\u00e9fono: Lila<\/li>\n<\/ul>\n<p><strong>Desempe\u00f1o:<\/strong><\/p>\n<ul>\n<li>Lector de Huella Digital: S\u00ed<\/li>\n<li>Reconocimiento de Cara: S\u00ed<\/li>\n<li>Cargador Inal\u00e1mbrico: S\u00ed<\/li>\n<li>Carga R\u00e1pida: S\u00ed<\/li>\n<li>Renovado: No<\/li>\n<\/ul>\n<p><strong>Multimedia:<\/strong><\/p>\n<ul>\n<li>Altavoces: Est\u00e9reo<\/li>\n<li>Sistema de Audio: Dolby Atmos<\/li>\n<\/ul>\n<p><strong>Suscripci\u00f3n:<\/strong><\/p>\n<ul>\n<li>Tipo de Suscripci\u00f3n: Sin Suscripci\u00f3n<\/li>\n<\/ul>\n<p><strong>Conexi\u00f3n:<\/strong><\/p>\n<ul>\n<li>Capacidad de la Tarjeta SIM: SIM Doble<\/li>\n<li>Generaci\u00f3n de Red M\u00f3vil: 5G<\/li>\n<li>Tipo de Tarjeta SIM: NanoSIM + eSIM<\/li>\n<li>Est\u00e1ndar 4G: LTE<\/li>\n<li>Bluetooth: S\u00ed<\/li>\n<li>Versi\u00f3n de Bluetooth: 5.3<\/li>\n<li>Wi-Fi: S\u00ed<\/li>\n<li>Est\u00e1ndares Wi-Fi: 802.11a, 802.11ad, 802.11b, 802.11g, Wi-Fi 4 (802.11n), Wi-Fi 5 (802.11ac), Wi-Fi 6 (802.11ax), Wi-Fi 6E (802.11ax)<\/li>\n<\/ul>\n<\/div>\n","protected":false},"excerpt":{"rendered":"<p>Procesador: Familia de Procesador: Qualcomm Snapdragon Modelo del Procesador: 7 Gen 1 Frecuencia del Procesador: 2,5 GHz Exhibici\u00f3n: Resoluci\u00f3n de<\/p>\n","protected":false},"featured_media":210175,"comment_status":"open","ping_status":"closed","template":"","meta":{"_joinchat":[]},"product_cat":[6476,6479,7133,795],"product_tag":[],"class_list":{"0":"post-210170","1":"product","2":"type-product","3":"status-publish","4":"has-post-thumbnail","6":"product_cat-telefonos","7":"product_cat-smartphones-telefonos","8":"product_cat-ofertas-smartphones","9":"product_cat-electronica","11":"first","12":"instock","13":"sale","14":"taxable","15":"shipping-taxable","16":"purchasable","17":"product-type-simple"},"_links":{"self":[{"href":"https:\/\/desdropi.com\/elparque\/wp-json\/wp\/v2\/product\/210170"}],"collection":[{"href":"https:\/\/desdropi.com\/elparque\/wp-json\/wp\/v2\/product"}],"about":[{"href":"https:\/\/desdropi.com\/elparque\/wp-json\/wp\/v2\/types\/product"}],"replies":[{"embeddable":true,"href":"https:\/\/desdropi.com\/elparque\/wp-json\/wp\/v2\/comments?post=210170"}],"version-history":[{"count":0,"href":"https:\/\/desdropi.com\/elparque\/wp-json\/wp\/v2\/product\/210170\/revisions"}],"wp:featuredmedia":[{"embeddable":true,"href":"https:\/\/desdropi.com\/elparque\/wp-json\/wp\/v2\/media\/210175"}],"wp:attachment":[{"href":"https:\/\/desdropi.com\/elparque\/wp-json\/wp\/v2\/media?parent=210170"}],"wp:term":[{"taxonomy":"product_cat","embeddable":true,"href":"https:\/\/desdropi.com\/elparque\/wp-json\/wp\/v2\/product_cat?post=210170"},{"taxonomy":"product_tag","embeddable":true,"href":"https:\/\/desdropi.com\/elparque\/wp-json\/wp\/v2\/product_tag?post=210170"}],"curies":[{"name":"wp","href":"https:\/\/api.w.org\/{rel}","templated":true}]}}