{"id":210236,"date":"2023-12-15T12:07:16","date_gmt":"2023-12-15T11:07:16","guid":{"rendered":"https:\/\/desdropi.com\/elparque\/?post_type=product&#038;p=210236"},"modified":"2024-05-17T13:03:32","modified_gmt":"2024-05-17T11:03:32","slug":"smartwatch-dcu-curved-glass-pro-negro","status":"publish","type":"product","link":"https:\/\/desdropi.com\/elparque\/smartwatch-dcu-curved-glass-pro-negro\/","title":{"rendered":"Smartwatch DCU CURVED GLASS PRO NEGRO"},"content":{"rendered":"<div class=\"descripcion-tab\">\n<p><strong>Exhibici\u00f3n:<\/strong><\/p>\n<ul>\n<li>Tipo de Visualizador: Digital<\/li>\n<li>Resoluci\u00f3n de la Pantalla: 240 x 284<\/li>\n<li>Pantalla T\u00e1ctil: S\u00ed<\/li>\n<li>Diagonal de la Pantalla: 4,65<\/li>\n<li>Pantalla a Color: S\u00ed<\/li>\n<\/ul>\n<p><strong>Puertos e Interfaces:<\/strong><\/p>\n<ul>\n<li>Versi\u00f3n de Bluetooth: 5.1<\/li>\n<li>Puerto USB: No<\/li>\n<li>Wifi: No<\/li>\n<li>Comunicaci\u00f3n de Campo Cercano (NFC): No<\/li>\n<\/ul>\n<p><strong>Peso y Dimensiones:<\/strong><\/p>\n<ul>\n<li>Ancho: 42<\/li>\n<li>Profundidad: 35<\/li>\n<li>Grosor: 9<\/li>\n<li>Peso: 36<\/li>\n<\/ul>\n<p><strong>Control de Energ\u00eda:<\/strong><\/p>\n<ul>\n<li>Tipo de Bater\u00eda: Bater\u00eda Integrada<\/li>\n<li>Tecnolog\u00eda de Bater\u00eda: Pol\u00edmero de Litio<\/li>\n<li>Capacidad de Bater\u00eda: 230<\/li>\n<li>Duraci\u00f3n de la Bater\u00eda: 15<\/li>\n<li>Tiempo de Carga: 3<\/li>\n<\/ul>\n<p><strong>Contenido del Embalaje:<\/strong><\/p>\n<ul>\n<li>Manual de Usuario: S\u00ed<\/li>\n<\/ul>\n<p><strong>Dise\u00f1o:<\/strong><\/p>\n<ul>\n<li>Forma: Rectangular<\/li>\n<li>Posicionamiento de Mercado: Reloj Inteligente<\/li>\n<li>Tama\u00f1o del Estuche del Reloj: 35<\/li>\n<li>Color de la Esfera: Negro<\/li>\n<li>Color de la Correa: Negro<\/li>\n<li>Material de la Banda: Silicona<\/li>\n<li>Tama\u00f1o de Banda: Talla \u00danica<\/li>\n<li>Longitud de la Correa: 24,2<\/li>\n<li>G\u00e9nero: Unisex<\/li>\n<li>Color de Hebilla: Met\u00e1lico<\/li>\n<li>Tipo de Cierre: Hebilla para Correa con una Clavija<\/li>\n<li>C\u00f3digo IP (International Protection): IP67<\/li>\n<li>Funciones de Protecci\u00f3n: Resistente al Agua<\/li>\n<\/ul>\n<p><strong>Desempe\u00f1o:<\/strong><\/p>\n<ul>\n<li>Micr\u00f3fono Incorporado: S\u00ed<\/li>\n<li>Altavoces Incorporados: S\u00ed<\/li>\n<li>C\u00e1mara Incorporada: No<\/li>\n<li>Radio FM: No<\/li>\n<\/ul>\n<p><strong>Caracter\u00edsticas:<\/strong><\/p>\n<ul>\n<li>Sensor Frecuencia Card\u00edaca: S\u00ed<\/li>\n<li>Tensi\u00f3metro: S\u00ed<\/li>\n<li>Sensor de Nivel de Ox\u00edgeno en Sangre: S\u00ed<\/li>\n<li>Calidad del Sue\u00f1o: S\u00ed<\/li>\n<li>Alarma: S\u00ed<\/li>\n<li>Calendario: S\u00ed<\/li>\n<li>Cron\u00f3metro: S\u00ed<\/li>\n<li>Alarma(s) Audibles: S\u00ed<\/li>\n<li>Visualizaci\u00f3n de Clima: S\u00ed<\/li>\n<li>Temporizador: S\u00ed<\/li>\n<li>Notificaciones de SMS: S\u00ed<\/li>\n<li>Notificaciones del Calendario: S\u00ed<\/li>\n<li>Distancia Recorrida: S\u00ed<\/li>\n<li>Pod\u00f3metro: S\u00ed<\/li>\n<li>Motor Vibratorio: S\u00ed<\/li>\n<li>Acceso Remoto para Responder al Tel\u00e9fono: S\u00ed<\/li>\n<li>Remote Capture Photo: S\u00ed<\/li>\n<li>Remote Music Playback: S\u00ed<\/li>\n<li>Supervisi\u00f3n de la Actividad: S\u00ed<\/li>\n<li>Notificaciones de Llamada: S\u00ed<\/li>\n<li>Calor\u00edas Quemadas: S\u00ed<\/li>\n<li>Identificador de Llamadas: S\u00ed<\/li>\n<\/ul>\n<p><strong>Conexi\u00f3n:<\/strong><\/p>\n<ul>\n<li>Tarjeta SIM Datos M\u00f3viles: No<\/li>\n<\/ul>\n<\/div>\n","protected":false},"excerpt":{"rendered":"<p>Exhibici\u00f3n: Tipo de Visualizador: Digital Resoluci\u00f3n de la Pantalla: 240 x 284 Pantalla T\u00e1ctil: S\u00ed Diagonal de la Pantalla: 4,65<\/p>\n","protected":false},"featured_media":210237,"comment_status":"open","ping_status":"closed","template":"","meta":{"_joinchat":[]},"product_cat":[6873,795],"product_tag":[],"class_list":{"0":"post-210236","1":"product","2":"type-product","3":"status-publish","4":"has-post-thumbnail","6":"product_cat-smartwatches","7":"product_cat-electronica","9":"first","10":"instock","11":"sale","12":"taxable","13":"shipping-taxable","14":"purchasable","15":"product-type-simple"},"_links":{"self":[{"href":"https:\/\/desdropi.com\/elparque\/wp-json\/wp\/v2\/product\/210236"}],"collection":[{"href":"https:\/\/desdropi.com\/elparque\/wp-json\/wp\/v2\/product"}],"about":[{"href":"https:\/\/desdropi.com\/elparque\/wp-json\/wp\/v2\/types\/product"}],"replies":[{"embeddable":true,"href":"https:\/\/desdropi.com\/elparque\/wp-json\/wp\/v2\/comments?post=210236"}],"version-history":[{"count":0,"href":"https:\/\/desdropi.com\/elparque\/wp-json\/wp\/v2\/product\/210236\/revisions"}],"wp:featuredmedia":[{"embeddable":true,"href":"https:\/\/desdropi.com\/elparque\/wp-json\/wp\/v2\/media\/210237"}],"wp:attachment":[{"href":"https:\/\/desdropi.com\/elparque\/wp-json\/wp\/v2\/media?parent=210236"}],"wp:term":[{"taxonomy":"product_cat","embeddable":true,"href":"https:\/\/desdropi.com\/elparque\/wp-json\/wp\/v2\/product_cat?post=210236"},{"taxonomy":"product_tag","embeddable":true,"href":"https:\/\/desdropi.com\/elparque\/wp-json\/wp\/v2\/product_tag?post=210236"}],"curies":[{"name":"wp","href":"https:\/\/api.w.org\/{rel}","templated":true}]}}