{"id":210358,"date":"2023-12-18T19:58:42","date_gmt":"2023-12-18T18:58:42","guid":{"rendered":"https:\/\/desdropi.com\/elparque\/?post_type=product&#038;p=210358"},"modified":"2024-05-17T13:01:53","modified_gmt":"2024-05-17T11:01:53","slug":"dental-oralb-vitality-pro-azul-1-recam-coss-act","status":"publish","type":"product","link":"https:\/\/desdropi.com\/elparque\/dental-oralb-vitality-pro-azul-1-recam-coss-act\/","title":{"rendered":"DENTAL ORALB VITALITY PRO AZUL 1 RECAM.COSS ACT"},"content":{"rendered":"<div class=\"descripcion-tab\">\n<strong>Peso y Dimensiones:<\/strong><\/p>\n<ul>\n<li>Tipo de embalaje: Caja<\/li>\n<\/ul>\n<p><strong>Control de Energ\u00eda:<\/strong><\/p>\n<ul>\n<li>Fuente de energ\u00eda: Bater\u00eda<\/li>\n<li>Bater\u00eda: S\u00ed<\/li>\n<li>Tipo de bater\u00eda: Bater\u00eda integrada<\/li>\n<li>Base de cargador: S\u00ed<\/li>\n<li>Bater\u00eda recargable: S\u00ed<\/li>\n<\/ul>\n<p><strong>Contenido del Embalaje:<\/strong><\/p>\n<ul>\n<li>N\u00famero de cabezales incluido: 2<\/li>\n<li>N\u00famero de empu\u00f1aduras incluidas: 1<\/li>\n<\/ul>\n<p><strong>Caracter\u00edsticas:<\/strong><\/p>\n<ul>\n<li>Utilizar con: Adulto<\/li>\n<li>Tipo de cepillo de dientes: Cepillo dental oscilante<\/li>\n<li>Velocidad ajustable: S\u00ed<\/li>\n<li>Duraci\u00f3n del temporizador: 2 min<\/li>\n<li>Temporizador integrado: S\u00ed<\/li>\n<li>N\u00famero de modos de cepillado de dientes: 3<\/li>\n<li>Modos del cepillo de dientes: Cuidados diarios, Super sensitive, Sensible<\/li>\n<li>Color del producto: Azul<\/li>\n<\/ul>\n<\/div>\n","protected":false},"excerpt":{"rendered":"<p>Peso y Dimensiones: Tipo de embalaje: Caja Control de Energ\u00eda: Fuente de energ\u00eda: Bater\u00eda Bater\u00eda: S\u00ed Tipo de bater\u00eda: Bater\u00eda<\/p>\n","protected":false},"featured_media":210359,"comment_status":"open","ping_status":"closed","template":"","meta":{"_joinchat":[]},"product_cat":[7016,7015,825,6097],"product_tag":[],"class_list":{"0":"post-210358","1":"product","2":"type-product","3":"status-publish","4":"has-post-thumbnail","6":"product_cat-dentales-higiene-y-salud-cuidado-personal","7":"product_cat-higiene-y-salud-cuidado-personal","8":"product_cat-pequeno-electrodomestico","9":"product_cat-cuidado-personal","11":"first","12":"instock","13":"taxable","14":"shipping-taxable","15":"purchasable","16":"product-type-simple"},"_links":{"self":[{"href":"https:\/\/desdropi.com\/elparque\/wp-json\/wp\/v2\/product\/210358"}],"collection":[{"href":"https:\/\/desdropi.com\/elparque\/wp-json\/wp\/v2\/product"}],"about":[{"href":"https:\/\/desdropi.com\/elparque\/wp-json\/wp\/v2\/types\/product"}],"replies":[{"embeddable":true,"href":"https:\/\/desdropi.com\/elparque\/wp-json\/wp\/v2\/comments?post=210358"}],"version-history":[{"count":0,"href":"https:\/\/desdropi.com\/elparque\/wp-json\/wp\/v2\/product\/210358\/revisions"}],"wp:featuredmedia":[{"embeddable":true,"href":"https:\/\/desdropi.com\/elparque\/wp-json\/wp\/v2\/media\/210359"}],"wp:attachment":[{"href":"https:\/\/desdropi.com\/elparque\/wp-json\/wp\/v2\/media?parent=210358"}],"wp:term":[{"taxonomy":"product_cat","embeddable":true,"href":"https:\/\/desdropi.com\/elparque\/wp-json\/wp\/v2\/product_cat?post=210358"},{"taxonomy":"product_tag","embeddable":true,"href":"https:\/\/desdropi.com\/elparque\/wp-json\/wp\/v2\/product_tag?post=210358"}],"curies":[{"name":"wp","href":"https:\/\/api.w.org\/{rel}","templated":true}]}}