{"id":210386,"date":"2023-12-19T12:12:40","date_gmt":"2023-12-19T11:12:40","guid":{"rendered":"https:\/\/desdropi.com\/elparque\/?post_type=product&#038;p=210386"},"modified":"2024-05-17T13:01:54","modified_gmt":"2024-05-17T11:01:54","slug":"dental-oralb-pro3-negro-pack-christ-4-crossact","status":"publish","type":"product","link":"https:\/\/desdropi.com\/elparque\/dental-oralb-pro3-negro-pack-christ-4-crossact\/","title":{"rendered":"DENTAL ORALB PRO3 NEGRO PACK CHRIST.4 CROSSACT"},"content":{"rendered":"<div class=\"descripcion-tab\">\n<strong>Peso y Dimensiones:<\/strong><\/p>\n<ul>\n<li>Tipo de embalaje: Caja<\/li>\n<\/ul>\n<p><strong>Control de Energ\u00eda:<\/strong><\/p>\n<ul>\n<li>Bater\u00eda recargable: S\u00ed<\/li>\n<li>Base de cargador: S\u00ed<\/li>\n<li>Recargable: S\u00ed<\/li>\n<li>Fuente de energ\u00eda: Bater\u00eda<\/li>\n<li>Bater\u00eda: S\u00ed<\/li>\n<li>Tecnolog\u00eda de bater\u00eda: Litio<\/li>\n<li>Tipo de bater\u00eda: Bater\u00eda integrada<\/li>\n<\/ul>\n<p><strong>Contenido del Embalaje:<\/strong><\/p>\n<ul>\n<li>N\u00famero de cabezales incluido: 1<\/li>\n<li>Manual de usuario: S\u00ed<\/li>\n<li>N\u00famero de empu\u00f1aduras incluidas: 1<\/li>\n<\/ul>\n<p><strong>Caracter\u00edsticas:<\/strong><\/p>\n<ul>\n<li>Servicio de asistencia mediante aplicaci\u00f3n m\u00f3vil: No<\/li>\n<li>Pa\u00eds de origen: Alemania<\/li>\n<li>Forma del cepillo: Alrededor<\/li>\n<li>Color del producto: Negro<\/li>\n<li>Control de la presi\u00f3n en las enc\u00edas: S\u00ed<\/li>\n<li>Sensor de presi\u00f3n visible: S\u00ed<\/li>\n<li>Sensor de presi\u00f3n: S\u00ed<\/li>\n<li>Modos del cepillo de dientes: Cuidados diarios, Sensible, Blanqueador<\/li>\n<li>N\u00famero de modos de cepillado de dientes: 3<\/li>\n<li>Duraci\u00f3n del temporizador: 2 min<\/li>\n<li>Temporizador integrado: S\u00ed<\/li>\n<li>Velocidad ajustable: S\u00ed<\/li>\n<li>Tipo de cepillo de dientes: Cepillo dental oscilante<\/li>\n<li>Utilizar con: Adulto<\/li>\n<\/ul>\n<\/div>\n","protected":false},"excerpt":{"rendered":"<p>Peso y Dimensiones: Tipo de embalaje: Caja Control de Energ\u00eda: Bater\u00eda recargable: S\u00ed Base de cargador: S\u00ed Recargable: S\u00ed Fuente<\/p>\n","protected":false},"featured_media":210389,"comment_status":"open","ping_status":"closed","template":"","meta":{"_joinchat":[]},"product_cat":[7016,7015,825,6097],"product_tag":[],"class_list":{"0":"post-210386","1":"product","2":"type-product","3":"status-publish","4":"has-post-thumbnail","6":"product_cat-dentales-higiene-y-salud-cuidado-personal","7":"product_cat-higiene-y-salud-cuidado-personal","8":"product_cat-pequeno-electrodomestico","9":"product_cat-cuidado-personal","11":"first","12":"instock","13":"taxable","14":"shipping-taxable","15":"purchasable","16":"product-type-simple"},"_links":{"self":[{"href":"https:\/\/desdropi.com\/elparque\/wp-json\/wp\/v2\/product\/210386"}],"collection":[{"href":"https:\/\/desdropi.com\/elparque\/wp-json\/wp\/v2\/product"}],"about":[{"href":"https:\/\/desdropi.com\/elparque\/wp-json\/wp\/v2\/types\/product"}],"replies":[{"embeddable":true,"href":"https:\/\/desdropi.com\/elparque\/wp-json\/wp\/v2\/comments?post=210386"}],"version-history":[{"count":0,"href":"https:\/\/desdropi.com\/elparque\/wp-json\/wp\/v2\/product\/210386\/revisions"}],"wp:featuredmedia":[{"embeddable":true,"href":"https:\/\/desdropi.com\/elparque\/wp-json\/wp\/v2\/media\/210389"}],"wp:attachment":[{"href":"https:\/\/desdropi.com\/elparque\/wp-json\/wp\/v2\/media?parent=210386"}],"wp:term":[{"taxonomy":"product_cat","embeddable":true,"href":"https:\/\/desdropi.com\/elparque\/wp-json\/wp\/v2\/product_cat?post=210386"},{"taxonomy":"product_tag","embeddable":true,"href":"https:\/\/desdropi.com\/elparque\/wp-json\/wp\/v2\/product_tag?post=210386"}],"curies":[{"name":"wp","href":"https:\/\/api.w.org\/{rel}","templated":true}]}}