{"id":210396,"date":"2023-12-19T12:45:44","date_gmt":"2023-12-19T11:45:44","guid":{"rendered":"https:\/\/desdropi.com\/elparque\/?post_type=product&#038;p=210396"},"modified":"2024-05-17T13:01:54","modified_gmt":"2024-05-17T11:01:54","slug":"dental-oralb-pro-3500-negroestuche-2","status":"publish","type":"product","link":"https:\/\/desdropi.com\/elparque\/dental-oralb-pro-3500-negroestuche-2\/","title":{"rendered":"Dental ORALB PRO 3500 NEGRO+ESTUCHE"},"content":{"rendered":"<div class=\"descripcion-tab\">\n<p><strong>Peso y Dimensiones:<\/strong><\/p>\n<ul>\n<li>Tipo de embalaje: Caja<\/li>\n<\/ul>\n<p><strong>Control de Energ\u00eda:<\/strong><\/p>\n<ul>\n<li>Fuente de energ\u00eda: Bater\u00eda<\/li>\n<li>Bater\u00eda: S\u00ed<\/li>\n<li>Tecnolog\u00eda de bater\u00eda: I\u00f3n de litio<\/li>\n<li>Tipo de bater\u00eda: Bater\u00eda integrada<\/li>\n<\/ul>\n<p><strong>Indicaci\u00f3n:<\/strong><\/p>\n<ul>\n<li>Luz de indicaci\u00f3n: S\u00ed<\/li>\n<\/ul>\n<p><strong>Contenido del Embalaje:<\/strong><\/p>\n<ul>\n<li>Estuche de viaje: S\u00ed<\/li>\n<li>Cargador: S\u00ed<\/li>\n<li>Manual de usuario: S\u00ed<\/li>\n<li>N\u00famero de empu\u00f1aduras incluidas: 1<\/li>\n<li>N\u00famero de cabezales incluido: 2<\/li>\n<\/ul>\n<p><strong>Caracter\u00edsticas:<\/strong><\/p>\n<ul>\n<li>Tipo de cepillo de dientes: Cepillo dental giratorio<\/li>\n<li>Utilizar con: Adulto<\/li>\n<li>Velocidad ajustable: No<\/li>\n<li>Temporizador integrado: S\u00ed<\/li>\n<li>Duraci\u00f3n del temporizador: 2 min, 4 x 30 s<\/li>\n<li>N\u00famero de modos de cepillado de dientes: 3<\/li>\n<li>Modos del cepillo de dientes: Cuidados diarios, Sensible, Blanqueador<\/li>\n<li>Color del producto: Negro<\/li>\n<li>Color del mando: Negro<\/li>\n<li>Forma del cepillo: Alrededor<\/li>\n<li>Servicio de asistencia mediante aplicaci\u00f3n m\u00f3vil: No<\/li>\n<li>Efecto 3D: S\u00ed<\/li>\n<\/ul>\n<\/div>\n","protected":false},"excerpt":{"rendered":"<p>Peso y Dimensiones: Tipo de embalaje: Caja Control de Energ\u00eda: Fuente de energ\u00eda: Bater\u00eda Bater\u00eda: S\u00ed Tecnolog\u00eda de bater\u00eda: I\u00f3n<\/p>\n","protected":false},"featured_media":210397,"comment_status":"open","ping_status":"closed","template":"","meta":{"_joinchat":[]},"product_cat":[7015,7016,825,6097],"product_tag":[],"class_list":{"0":"post-210396","1":"product","2":"type-product","3":"status-publish","4":"has-post-thumbnail","6":"product_cat-higiene-y-salud-cuidado-personal","7":"product_cat-dentales-higiene-y-salud-cuidado-personal","8":"product_cat-pequeno-electrodomestico","9":"product_cat-cuidado-personal","11":"first","12":"instock","13":"taxable","14":"shipping-taxable","15":"purchasable","16":"product-type-simple"},"_links":{"self":[{"href":"https:\/\/desdropi.com\/elparque\/wp-json\/wp\/v2\/product\/210396"}],"collection":[{"href":"https:\/\/desdropi.com\/elparque\/wp-json\/wp\/v2\/product"}],"about":[{"href":"https:\/\/desdropi.com\/elparque\/wp-json\/wp\/v2\/types\/product"}],"replies":[{"embeddable":true,"href":"https:\/\/desdropi.com\/elparque\/wp-json\/wp\/v2\/comments?post=210396"}],"version-history":[{"count":0,"href":"https:\/\/desdropi.com\/elparque\/wp-json\/wp\/v2\/product\/210396\/revisions"}],"wp:featuredmedia":[{"embeddable":true,"href":"https:\/\/desdropi.com\/elparque\/wp-json\/wp\/v2\/media\/210397"}],"wp:attachment":[{"href":"https:\/\/desdropi.com\/elparque\/wp-json\/wp\/v2\/media?parent=210396"}],"wp:term":[{"taxonomy":"product_cat","embeddable":true,"href":"https:\/\/desdropi.com\/elparque\/wp-json\/wp\/v2\/product_cat?post=210396"},{"taxonomy":"product_tag","embeddable":true,"href":"https:\/\/desdropi.com\/elparque\/wp-json\/wp\/v2\/product_tag?post=210396"}],"curies":[{"name":"wp","href":"https:\/\/api.w.org\/{rel}","templated":true}]}}