{"id":210473,"date":"2023-12-20T18:29:40","date_gmt":"2023-12-20T17:29:40","guid":{"rendered":"https:\/\/desdropi.com\/elparque\/?post_type=product&#038;p=210473"},"modified":"2024-05-17T13:01:57","modified_gmt":"2024-05-17T11:01:57","slug":"plancha-pelo-jata-jbpp5570-marco-aldany","status":"publish","type":"product","link":"https:\/\/desdropi.com\/elparque\/plancha-pelo-jata-jbpp5570-marco-aldany\/","title":{"rendered":"PLANCHA PELO JATA JBPP5570 MARCO ALDANY"},"content":{"rendered":"<div class=\"descripcion-tab\">\n<p><strong>Peso y Dimensiones:<\/strong><\/p>\n<ul>\n<li>Ancho de placa: 11 cm<\/li>\n<li>Profundidad de placa: 3.6 cm<\/li>\n<\/ul>\n<p><strong>Control de Energ\u00eda:<\/strong><\/p>\n<ul>\n<li>Potencia: 60 W<\/li>\n<li>Fuente de energ\u00eda: Corriente alterna<\/li>\n<li>Voltaje variable: S\u00ed<\/li>\n<\/ul>\n<p><strong>Empaquetado:<\/strong><\/p>\n<ul>\n<li>Cantidad por paquete: 1<\/li>\n<li>Peso del paquete: 570 g<\/li>\n<li>Ancho del paquete: 36 cm<\/li>\n<li>Profundidad del paquete: 6 cm<\/li>\n<li>Altura del paquete: 9.5 cm<\/li>\n<\/ul>\n<p><strong>Ergonom\u00eda:<\/strong><\/p>\n<ul>\n<li>Apagado autom\u00e1tico: S\u00ed<\/li>\n<li>Pantalla incorporada: S\u00ed<\/li>\n<li>Interruptor de encendido\/apagado integrado: S\u00ed<\/li>\n<li>Longitud del cable: 2 m<\/li>\n<li>Cable giratorio: S\u00ed<\/li>\n<li>Bloqueo del teclado: S\u00ed<\/li>\n<li>Luz de indicaci\u00f3n: S\u00ed<\/li>\n<\/ul>\n<p><strong>Dise\u00f1o:<\/strong><\/p>\n<ul>\n<li>Color del producto: Negro, Azul<\/li>\n<li>Para colgar: S\u00ed<\/li>\n<li>Tipo de colgador: Con agujero en la empu\u00f1adura para colgar<\/li>\n<li>Material de la placa: Cer\u00e1mico<\/li>\n<\/ul>\n<p><strong>Desempe\u00f1o:<\/strong><\/p>\n<ul>\n<li>Tipo: Plancha de pelo<\/li>\n<li>Tecnolog\u00eda: Caliente<\/li>\n<li>Hair straightening: S\u00ed<\/li>\n<li>Hair curling: No<\/li>\n<li>Hair texturizing: No<\/li>\n<li>Hair drying: No<\/li>\n<li>Funci\u00f3n i\u00f3nica: S\u00ed<\/li>\n<li>Sistema de calefacci\u00f3n de cer\u00e1mica: S\u00ed<\/li>\n<li>Ajustes de termostato: S\u00ed<\/li>\n<li>Ajuste de calefacci\u00f3n: 3<\/li>\n<li>Tipo de control: Botones<\/li>\n<li>Temperatura (min): 100 \u00b0C<\/li>\n<li>Temperatura (m\u00e1x): 230 \u00b0C<\/li>\n<li>Calentamiento r\u00e1pido: S\u00ed<\/li>\n<\/ul>\n<\/div>\n","protected":false},"excerpt":{"rendered":"<p><span style=\"color: #ff0000;\"><strong>Mascarilla Marco Aldany de regalo <a href=\"https:\/\/www.marcoaldany.com\/ofertas-jata\/\">aqu\u00ed<\/a><\/strong><\/span><\/p>\n","protected":false},"featured_media":210477,"comment_status":"open","ping_status":"closed","template":"","meta":{"_joinchat":[]},"product_cat":[6510,6512,825,6097],"product_tag":[],"class_list":{"0":"post-210473","1":"product","2":"type-product","3":"status-publish","4":"has-post-thumbnail","6":"product_cat-vello-y-pelo","7":"product_cat-planchas-de-pelo","8":"product_cat-pequeno-electrodomestico","9":"product_cat-cuidado-personal","11":"first","12":"instock","13":"taxable","14":"shipping-taxable","15":"purchasable","16":"product-type-simple"},"_links":{"self":[{"href":"https:\/\/desdropi.com\/elparque\/wp-json\/wp\/v2\/product\/210473"}],"collection":[{"href":"https:\/\/desdropi.com\/elparque\/wp-json\/wp\/v2\/product"}],"about":[{"href":"https:\/\/desdropi.com\/elparque\/wp-json\/wp\/v2\/types\/product"}],"replies":[{"embeddable":true,"href":"https:\/\/desdropi.com\/elparque\/wp-json\/wp\/v2\/comments?post=210473"}],"version-history":[{"count":0,"href":"https:\/\/desdropi.com\/elparque\/wp-json\/wp\/v2\/product\/210473\/revisions"}],"wp:featuredmedia":[{"embeddable":true,"href":"https:\/\/desdropi.com\/elparque\/wp-json\/wp\/v2\/media\/210477"}],"wp:attachment":[{"href":"https:\/\/desdropi.com\/elparque\/wp-json\/wp\/v2\/media?parent=210473"}],"wp:term":[{"taxonomy":"product_cat","embeddable":true,"href":"https:\/\/desdropi.com\/elparque\/wp-json\/wp\/v2\/product_cat?post=210473"},{"taxonomy":"product_tag","embeddable":true,"href":"https:\/\/desdropi.com\/elparque\/wp-json\/wp\/v2\/product_tag?post=210473"}],"curies":[{"name":"wp","href":"https:\/\/api.w.org\/{rel}","templated":true}]}}