{"id":210481,"date":"2023-12-20T18:41:51","date_gmt":"2023-12-20T17:41:51","guid":{"rendered":"https:\/\/desdropi.com\/elparque\/?post_type=product&#038;p=210481"},"modified":"2024-05-17T13:01:57","modified_gmt":"2024-05-17T11:01:57","slug":"secador-jata-jbsc5577-2000w-marco-aldany-ion-difus","status":"publish","type":"product","link":"https:\/\/desdropi.com\/elparque\/secador-jata-jbsc5577-2000w-marco-aldany-ion-difus\/","title":{"rendered":"Secador JATA JBSC5577 2000W MARCO ALDANY ION DIFUS"},"content":{"rendered":"<div class=\"descripcion-tab\">\n<strong>Control de Energ\u00eda:<\/strong><\/p>\n<ul>\n<li>Potencia: 2000 W<\/li>\n<li>Voltaje de entrada AC: 230 V<\/li>\n<\/ul>\n<p><strong>Empaquetado:<\/strong><\/p>\n<ul>\n<li>Cantidad por paquete: 1<\/li>\n<li>Peso del paquete: 1.22 kg<\/li>\n<li>Ancho del paquete: 31 cm<\/li>\n<li>Profundidad del paquete: 9 cm<\/li>\n<li>Altura del paquete: 29.5 cm<\/li>\n<\/ul>\n<p><strong>Contenido del Embalaje:<\/strong><\/p>\n<ul>\n<li>Difusor de la boquilla: S\u00ed<\/li>\n<li>Boquilla concentradora: S\u00ed<\/li>\n<\/ul>\n<p><strong>Dise\u00f1o:<\/strong><\/p>\n<ul>\n<li>Color del producto: Negro, Turquesa<\/li>\n<li>Dise\u00f1ado para viaje: No<\/li>\n<li>Longitud del cable: 3 m<\/li>\n<li>Indicador luminoso de energ\u00eda: S\u00ed<\/li>\n<\/ul>\n<p><strong>Desempe\u00f1o:<\/strong><\/p>\n<ul>\n<li>Funci\u00f3n de disparo fr\u00edo: S\u00ed<\/li>\n<li>Funci\u00f3n i\u00f3nica: S\u00ed<\/li>\n<li>N\u00famero de velocidades: 2<\/li>\n<li>Ajuste de calefacci\u00f3n: 3<\/li>\n<li>Tipo de Motor: CC<\/li>\n<li>Velocidad del motor: 110,000 RPM<\/li>\n<li>Temperatura ajustable: S\u00ed<\/li>\n<li>N\u00famero de ajustes de temperatura: 3<\/li>\n<\/ul>\n<\/div>\n","protected":false},"excerpt":{"rendered":"<p>Control de Energ\u00eda: Potencia: 2000 W Voltaje de entrada AC: 230 V Empaquetado: Cantidad por paquete: 1 Peso del paquete:<\/p>\n","protected":false},"featured_media":210485,"comment_status":"open","ping_status":"closed","template":"","meta":{"_joinchat":[]},"product_cat":[6511,6510,825,6097],"product_tag":[],"class_list":{"0":"post-210481","1":"product","2":"type-product","3":"status-publish","4":"has-post-thumbnail","6":"product_cat-secadores-de-pelo","7":"product_cat-vello-y-pelo","8":"product_cat-pequeno-electrodomestico","9":"product_cat-cuidado-personal","11":"first","12":"instock","13":"taxable","14":"shipping-taxable","15":"purchasable","16":"product-type-simple"},"_links":{"self":[{"href":"https:\/\/desdropi.com\/elparque\/wp-json\/wp\/v2\/product\/210481"}],"collection":[{"href":"https:\/\/desdropi.com\/elparque\/wp-json\/wp\/v2\/product"}],"about":[{"href":"https:\/\/desdropi.com\/elparque\/wp-json\/wp\/v2\/types\/product"}],"replies":[{"embeddable":true,"href":"https:\/\/desdropi.com\/elparque\/wp-json\/wp\/v2\/comments?post=210481"}],"version-history":[{"count":0,"href":"https:\/\/desdropi.com\/elparque\/wp-json\/wp\/v2\/product\/210481\/revisions"}],"wp:featuredmedia":[{"embeddable":true,"href":"https:\/\/desdropi.com\/elparque\/wp-json\/wp\/v2\/media\/210485"}],"wp:attachment":[{"href":"https:\/\/desdropi.com\/elparque\/wp-json\/wp\/v2\/media?parent=210481"}],"wp:term":[{"taxonomy":"product_cat","embeddable":true,"href":"https:\/\/desdropi.com\/elparque\/wp-json\/wp\/v2\/product_cat?post=210481"},{"taxonomy":"product_tag","embeddable":true,"href":"https:\/\/desdropi.com\/elparque\/wp-json\/wp\/v2\/product_tag?post=210481"}],"curies":[{"name":"wp","href":"https:\/\/api.w.org\/{rel}","templated":true}]}}