{"id":210496,"date":"2023-12-20T20:11:32","date_gmt":"2023-12-20T19:11:32","guid":{"rendered":"https:\/\/desdropi.com\/elparque\/?post_type=product&#038;p=210496"},"modified":"2024-05-17T13:01:57","modified_gmt":"2024-05-17T11:01:57","slug":"cafetera-bosch-tas1002nv-tassimo-happy-ngrdto-cafe","status":"publish","type":"product","link":"https:\/\/desdropi.com\/elparque\/cafetera-bosch-tas1002nv-tassimo-happy-ngrdto-cafe\/","title":{"rendered":"Cafetera BOSCH TAS1002NV TASSIMO HAPPY NGR+DTO.CAFE"},"content":{"rendered":"<div class=\"descripcion-tab\">\n<strong>Peso y Dimensiones:<\/strong><\/p>\n<ul>\n<li>Ancho: 175 mm<\/li>\n<li>Altura: 265 mm<\/li>\n<li>Profundidad: 305 mm<\/li>\n<li>Peso: 2,32 kg<\/li>\n<\/ul>\n<p><strong>Control de Energ\u00eda:<\/strong><\/p>\n<ul>\n<li>Potencia: 1400 W<\/li>\n<li>Voltaje de entrada AC: 220 &#8211; 240 V<\/li>\n<li>Frecuencia de entrada AC: 50 &#8211; 60 Hz<\/li>\n<li>Apagado autom\u00e1tico: S\u00ed<\/li>\n<\/ul>\n<p><strong>Empaquetado:<\/strong><\/p>\n<ul>\n<li>Cantidad por paquete: 1<\/li>\n<li>Ancho del paquete: 225 mm<\/li>\n<li>Profundidad del paquete: 360 mm<\/li>\n<li>Altura del paquete: 305 mm<\/li>\n<li>Peso del paquete: 2,58 kg<\/li>\n<\/ul>\n<p><strong>Ergonom\u00eda:<\/strong><\/p>\n<ul>\n<li>Color del producto: Negro<\/li>\n<li>Tipo de control: Botones<\/li>\n<li>Pantalla incorporada: No<\/li>\n<li>Longitud del cable: 0,9 m<\/li>\n<li>Luz de indicaci\u00f3n: S\u00ed<\/li>\n<li>Indicador de cal: S\u00ed<\/li>\n<\/ul>\n<p><strong>Desempe\u00f1o:<\/strong><\/p>\n<ul>\n<li>Appliance placement: Encimera<\/li>\n<li>Tipo de cafetera: Cafetera combinada<\/li>\n<li>Capacidad de reservorio de agua: 0,7 L<\/li>\n<li>M\u00e1quina de caf\u00e9: Totalmente autom\u00e1tica<\/li>\n<li>Caf\u00e9 tipo de entrada: C\u00e1psula de caf\u00e9<\/li>\n<li>Coffee capsule\/pod system: T DISC<\/li>\n<li>Dep\u00f3sito para caf\u00e9 preparado: Taza<\/li>\n<li>Molinillo integrado: No<\/li>\n<li>Intensidad del caf\u00e9 ajustable: No<\/li>\n<li>Hot water system: S\u00ed<\/li>\n<li>Sistema antical autom\u00e1tico: S\u00ed<\/li>\n<li>La funci\u00f3n Calc-clean: S\u00ed<\/li>\n<li>Marca compatible: Bosch Tassimo<\/li>\n<\/ul>\n<p><strong>Funciones y Programas de Cocina:<\/strong><\/p>\n<ul>\n<li>Preparaci\u00f3n de espresso: S\u00ed<\/li>\n<li>Preparaci\u00f3n de cappuccino: S\u00ed<\/li>\n<li>Preparaci\u00f3n de chocolate caliente: S\u00ed<\/li>\n<li>Preparaci\u00f3n de t\u00e9: S\u00ed<\/li>\n<li>Preparaci\u00f3n de latte macchiato: S\u00ed<\/li>\n<li>N\u00famero de programas: 5<\/li>\n<\/ul>\n<\/div>\n","protected":false},"excerpt":{"rendered":"<p>Peso y Dimensiones: Ancho: 175 mm Altura: 265 mm Profundidad: 305 mm Peso: 2,32 kg Control de Energ\u00eda: Potencia: 1400<\/p>\n","protected":false},"featured_media":210501,"comment_status":"open","ping_status":"closed","template":"","meta":{"_joinchat":[]},"product_cat":[6516,6863,825],"product_tag":[],"class_list":{"0":"post-210496","1":"product","2":"type-product","3":"status-publish","4":"has-post-thumbnail","6":"product_cat-cafeteras-pequeno-electrodomestico","7":"product_cat-de-capsulas","8":"product_cat-pequeno-electrodomestico","10":"first","11":"instock","12":"taxable","13":"shipping-taxable","14":"purchasable","15":"product-type-simple"},"_links":{"self":[{"href":"https:\/\/desdropi.com\/elparque\/wp-json\/wp\/v2\/product\/210496"}],"collection":[{"href":"https:\/\/desdropi.com\/elparque\/wp-json\/wp\/v2\/product"}],"about":[{"href":"https:\/\/desdropi.com\/elparque\/wp-json\/wp\/v2\/types\/product"}],"replies":[{"embeddable":true,"href":"https:\/\/desdropi.com\/elparque\/wp-json\/wp\/v2\/comments?post=210496"}],"version-history":[{"count":0,"href":"https:\/\/desdropi.com\/elparque\/wp-json\/wp\/v2\/product\/210496\/revisions"}],"wp:featuredmedia":[{"embeddable":true,"href":"https:\/\/desdropi.com\/elparque\/wp-json\/wp\/v2\/media\/210501"}],"wp:attachment":[{"href":"https:\/\/desdropi.com\/elparque\/wp-json\/wp\/v2\/media?parent=210496"}],"wp:term":[{"taxonomy":"product_cat","embeddable":true,"href":"https:\/\/desdropi.com\/elparque\/wp-json\/wp\/v2\/product_cat?post=210496"},{"taxonomy":"product_tag","embeddable":true,"href":"https:\/\/desdropi.com\/elparque\/wp-json\/wp\/v2\/product_tag?post=210496"}],"curies":[{"name":"wp","href":"https:\/\/api.w.org\/{rel}","templated":true}]}}