{"id":210521,"date":"2023-12-21T13:02:40","date_gmt":"2023-12-21T12:02:40","guid":{"rendered":"https:\/\/desdropi.com\/elparque\/?post_type=product&#038;p=210521"},"modified":"2024-02-29T00:00:04","modified_gmt":"2024-02-28T23:00:04","slug":"cafetera-delonghi-edg210r-piccolo-xs-dolce-gusto","status":"publish","type":"product","link":"https:\/\/desdropi.com\/elparque\/cafetera-delonghi-edg210r-piccolo-xs-dolce-gusto\/","title":{"rendered":"Cafetera DELONGHI EDG210R PICCOLO XS DOLCE GUSTO"},"content":{"rendered":"<div class=\"descripcion-tab\"><strong>Peso y Dimensiones:<\/strong><\/p>\n<ul>\n<li>Ancho: 136 mm<\/li>\n<li>Profundidad: 266 mm<\/li>\n<li>Altura: 276 mm<\/li>\n<li>Peso: 2.1 kg<\/li>\n<\/ul>\n<p><strong>Control de Energ\u00eda:<\/strong><\/p>\n<ul>\n<li>Potencia: 1400 W<\/li>\n<\/ul>\n<p><strong>Empaquetado:<\/strong><\/p>\n<ul>\n<li>Cantidad por paquete: 1 pieza(s)<\/li>\n<\/ul>\n<p><strong>Contenido del Embalaje:<\/strong><\/p>\n<ul>\n<li>Manual de usuario: S\u00ed<\/li>\n<\/ul>\n<p><strong>Ergonom\u00eda:<\/strong><\/p>\n<ul>\n<li>Ajustes contra chorreos\/goteos: Vertical<\/li>\n<li>Color del producto: Negro, Rojo<\/li>\n<li>Tipo de control: Botones<\/li>\n<li>Pantalla incorporada: No<\/li>\n<li>Reservorio de agua extra\u00edble: S\u00ed<\/li>\n<li>Bandeja de goteo extra\u00edble: S\u00ed<\/li>\n<\/ul>\n<p><strong>Desempe\u00f1o:<\/strong><\/p>\n<ul>\n<li>Dise\u00f1o: Encimera<\/li>\n<li>Tipo de cafetera: C\u00e1psulas<\/li>\n<li>Capacidad de reservorio de agua: 0.8 L<\/li>\n<li>M\u00e1quina de caf\u00e9: Semi-autom\u00e1tica<\/li>\n<li>Caf\u00e9 tipo de entrada: C\u00e1psula de caf\u00e9<\/li>\n<li>Dep\u00f3sito para caf\u00e9 preparado: Taza<\/li>\n<li>Capacidad en tazas: 1 taza<\/li>\n<li>Presi\u00f3n m\u00e1xima de funcionamiento (bares): 15<\/li>\n<li>Molinillo integrado: No<\/li>\n<li>N\u00famero de surtidores: 1<\/li>\n<li>Marca compatible: Nescafe Dolce Gusto<\/li>\n<li>Partes de platos a prueba de agua: S\u00ed<\/li>\n<li>Coffee capsule\/pod system: Dolce Gusto<\/li>\n<\/ul>\n<p><strong>Funciones y Programas de Cocina:<\/strong><\/p>\n<ul>\n<li>Preparaci\u00f3n de caf\u00e9: S\u00ed<\/li>\n<li>Preparaci\u00f3n de espresso: S\u00ed<\/li>\n<li>Preparaci\u00f3n de cappuccino: S\u00ed<\/li>\n<li>Preparaci\u00f3n de t\u00e9: S\u00ed<\/li>\n<li>Preparaci\u00f3n de bebidas calientes y fr\u00edas: S\u00ed<\/li>\n<\/ul>\n<\/div>\n","protected":false},"excerpt":{"rendered":"<p>Peso y Dimensiones: Ancho: 136 mm Profundidad: 266 mm Altura: 276 mm Peso: 2.1 kg Control de Energ\u00eda: Potencia: 1400<\/p>\n","protected":false},"featured_media":210523,"comment_status":"open","ping_status":"closed","template":"","meta":{"_joinchat":[]},"product_cat":[6516,6863,825],"product_tag":[],"class_list":{"0":"post-210521","1":"product","2":"type-product","3":"status-publish","4":"has-post-thumbnail","6":"product_cat-cafeteras-pequeno-electrodomestico","7":"product_cat-de-capsulas","8":"product_cat-pequeno-electrodomestico","10":"first","11":"instock","12":"taxable","13":"shipping-taxable","14":"purchasable","15":"product-type-simple"},"_links":{"self":[{"href":"https:\/\/desdropi.com\/elparque\/wp-json\/wp\/v2\/product\/210521"}],"collection":[{"href":"https:\/\/desdropi.com\/elparque\/wp-json\/wp\/v2\/product"}],"about":[{"href":"https:\/\/desdropi.com\/elparque\/wp-json\/wp\/v2\/types\/product"}],"replies":[{"embeddable":true,"href":"https:\/\/desdropi.com\/elparque\/wp-json\/wp\/v2\/comments?post=210521"}],"version-history":[{"count":0,"href":"https:\/\/desdropi.com\/elparque\/wp-json\/wp\/v2\/product\/210521\/revisions"}],"wp:featuredmedia":[{"embeddable":true,"href":"https:\/\/desdropi.com\/elparque\/wp-json\/wp\/v2\/media\/210523"}],"wp:attachment":[{"href":"https:\/\/desdropi.com\/elparque\/wp-json\/wp\/v2\/media?parent=210521"}],"wp:term":[{"taxonomy":"product_cat","embeddable":true,"href":"https:\/\/desdropi.com\/elparque\/wp-json\/wp\/v2\/product_cat?post=210521"},{"taxonomy":"product_tag","embeddable":true,"href":"https:\/\/desdropi.com\/elparque\/wp-json\/wp\/v2\/product_tag?post=210521"}],"curies":[{"name":"wp","href":"https:\/\/api.w.org\/{rel}","templated":true}]}}