{"id":210543,"date":"2023-12-21T13:34:19","date_gmt":"2023-12-21T12:34:19","guid":{"rendered":"https:\/\/desdropi.com\/elparque\/?post_type=product&#038;p=210543"},"modified":"2024-05-17T13:01:58","modified_gmt":"2024-05-17T11:01:58","slug":"satisfyer-pro-2-azul","status":"publish","type":"product","link":"https:\/\/desdropi.com\/elparque\/satisfyer-pro-2-azul\/","title":{"rendered":"SATISFYER PRO 2 AZUL"},"content":{"rendered":"<div class=\"descripcion-tab\">\n<p><strong>Bater\u00eda:<\/strong><\/p>\n<ul>\n<li>Tipo de bater\u00eda: Iones de litio, recargable por USB<\/li>\n<\/ul>\n<p><strong>Caracter\u00edsticas:<\/strong><\/p>\n<ul>\n<li>Uso adecuado: 11 intensidades de ondas de presi\u00f3n<\/li>\n<li>Color del producto: Azul, blanco<\/li>\n<li>Material: Silicona agradable al cuerpo<\/li>\n<li>Tipo de producto: Vibrador personal<\/li>\n<li>Velocidad: 11 intensidades de ondas de presi\u00f3n<\/li>\n<\/ul>\n<p><strong>Caracter\u00edsticas Especiales:<\/strong><\/p>\n<ul>\n<li>90% m\u00e1s silencioso<\/li>\n<li>T\u00e9cnica de presi\u00f3n sin contacto para mayor placer<\/li>\n<\/ul>\n<p><strong>Color:<\/strong><\/p>\n<ul>\n<li>Azul<\/li>\n<\/ul>\n<p><strong>Caracter\u00edsticas:<\/strong><\/p>\n<ul>\n<li>Cabezal ovalado<\/li>\n<li>Bot\u00f3n +\/-.<\/li>\n<\/ul>\n<p><strong>Funciones:<\/strong><\/p>\n<ul>\n<li>Estimulaci\u00f3n del cl\u00edtoris mediante ondas de presi\u00f3n<\/li>\n<li>Modo de susurro<\/li>\n<\/ul>\n<p><strong>Material:<\/strong><\/p>\n<ul>\n<li>Pl\u00e1stico ABS<\/li>\n<li>Silicona hipoalerg\u00e9nica<\/li>\n<\/ul>\n<p><strong>Sumergible:<\/strong><\/p>\n<ul>\n<li>S\u00ed, clasificaci\u00f3n IPX7 de resistencia al agua<\/li>\n<\/ul>\n<p><strong>Peso:<\/strong><\/p>\n<ul>\n<li>248 g<\/li>\n<\/ul>\n<p><strong>Alimentaci\u00f3n \/ Autonom\u00eda:<\/strong><\/p>\n<ul>\n<li>Bater\u00eda Ion-Litio recargable<\/li>\n<\/ul>\n<p><strong>Otros Datos:<\/strong><\/p>\n<ul>\n<li>F\u00e1cilmente lavable con agua tibia y jab\u00f3n<\/li>\n<\/ul>\n<p><strong>EAN:<\/strong><\/p>\n<ul>\n<li>4061504009889<\/li>\n<\/ul>\n<\/div>\n","protected":false},"excerpt":{"rendered":"<p><span style=\"color: #ff0000;\"><strong>Oferta hasta el 08\/01\/24. <\/strong><\/span><span style=\"color: #ff0000;\"><strong>Env\u00edo discreto.<\/strong><\/span><\/p>\n","protected":false},"featured_media":210554,"comment_status":"open","ping_status":"closed","template":"","meta":{"_joinchat":[]},"product_cat":[7020,7015,825,6097],"product_tag":[],"class_list":{"0":"post-210543","1":"product","2":"type-product","3":"status-publish","4":"has-post-thumbnail","6":"product_cat-juguetes-eroticos-higiene-y-salud-cuidado-personal","7":"product_cat-higiene-y-salud-cuidado-personal","8":"product_cat-pequeno-electrodomestico","9":"product_cat-cuidado-personal","11":"first","12":"instock","13":"taxable","14":"shipping-taxable","15":"purchasable","16":"product-type-simple"},"_links":{"self":[{"href":"https:\/\/desdropi.com\/elparque\/wp-json\/wp\/v2\/product\/210543"}],"collection":[{"href":"https:\/\/desdropi.com\/elparque\/wp-json\/wp\/v2\/product"}],"about":[{"href":"https:\/\/desdropi.com\/elparque\/wp-json\/wp\/v2\/types\/product"}],"replies":[{"embeddable":true,"href":"https:\/\/desdropi.com\/elparque\/wp-json\/wp\/v2\/comments?post=210543"}],"version-history":[{"count":0,"href":"https:\/\/desdropi.com\/elparque\/wp-json\/wp\/v2\/product\/210543\/revisions"}],"wp:featuredmedia":[{"embeddable":true,"href":"https:\/\/desdropi.com\/elparque\/wp-json\/wp\/v2\/media\/210554"}],"wp:attachment":[{"href":"https:\/\/desdropi.com\/elparque\/wp-json\/wp\/v2\/media?parent=210543"}],"wp:term":[{"taxonomy":"product_cat","embeddable":true,"href":"https:\/\/desdropi.com\/elparque\/wp-json\/wp\/v2\/product_cat?post=210543"},{"taxonomy":"product_tag","embeddable":true,"href":"https:\/\/desdropi.com\/elparque\/wp-json\/wp\/v2\/product_tag?post=210543"}],"curies":[{"name":"wp","href":"https:\/\/api.w.org\/{rel}","templated":true}]}}