{"id":210605,"date":"2023-12-21T19:43:34","date_gmt":"2023-12-21T18:43:34","guid":{"rendered":"https:\/\/desdropi.com\/elparque\/?post_type=product&#038;p=210605"},"modified":"2024-05-17T13:01:59","modified_gmt":"2024-05-17T11:01:59","slug":"satisfyer-pro-3-vibration-sf-j2018-32","status":"publish","type":"product","link":"https:\/\/desdropi.com\/elparque\/satisfyer-pro-3-vibration-sf-j2018-32\/","title":{"rendered":"Satisfyer PRO 3+ VIBRATION SF-J2018-32"},"content":{"rendered":"<div class=\"descripcion-tab\">\n<p><strong>Peso y Dimensiones:<\/strong><\/p>\n<ul>\n<li>Longitud: 145<\/li>\n<li>Peso: 113<\/li>\n<\/ul>\n<p><strong>Contenido del Embalaje:<\/strong><\/p>\n<ul>\n<li>Cantidad por paquete: 1<\/li>\n<\/ul>\n<p><strong>Bater\u00eda:<\/strong><\/p>\n<ul>\n<li>Tipo de bater\u00eda: Bater\u00eda integrada<\/li>\n<li>Tecnolog\u00eda de bater\u00eda: I\u00f3n de litio<\/li>\n<\/ul>\n<p><strong>Caracter\u00edsticas:<\/strong><\/p>\n<ul>\n<li>Tipo de producto: Vibrador personal<\/li>\n<li>Tipo de est\u00edmulo: Estimulaci\u00f3n de cl\u00edtoris<\/li>\n<li>Color del producto: Negro, Oro rosa<\/li>\n<li>Material: Acrilonitrilo butadieno estireno (ABS), Silicona<\/li>\n<li>A prueba de agua: S\u00ed<\/li>\n<li>Orientaci\u00f3n manual: Ambidextro<\/li>\n<li>Forma: Derecho<\/li>\n<li>Tipo de control: Botones<\/li>\n<li>N\u00famero de patrones: 10<\/li>\n<\/ul>\n<\/div>\n","protected":false},"excerpt":{"rendered":"<p><span style=\"color: #ff0000;\"><strong>Env\u00edo gratuito.<\/strong><\/span><\/p>\n","protected":false},"featured_media":210606,"comment_status":"open","ping_status":"closed","template":"","meta":{"_joinchat":[]},"product_cat":[7020,7015,825,6097],"product_tag":[],"class_list":{"0":"post-210605","1":"product","2":"type-product","3":"status-publish","4":"has-post-thumbnail","6":"product_cat-juguetes-eroticos-higiene-y-salud-cuidado-personal","7":"product_cat-higiene-y-salud-cuidado-personal","8":"product_cat-pequeno-electrodomestico","9":"product_cat-cuidado-personal","11":"first","12":"instock","13":"taxable","14":"shipping-taxable","15":"purchasable","16":"product-type-simple"},"_links":{"self":[{"href":"https:\/\/desdropi.com\/elparque\/wp-json\/wp\/v2\/product\/210605"}],"collection":[{"href":"https:\/\/desdropi.com\/elparque\/wp-json\/wp\/v2\/product"}],"about":[{"href":"https:\/\/desdropi.com\/elparque\/wp-json\/wp\/v2\/types\/product"}],"replies":[{"embeddable":true,"href":"https:\/\/desdropi.com\/elparque\/wp-json\/wp\/v2\/comments?post=210605"}],"version-history":[{"count":0,"href":"https:\/\/desdropi.com\/elparque\/wp-json\/wp\/v2\/product\/210605\/revisions"}],"wp:featuredmedia":[{"embeddable":true,"href":"https:\/\/desdropi.com\/elparque\/wp-json\/wp\/v2\/media\/210606"}],"wp:attachment":[{"href":"https:\/\/desdropi.com\/elparque\/wp-json\/wp\/v2\/media?parent=210605"}],"wp:term":[{"taxonomy":"product_cat","embeddable":true,"href":"https:\/\/desdropi.com\/elparque\/wp-json\/wp\/v2\/product_cat?post=210605"},{"taxonomy":"product_tag","embeddable":true,"href":"https:\/\/desdropi.com\/elparque\/wp-json\/wp\/v2\/product_tag?post=210605"}],"curies":[{"name":"wp","href":"https:\/\/api.w.org\/{rel}","templated":true}]}}