{"id":210619,"date":"2023-12-21T20:09:17","date_gmt":"2023-12-21T19:09:17","guid":{"rendered":"https:\/\/desdropi.com\/elparque\/?post_type=product&#038;p=210619"},"modified":"2024-05-17T13:01:59","modified_gmt":"2024-05-17T11:01:59","slug":"satisfyer-pro-2-3-generacion","status":"publish","type":"product","link":"https:\/\/desdropi.com\/elparque\/satisfyer-pro-2-3-generacion\/","title":{"rendered":"Satisfyer PRO 2 3 GENERACION"},"content":{"rendered":"<div class=\"descripcion-tab\">\nSATISFYER Succionador de cl\u00edtoris Pro 2 Generation 3\u00a0ofrece una innovadora tecnolog\u00eda que origina la excitaci\u00f3n del cl\u00edtoris hasta que se alcance el aut\u00e9ntico placer.Modelo mejorado, con un disco de succi\u00f3n mejorado y una superficie completamente cubierta de silicona extra suave, ideal para pieles sensibles. Cuenta con 11 funciones de succi\u00f3n y 12 programas de vibraci\u00f3n. Su tama\u00f1o ergon\u00f3mico para caber en la palma de tu mano.<\/p>\n<ul>\n<li>Pro 2 Gen 3 Con la nueva tecnolog\u00eda Liquid Air<\/li>\n<li>Boquilla adicional<\/li>\n<li>Disco de succi\u00f3n mejorado<\/li>\n<li>11 funciones de succi\u00f3n<\/li>\n<li>12 programas de vibraci\u00f3n<\/li>\n<li>2 potentes motores independientes entre s\u00ed<\/li>\n<li>Silicona premium de alta calidad<\/li>\n<li>Superficie 100% cubierta de silicona<\/li>\n<li>Dise\u00f1o ergon\u00f3mico<\/li>\n<li>F\u00e1cil de limpiar<\/li>\n<li>Se recomiendan lubricantes a base de agua<\/li>\n<li>Material respetuoso con la piel<\/li>\n<li>Resistente al agua<\/li>\n<li>Material: ABS, silicona (cumple con las normas de la UE, sin ftalatos)<\/li>\n<\/ul>\n<\/div>\n","protected":false},"excerpt":{"rendered":"<p>SATISFYER Succionador de cl\u00edtoris Pro 2 Generation 3\u00a0ofrece una innovadora tecnolog\u00eda que origina la excitaci\u00f3n del cl\u00edtoris hasta que se<\/p>\n","protected":false},"featured_media":210623,"comment_status":"open","ping_status":"closed","template":"","meta":{"_joinchat":[]},"product_cat":[7020,7015,825,6097],"product_tag":[],"class_list":{"0":"post-210619","1":"product","2":"type-product","3":"status-publish","4":"has-post-thumbnail","6":"product_cat-juguetes-eroticos-higiene-y-salud-cuidado-personal","7":"product_cat-higiene-y-salud-cuidado-personal","8":"product_cat-pequeno-electrodomestico","9":"product_cat-cuidado-personal","11":"first","12":"instock","13":"taxable","14":"shipping-taxable","15":"purchasable","16":"product-type-simple"},"_links":{"self":[{"href":"https:\/\/desdropi.com\/elparque\/wp-json\/wp\/v2\/product\/210619"}],"collection":[{"href":"https:\/\/desdropi.com\/elparque\/wp-json\/wp\/v2\/product"}],"about":[{"href":"https:\/\/desdropi.com\/elparque\/wp-json\/wp\/v2\/types\/product"}],"replies":[{"embeddable":true,"href":"https:\/\/desdropi.com\/elparque\/wp-json\/wp\/v2\/comments?post=210619"}],"version-history":[{"count":0,"href":"https:\/\/desdropi.com\/elparque\/wp-json\/wp\/v2\/product\/210619\/revisions"}],"wp:featuredmedia":[{"embeddable":true,"href":"https:\/\/desdropi.com\/elparque\/wp-json\/wp\/v2\/media\/210623"}],"wp:attachment":[{"href":"https:\/\/desdropi.com\/elparque\/wp-json\/wp\/v2\/media?parent=210619"}],"wp:term":[{"taxonomy":"product_cat","embeddable":true,"href":"https:\/\/desdropi.com\/elparque\/wp-json\/wp\/v2\/product_cat?post=210619"},{"taxonomy":"product_tag","embeddable":true,"href":"https:\/\/desdropi.com\/elparque\/wp-json\/wp\/v2\/product_tag?post=210619"}],"curies":[{"name":"wp","href":"https:\/\/api.w.org\/{rel}","templated":true}]}}