{"id":210665,"date":"2023-12-22T10:40:13","date_gmt":"2023-12-22T09:40:13","guid":{"rendered":"https:\/\/desdropi.com\/elparque\/?post_type=product&#038;p=210665"},"modified":"2023-12-22T10:46:42","modified_gmt":"2023-12-22T09:46:42","slug":"secador-jata-jbsc1430-2200w-viaje-2","status":"publish","type":"product","link":"https:\/\/desdropi.com\/elparque\/secador-jata-jbsc1430-2200w-viaje-2\/","title":{"rendered":"Secador JATA JBSC1430 2200W VIAJE"},"content":{"rendered":"<div class=\"descripcion-tab\">\n<p>Con el<strong> secador plegable JBSC1430<\/strong> conseguir\u00e1s lucir un cabello siempre perfecto, est\u00e9s donde est\u00e9s. Adem\u00e1s, incluye toalla turbante y estuche para guardarlo de forma f\u00e1cil.<\/p>\n<p><strong>Control de Energ\u00eda:<\/strong><\/p>\n<ul>\n<li>Voltaje de entrada AC: 220-240 V<\/li>\n<li>Potencia: 2200<\/li>\n<\/ul>\n<p><strong>Contenido del Embalaje:<\/strong><\/p>\n<ul>\n<li>Boquilla concentradora: S\u00ed<\/li>\n<li>Estuche de almacenaje semirr\u00edgido para transporte<\/li>\n<li>Incluye toalla turbante de microfibra<\/li>\n<\/ul>\n<p><strong>Dise\u00f1o:<\/strong><\/p>\n<ul>\n<li>Mango plegable: S\u00ed<\/li>\n<li>Dise\u00f1ado para viaje: S\u00ed<\/li>\n<li>Color del producto: Negro, morado<\/li>\n<li>Para colgar: No<\/li>\n<li>Secado ultrarr\u00e1pido<\/li>\n<li>Sistema de mango abatible<\/li>\n<li>Compacto, ligero y potente<\/li>\n<li>Limitador t\u00e9rmico de seguridad<\/li>\n<li>Dise\u00f1o est\u00e9tico y ergon\u00f3mico<\/li>\n<li>Longitud del cable: 1,80 M<\/li>\n<\/ul>\n<p><strong>Desempe\u00f1o:<\/strong><\/p>\n<ul>\n<li>N\u00famero de velocidades: 2<\/li>\n<li>Funci\u00f3n i\u00f3nica: No<\/li>\n<li>Interruptor 3 posiciones: 0 \u2013 1 \u2013 2<\/li>\n<\/ul>\n<\/div>\n","protected":false},"excerpt":{"rendered":"<p>Con el secador plegable JBSC1430 conseguir\u00e1s lucir un cabello siempre perfecto, est\u00e9s donde est\u00e9s. Adem\u00e1s, incluye toalla turbante y estuche<\/p>\n","protected":false},"featured_media":210673,"comment_status":"open","ping_status":"closed","template":"","meta":{"_joinchat":[]},"product_cat":[6510,6511,825,6097],"product_tag":[],"class_list":{"0":"post-210665","1":"product","2":"type-product","3":"status-publish","4":"has-post-thumbnail","6":"product_cat-vello-y-pelo","7":"product_cat-secadores-de-pelo","8":"product_cat-pequeno-electrodomestico","9":"product_cat-cuidado-personal","11":"first","12":"instock","13":"taxable","14":"shipping-taxable","15":"purchasable","16":"product-type-simple"},"_links":{"self":[{"href":"https:\/\/desdropi.com\/elparque\/wp-json\/wp\/v2\/product\/210665"}],"collection":[{"href":"https:\/\/desdropi.com\/elparque\/wp-json\/wp\/v2\/product"}],"about":[{"href":"https:\/\/desdropi.com\/elparque\/wp-json\/wp\/v2\/types\/product"}],"replies":[{"embeddable":true,"href":"https:\/\/desdropi.com\/elparque\/wp-json\/wp\/v2\/comments?post=210665"}],"version-history":[{"count":0,"href":"https:\/\/desdropi.com\/elparque\/wp-json\/wp\/v2\/product\/210665\/revisions"}],"wp:featuredmedia":[{"embeddable":true,"href":"https:\/\/desdropi.com\/elparque\/wp-json\/wp\/v2\/media\/210673"}],"wp:attachment":[{"href":"https:\/\/desdropi.com\/elparque\/wp-json\/wp\/v2\/media?parent=210665"}],"wp:term":[{"taxonomy":"product_cat","embeddable":true,"href":"https:\/\/desdropi.com\/elparque\/wp-json\/wp\/v2\/product_cat?post=210665"},{"taxonomy":"product_tag","embeddable":true,"href":"https:\/\/desdropi.com\/elparque\/wp-json\/wp\/v2\/product_tag?post=210665"}],"curies":[{"name":"wp","href":"https:\/\/api.w.org\/{rel}","templated":true}]}}