{"id":210781,"date":"2023-12-26T23:34:02","date_gmt":"2023-12-26T22:34:02","guid":{"rendered":"https:\/\/desdropi.com\/elparque\/cafetera-cap-krups-kp2401cl-genio-s-blanca-automatica-242728\/"},"modified":"2024-05-18T23:36:29","modified_gmt":"2024-05-18T21:36:29","slug":"cafetera-cap-krups-kp2401cl-genio-s-blanca-automatica-242728","status":"publish","type":"product","link":"https:\/\/desdropi.com\/elparque\/cafetera-cap-krups-kp2401cl-genio-s-blanca-automatica-242728\/","title":{"rendered":"cafetera cap krups kp2401cl genio s blanca automatica 242728"},"content":{"rendered":"<div class= \"descripci\u00f3n-tab\">\n<ul>\n<li>Preparaci\u00f3n de cappuccino &#8211; S\u00ed<\/li>\n<li>Tipo de producto &#8211; M\u00e1quina espresso<\/li>\n<\/ul>\n<p><strong>Peso y dimensiones<\/strong><\/p>\n<ul>\n<li>Profundidad &#8211; 286<\/li>\n<li>Ancho &#8211; 286<\/li>\n<li>Altura &#8211; 273<\/li>\n<li>Peso &#8211; 1,9<\/li>\n<\/ul>\n<p><strong>Control de energ\u00eda<\/strong><\/p>\n<ul>\n<li>Voltaje de entrada &#8211; AC220 &#8211; 240<\/li>\n<li>Potencia &#8211; 1500<\/li>\n<li>Frecuencia de entrada &#8211; AC50\/60<\/li>\n<\/ul>\n<p><strong>Empaquetado<\/strong><\/p>\n<ul>\n<li>Profundidad del paquete &#8211; 143<\/li>\n<li>Ancho del paquete &#8211; 325<\/li>\n<li>Altura del paquete &#8211; 325<\/li>\n<li>Peso del paquete &#8211; 2,73<\/li>\n<\/ul>\n<p><strong>Ergonom\u00eda<\/strong><\/p>\n<ul>\n<li>Reservorio de agua extraible &#8211; S\u00ed<\/li>\n<li>Bandeja de goteo ajustable &#8211; S\u00ed<\/li>\n<li>N\u00famero de posiciones del caj\u00f3n de recogida de gotas regulable &#8211; 2<\/li>\n<li>Color del producto &#8211; Negro, Blanco<\/li>\n<li>Tipo de control &#8211; Botones<\/li>\n<\/ul>\n<p><strong>Desempe\u00f1o<\/strong><\/p>\n<ul>\n<li>Appliance placement &#8211; Encimera<\/li>\n<li>Presi\u00f3n m\u00e0xima de funcionamiento &#8211; 15<\/li>\n<li>Capacidad de reservorio de agua &#8211; 0,8<\/li>\n<li>Automatic flow stop &#8211; S\u00ed<\/li>\n<li>Tipo de producto &#8211; M\u00e1quina espresso<\/li>\n<li>M\u00e1quina de caf\u00e9 &#8211; Semi-autom\u00e1tica<\/li>\n<li>Caf\u00e9 tipo de entrada &#8211; C\u00e1psula de caf\u00e9<\/li>\n<li>Coffee capsule\/pod system &#8211; Dolce Gusto<\/li>\n<li>Pa\u00eds de origen &#8211; China<\/li>\n<\/ul>\n<p><strong>Funciones y programas de cocina<\/strong><\/p>\n<ul>\n<li>Preparaci\u00f3n de ristretto<\/li>\n<li>Preparaci\u00f3n de espresso<\/li>\n<li>Preparaci\u00f3n de caf\u00e9 largo<\/li>\n<li>Preparaci\u00f3n de cappuccino<\/li>\n<li>Preparaci\u00f3n de latte macchiato<\/li>\n<li>Preparaci\u00f3n de chocolate caliente<\/li>\n<li>Preparaci\u00f3n de t\u00e9<\/li>\n<\/ul>\n<\/div>\n","protected":false},"excerpt":{"rendered":"<p>Preparaci\u00f3n de cappuccino &#8211; S\u00ed Tipo de producto &#8211; M\u00e1quina espresso Peso y dimensiones Profundidad &#8211; 286 Ancho &#8211; 286<\/p>\n","protected":false},"featured_media":210782,"comment_status":"open","ping_status":"open","template":"","meta":{"_joinchat":[]},"product_cat":[6516,6863,825],"product_tag":[],"class_list":{"0":"post-210781","1":"product","2":"type-product","3":"status-publish","4":"has-post-thumbnail","6":"product_cat-cafeteras-pequeno-electrodomestico","7":"product_cat-de-capsulas","8":"product_cat-pequeno-electrodomestico","9":"pa_marca-krups","11":"first","12":"instock","13":"taxable","14":"shipping-taxable","15":"purchasable","16":"product-type-simple"},"_links":{"self":[{"href":"https:\/\/desdropi.com\/elparque\/wp-json\/wp\/v2\/product\/210781"}],"collection":[{"href":"https:\/\/desdropi.com\/elparque\/wp-json\/wp\/v2\/product"}],"about":[{"href":"https:\/\/desdropi.com\/elparque\/wp-json\/wp\/v2\/types\/product"}],"replies":[{"embeddable":true,"href":"https:\/\/desdropi.com\/elparque\/wp-json\/wp\/v2\/comments?post=210781"}],"version-history":[{"count":0,"href":"https:\/\/desdropi.com\/elparque\/wp-json\/wp\/v2\/product\/210781\/revisions"}],"wp:featuredmedia":[{"embeddable":true,"href":"https:\/\/desdropi.com\/elparque\/wp-json\/wp\/v2\/media\/210782"}],"wp:attachment":[{"href":"https:\/\/desdropi.com\/elparque\/wp-json\/wp\/v2\/media?parent=210781"}],"wp:term":[{"taxonomy":"product_cat","embeddable":true,"href":"https:\/\/desdropi.com\/elparque\/wp-json\/wp\/v2\/product_cat?post=210781"},{"taxonomy":"product_tag","embeddable":true,"href":"https:\/\/desdropi.com\/elparque\/wp-json\/wp\/v2\/product_tag?post=210781"}],"curies":[{"name":"wp","href":"https:\/\/api.w.org\/{rel}","templated":true}]}}