{"id":210929,"date":"2023-12-28T12:37:05","date_gmt":"2023-12-28T11:37:05","guid":{"rendered":"https:\/\/desdropi.com\/elparque\/?post_type=product&#038;p=210929"},"modified":"2024-05-17T13:02:00","modified_gmt":"2024-05-17T11:02:00","slug":"calefactor-fm-t20-2000w-vertical","status":"publish","type":"product","link":"https:\/\/desdropi.com\/elparque\/calefactor-fm-t20-2000w-vertical\/","title":{"rendered":"Calefactor FM T20 2000W VERTICAL"},"content":{"rendered":"<div class=\"descripcion-tab\">\n<strong>Exhibici\u00f3n:<\/strong><\/p>\n<ul>\n<li>Pantalla: No<\/li>\n<\/ul>\n<p><strong>Control de Energ\u00eda:<\/strong><\/p>\n<ul>\n<li>Potencia: 2000 W<\/li>\n<\/ul>\n<p><strong>Detalles T\u00e9cnicos:<\/strong><\/p>\n<ul>\n<li>Ubicaci\u00f3n: Suelo<\/li>\n<li>Ajustes de termostato: S\u00ed<\/li>\n<li>Color del producto: Blanco<\/li>\n<li>N\u00famero de niveles de potencia: 2<\/li>\n<li>Fuente de calor: El\u00e9ctrico<\/li>\n<li>Tipo de control: Giratorio<\/li>\n<li>Potencia de calentamiento: 2000 W<\/li>\n<\/ul>\n<p><strong>Indicaci\u00f3n:<\/strong><\/p>\n<ul>\n<li>LED de energ\u00eda: S\u00ed<\/li>\n<\/ul>\n<\/div>\n","protected":false},"excerpt":{"rendered":"<p>Exhibici\u00f3n: Pantalla: No Control de Energ\u00eda: Potencia: 2000 W Detalles T\u00e9cnicos: Ubicaci\u00f3n: Suelo Ajustes de termostato: S\u00ed Color del producto:<\/p>\n","protected":false},"featured_media":210931,"comment_status":"open","ping_status":"closed","template":"","meta":{"_joinchat":[]},"product_cat":[3301,3302,3329],"product_tag":[],"class_list":{"0":"post-210929","1":"product","2":"type-product","3":"status-publish","4":"has-post-thumbnail","6":"product_cat-climatizacion-y-calefaccion","7":"product_cat-calefaccion","8":"product_cat-calefactores","10":"first","11":"instock","12":"taxable","13":"shipping-taxable","14":"purchasable","15":"product-type-simple"},"_links":{"self":[{"href":"https:\/\/desdropi.com\/elparque\/wp-json\/wp\/v2\/product\/210929"}],"collection":[{"href":"https:\/\/desdropi.com\/elparque\/wp-json\/wp\/v2\/product"}],"about":[{"href":"https:\/\/desdropi.com\/elparque\/wp-json\/wp\/v2\/types\/product"}],"replies":[{"embeddable":true,"href":"https:\/\/desdropi.com\/elparque\/wp-json\/wp\/v2\/comments?post=210929"}],"version-history":[{"count":0,"href":"https:\/\/desdropi.com\/elparque\/wp-json\/wp\/v2\/product\/210929\/revisions"}],"wp:featuredmedia":[{"embeddable":true,"href":"https:\/\/desdropi.com\/elparque\/wp-json\/wp\/v2\/media\/210931"}],"wp:attachment":[{"href":"https:\/\/desdropi.com\/elparque\/wp-json\/wp\/v2\/media?parent=210929"}],"wp:term":[{"taxonomy":"product_cat","embeddable":true,"href":"https:\/\/desdropi.com\/elparque\/wp-json\/wp\/v2\/product_cat?post=210929"},{"taxonomy":"product_tag","embeddable":true,"href":"https:\/\/desdropi.com\/elparque\/wp-json\/wp\/v2\/product_tag?post=210929"}],"curies":[{"name":"wp","href":"https:\/\/api.w.org\/{rel}","templated":true}]}}