{"id":210957,"date":"2023-12-28T19:00:05","date_gmt":"2023-12-28T18:00:05","guid":{"rendered":"https:\/\/desdropi.com\/elparque\/?post_type=product&#038;p=210957"},"modified":"2024-05-17T13:02:01","modified_gmt":"2024-05-17T11:02:01","slug":"plancha-pelo-bellissima-b9-100","status":"publish","type":"product","link":"https:\/\/desdropi.com\/elparque\/plancha-pelo-bellissima-b9-100\/","title":{"rendered":"Plancha PELO BELLISSIMA B9 100"},"content":{"rendered":"<div class=\"descripcion-tab\">\n<strong>Caracter\u00edsticas Plancha Bellissima B9 100:<\/strong><\/p>\n<p><strong>Descripci\u00f3n General:<\/strong><\/p>\n<ul>\n<li>Ideal para cabello largo y grueso, proporciona un alisado perfecto de la ra\u00edz a las puntas.<\/li>\n<li>Dise\u00f1ada para uso tanto en casa como en viajes.<\/li>\n<\/ul>\n<p><strong>Alisado Definido:<\/strong><\/p>\n<ul>\n<li>Permite dar forma a las puntas para un alisado definido de larga duraci\u00f3n.<\/li>\n<li>Resultado: cabello brillante y esplendente.<\/li>\n<\/ul>\n<p><strong>Protecci\u00f3n del Cabello:<\/strong><\/p>\n<ul>\n<li>Revestimiento de cer\u00e1mica que distribuye el calor uniformemente, protegiendo el cabello del calor.<\/li>\n<\/ul>\n<p><strong>R\u00e1pido y F\u00e1cil:<\/strong><\/p>\n<ul>\n<li>Quick Heating System: Sistema de calentamiento r\u00e1pido, lista en solo unos segundos.<\/li>\n<li>Permite lucir un cabello liso en pocos minutos antes de salir de casa.<\/li>\n<\/ul>\n<p><strong>Cable Giratorio:<\/strong><\/p>\n<ul>\n<li>Pr\u00e1ctico cable giratorio para facilitar su uso.<\/li>\n<\/ul>\n<p><strong>Ficha T\u00e9cnica:<\/strong><\/p>\n<ul>\n<li>C\u00f3digo de producto: 11140X<\/li>\n<li>Planchas extralargas de 100&#215;25 mm para un alisado r\u00e1pido y perfecto.<\/li>\n<li>Temperatura ajustable hasta 200\u00b0C.<\/li>\n<li>Multitensi\u00f3n autom\u00e1tica: 100-240 V.<\/li>\n<li>Cable giratorio de 1,8 m.<\/li>\n<li>Interruptor de encendido\/apagado.<\/li>\n<li>Color: negro.<\/li>\n<\/ul>\n<p><strong>Adecuado para:<\/strong><\/p>\n<ul>\n<li>Tipo de cabello: Normal, Fino, Grueso, Liso, Ondulado, Rizado, Encrespado.<\/li>\n<li>Longitud del cabello: Corto, Medio, Largo.<\/li>\n<\/ul>\n<p><strong>Instrucciones Importantes:<\/strong><\/p>\n<ul>\n<li>Leer el manual de instrucciones antes de usar.<\/li>\n<\/ul>\n<p><strong>Nota:<\/strong><\/p>\n<ul>\n<li>Producto adecuado para diversos tipos y longitudes de cabello.<\/li>\n<\/ul>\n<\/div>\n","protected":false},"excerpt":{"rendered":"<p>Caracter\u00edsticas Plancha Bellissima B9 100: Descripci\u00f3n General: Ideal para cabello largo y grueso, proporciona un alisado perfecto de la ra\u00edz<\/p>\n","protected":false},"featured_media":210958,"comment_status":"open","ping_status":"closed","template":"","meta":{"_joinchat":[]},"product_cat":[6510,6512,825,6097],"product_tag":[],"class_list":{"0":"post-210957","1":"product","2":"type-product","3":"status-publish","4":"has-post-thumbnail","6":"product_cat-vello-y-pelo","7":"product_cat-planchas-de-pelo","8":"product_cat-pequeno-electrodomestico","9":"product_cat-cuidado-personal","11":"first","12":"instock","13":"taxable","14":"shipping-taxable","15":"purchasable","16":"product-type-simple"},"_links":{"self":[{"href":"https:\/\/desdropi.com\/elparque\/wp-json\/wp\/v2\/product\/210957"}],"collection":[{"href":"https:\/\/desdropi.com\/elparque\/wp-json\/wp\/v2\/product"}],"about":[{"href":"https:\/\/desdropi.com\/elparque\/wp-json\/wp\/v2\/types\/product"}],"replies":[{"embeddable":true,"href":"https:\/\/desdropi.com\/elparque\/wp-json\/wp\/v2\/comments?post=210957"}],"version-history":[{"count":0,"href":"https:\/\/desdropi.com\/elparque\/wp-json\/wp\/v2\/product\/210957\/revisions"}],"wp:featuredmedia":[{"embeddable":true,"href":"https:\/\/desdropi.com\/elparque\/wp-json\/wp\/v2\/media\/210958"}],"wp:attachment":[{"href":"https:\/\/desdropi.com\/elparque\/wp-json\/wp\/v2\/media?parent=210957"}],"wp:term":[{"taxonomy":"product_cat","embeddable":true,"href":"https:\/\/desdropi.com\/elparque\/wp-json\/wp\/v2\/product_cat?post=210957"},{"taxonomy":"product_tag","embeddable":true,"href":"https:\/\/desdropi.com\/elparque\/wp-json\/wp\/v2\/product_tag?post=210957"}],"curies":[{"name":"wp","href":"https:\/\/api.w.org\/{rel}","templated":true}]}}