{"id":211053,"date":"2024-01-02T23:58:02","date_gmt":"2024-01-02T22:58:02","guid":{"rendered":"https:\/\/desdropi.com\/elparque\/patin-electrico-cecotec-07325-d30-xl-350w-10\/"},"modified":"2025-04-14T09:30:56","modified_gmt":"2025-04-14T07:30:56","slug":"patin-electrico-cecotec-07325-d30-xl-350w-10","status":"publish","type":"product","link":"https:\/\/desdropi.com\/elparque\/patin-electrico-cecotec-07325-d30-xl-350w-10\/","title":{"rendered":"patin electrico cecotec 07325 d30 xl 350w 10&#8243;"},"content":{"rendered":"<div class=\"descripcion-tab\">\n<strong>Potencia:<\/strong><\/p>\n<ul>\n<li>Potencia nominal: 350 W<\/li>\n<li>Pico m\u00e1ximo de potencia: 650 W<\/li>\n<\/ul>\n<p><strong>Neum\u00e1ticos:<\/strong><\/p>\n<ul>\n<li>Tama\u00f1o: 10&#8243;<\/li>\n<li>Tipo: Ruedas inflables<\/li>\n<li>Gran agarre y adherencia<\/li>\n<li>Capacidad para superar pendientes y desplazarse por cualquier superficie<\/li>\n<\/ul>\n<p><strong>Bater\u00eda:<\/strong><\/p>\n<ul>\n<li>Capacidad: 270 Wh (36V 7,5 Ah)<\/li>\n<li>Autonom\u00eda: 30 km<\/li>\n<li>Tipo: Bater\u00eda recargable<\/li>\n<\/ul>\n<p><strong>Velocidad:<\/strong><\/p>\n<ul>\n<li>Velocidad m\u00e1xima: 25 km\/h<\/li>\n<\/ul>\n<p><strong>Frenos:<\/strong><\/p>\n<ul>\n<li>Freno el\u00e9ctrico delantero<\/li>\n<li>Freno de disco trasero<\/li>\n<\/ul>\n<p><strong>Normativa:<\/strong><\/p>\n<ul>\n<li>Cumple con todos los requisitos de la nueva normativa espa\u00f1ola de circulaci\u00f3n<\/li>\n<\/ul>\n<p><strong>Composici\u00f3n del Producto:<\/strong><\/p>\n<ul>\n<li>1 Patinete El\u00e9ctrico<\/li>\n<li>1 Cargador<\/li>\n<li>Manual de instrucciones<\/li>\n<li>Herramientas de montaje<\/li>\n<\/ul>\n<p>Este patinete el\u00e9ctrico est\u00e1 dise\u00f1ado para ofrecer una movilidad eficiente y segura, con caracter\u00edsticas como neum\u00e1ticos inflables de 10&#8243; que proporcionan un gran agarre, una potente bater\u00eda que ofrece una autonom\u00eda de 30 km y un sistema de frenado completo con freno el\u00e9ctrico delantero y freno de disco trasero para garantizar la seguridad durante el frenado. Adem\u00e1s, cumple con los est\u00e1ndares de la normativa de circulaci\u00f3n en Espa\u00f1a. El paquete incluye un cargador, un manual de instrucciones y las herramientas necesarias para el montaje.\n<\/p><\/div>\n","protected":false},"excerpt":{"rendered":"<p>Potencia: Potencia nominal: 350 W Pico m\u00e1ximo de potencia: 650 W Neum\u00e1ticos: Tama\u00f1o: 10&#8243; Tipo: Ruedas inflables Gran agarre y<\/p>\n","protected":false},"featured_media":211054,"comment_status":"open","ping_status":"closed","template":"","meta":{"_joinchat":[]},"product_cat":[6888,3359],"product_tag":[],"class_list":{"0":"post-211053","1":"product","2":"type-product","3":"status-publish","4":"has-post-thumbnail","6":"product_cat-patines-electricos","7":"product_cat-deporte-y-movilidad","8":"pa_marca-cecotec","10":"first","11":"instock","12":"taxable","13":"shipping-taxable","14":"purchasable","15":"product-type-simple"},"_links":{"self":[{"href":"https:\/\/desdropi.com\/elparque\/wp-json\/wp\/v2\/product\/211053"}],"collection":[{"href":"https:\/\/desdropi.com\/elparque\/wp-json\/wp\/v2\/product"}],"about":[{"href":"https:\/\/desdropi.com\/elparque\/wp-json\/wp\/v2\/types\/product"}],"replies":[{"embeddable":true,"href":"https:\/\/desdropi.com\/elparque\/wp-json\/wp\/v2\/comments?post=211053"}],"version-history":[{"count":1,"href":"https:\/\/desdropi.com\/elparque\/wp-json\/wp\/v2\/product\/211053\/revisions"}],"predecessor-version":[{"id":224928,"href":"https:\/\/desdropi.com\/elparque\/wp-json\/wp\/v2\/product\/211053\/revisions\/224928"}],"wp:featuredmedia":[{"embeddable":true,"href":"https:\/\/desdropi.com\/elparque\/wp-json\/wp\/v2\/media\/211054"}],"wp:attachment":[{"href":"https:\/\/desdropi.com\/elparque\/wp-json\/wp\/v2\/media?parent=211053"}],"wp:term":[{"taxonomy":"product_cat","embeddable":true,"href":"https:\/\/desdropi.com\/elparque\/wp-json\/wp\/v2\/product_cat?post=211053"},{"taxonomy":"product_tag","embeddable":true,"href":"https:\/\/desdropi.com\/elparque\/wp-json\/wp\/v2\/product_tag?post=211053"}],"curies":[{"name":"wp","href":"https:\/\/api.w.org\/{rel}","templated":true}]}}