{"id":211077,"date":"2024-01-03T00:00:04","date_gmt":"2024-01-02T23:00:04","guid":{"rendered":"https:\/\/desdropi.com\/elparque\/microondas-cecotec-01546-23l-700w-s-grill\/"},"modified":"2024-05-19T00:00:58","modified_gmt":"2024-05-18T22:00:58","slug":"microondas-cecotec-01546-23l-700w-s-grill","status":"publish","type":"product","link":"https:\/\/desdropi.com\/elparque\/microondas-cecotec-01546-23l-700w-s-grill\/","title":{"rendered":"microondas cecotec 01546 23l 700w s\/grill"},"content":{"rendered":"<div class=\"descripcion-tab\">\n<strong>Microondas ProClean 4010:<\/strong><\/p>\n<p><strong>Descripci\u00f3n:<\/strong> El Microondas ProClean 4010, con una capacidad de 23 litros y un dise\u00f1o elegante con puerta FullCrystal, es la adici\u00f3n perfecta para cualquier cocina. Equipado con la tecnolog\u00eda 3DWave, un sistema de ondas eficiente que asegura una distribuci\u00f3n uniforme del calor, este microondas elimina los puntos fr\u00edos para obtener resultados de cocci\u00f3n \u00f3ptimos. Con 700 W de potencia ajustables en 6 niveles, se adapta a una variedad de platos. Su revestimiento Ready2Clean facilita la limpieza, ya que repele la suciedad y mantiene el interior impecable.<\/p>\n<p><strong>Caracter\u00edsticas Destacadas:<\/strong><\/p>\n<ul>\n<li>Capacidad de 23 litros para cubrir diversas necesidades culinarias.<\/li>\n<li>Puerta FullCrystal y detalles metalizados para un dise\u00f1o plateado elegante.<\/li>\n<li>Tecnolog\u00eda 3DWave que envuelve al 100% los alimentos para evitar puntos fr\u00edos.<\/li>\n<li>Potencia de 700 W con 6 niveles ajustables.<\/li>\n<li>Modo de descongelaci\u00f3n para una preparaci\u00f3n vers\u00e1til de alimentos.<\/li>\n<li>Controles manuales giratorios para una f\u00e1cil usabilidad.<\/li>\n<li>Temporizador ajustable hasta 30 minutos.<\/li>\n<li>Avisador ac\u00fastico indicando el final de la cocci\u00f3n.<\/li>\n<\/ul>\n<p><strong>Especificaciones T\u00e9cnicas:<\/strong><\/p>\n<ul>\n<li>Medidas externas: 49.5 x 35.8 x 28.5 cm.<\/li>\n<li>Medidas internas: 33 x 31.2 x 21 cm.<\/li>\n<li>Di\u00e1metro del plato giratorio: 26.8 cm.<\/li>\n<\/ul>\n<p><strong>Composici\u00f3n del Paquete:<\/strong><\/p>\n<ul>\n<li>Microondas ProClean 4010.<\/li>\n<li>Plato giratorio.<\/li>\n<li>Manual de instrucciones.<\/li>\n<\/ul>\n<p>Con su combinaci\u00f3n de elegancia, eficiencia y facilidad de uso, el Microondas ProClean 4010 se convierte en un elemento esencial en la cocina, asegurando una cocci\u00f3n precisa y resultados de limpieza sin esfuerzo.\n<\/p><\/div>\n","protected":false},"excerpt":{"rendered":"<p>Microondas ProClean 4010: Descripci\u00f3n: El Microondas ProClean 4010, con una capacidad de 23 litros y un dise\u00f1o elegante con puerta<\/p>\n","protected":false},"featured_media":211078,"comment_status":"open","ping_status":"closed","template":"","meta":{"_joinchat":[]},"product_cat":[6473,3268,3899],"product_tag":[],"class_list":{"0":"post-211077","1":"product","2":"type-product","3":"status-publish","4":"has-post-thumbnail","6":"product_cat-basicos","7":"product_cat-coccion","8":"product_cat-microondas","9":"pa_marca-cecotec","10":"pa_potenica-700w","12":"first","13":"instock","14":"taxable","15":"shipping-taxable","16":"purchasable","17":"product-type-simple"},"_links":{"self":[{"href":"https:\/\/desdropi.com\/elparque\/wp-json\/wp\/v2\/product\/211077"}],"collection":[{"href":"https:\/\/desdropi.com\/elparque\/wp-json\/wp\/v2\/product"}],"about":[{"href":"https:\/\/desdropi.com\/elparque\/wp-json\/wp\/v2\/types\/product"}],"replies":[{"embeddable":true,"href":"https:\/\/desdropi.com\/elparque\/wp-json\/wp\/v2\/comments?post=211077"}],"version-history":[{"count":0,"href":"https:\/\/desdropi.com\/elparque\/wp-json\/wp\/v2\/product\/211077\/revisions"}],"wp:featuredmedia":[{"embeddable":true,"href":"https:\/\/desdropi.com\/elparque\/wp-json\/wp\/v2\/media\/211078"}],"wp:attachment":[{"href":"https:\/\/desdropi.com\/elparque\/wp-json\/wp\/v2\/media?parent=211077"}],"wp:term":[{"taxonomy":"product_cat","embeddable":true,"href":"https:\/\/desdropi.com\/elparque\/wp-json\/wp\/v2\/product_cat?post=211077"},{"taxonomy":"product_tag","embeddable":true,"href":"https:\/\/desdropi.com\/elparque\/wp-json\/wp\/v2\/product_tag?post=211077"}],"curies":[{"name":"wp","href":"https:\/\/api.w.org\/{rel}","templated":true}]}}