{"id":211301,"date":"2024-02-09T00:04:09","date_gmt":"2024-02-08T23:04:09","guid":{"rendered":"https:\/\/desdropi.com\/elparque\/?post_type=product&#038;p=211301"},"modified":"2024-02-09T00:04:09","modified_gmt":"2024-02-08T23:04:09","slug":"tostador-ufesa-tt7475-duo-plus-neo-1400w-2-ranuras-negro-copy","status":"publish","type":"product","link":"https:\/\/desdropi.com\/elparque\/tostador-ufesa-tt7475-duo-plus-neo-1400w-2-ranuras-negro-copy\/","title":{"rendered":"Tostador Ufesa TT7475 Duo Plus Neo, 1400W, 2 Ranuras, Negro &#8211; Copy"},"content":{"rendered":"<div class=\"descripcion-tab\"><strong>Tus mejores desayunos con el tostador de gran potencia Duo Plus Neo (1400W):<\/strong><\/p>\n<ul>\n<li>Potencia: 1400W<\/li>\n<li>Dos ranuras ajustables en ancho y profundidad para todo tipo de panes<\/li>\n<li>Selector de tostado con 7 posiciones para adaptarse a tus preferencias<\/li>\n<li>Equipado con 3 funciones: descongelar, recalentar y cancelar<\/li>\n<\/ul>\n<p><strong>Funciones Adicionales:<\/strong><\/p>\n<ul>\n<li>Bot\u00f3n de parada para mayor control<\/li>\n<li>Pr\u00e1ctica bandeja recogemigas extra\u00edble para una limpieza f\u00e1cil<\/li>\n<\/ul>\n<p><strong>Dise\u00f1o Elegante:<\/strong><\/p>\n<ul>\n<li>Dise\u00f1o elegante en color negro<\/li>\n<li>Perfecto para lucirlo en tu cocina<\/li>\n<\/ul>\n<p>Con el tostador Duo Plus Neo, disfruta de la versatilidad y comodidad en la preparaci\u00f3n de tus tostadas preferidas cada ma\u00f1ana. Sus caracter\u00edsticas avanzadas y su dise\u00f1o elegante hacen que sea una adici\u00f3n atractiva y funcional para tu cocina. \u00a1Aprovecha al m\u00e1ximo tus desayunos con este tostador de alta potencia!<\/p>\n<\/div>\n","protected":false},"excerpt":{"rendered":"<p>Tus mejores desayunos con el tostador de gran potencia Duo Plus Neo (1400W): Potencia: 1400W Dos ranuras ajustables en ancho<\/p>\n","protected":false},"featured_media":211279,"comment_status":"open","ping_status":"closed","template":"","meta":{"_joinchat":[]},"product_cat":[825,831,834],"product_tag":[],"class_list":{"0":"post-211301","1":"product","2":"type-product","3":"status-publish","4":"has-post-thumbnail","6":"product_cat-pequeno-electrodomestico","7":"product_cat-accesorios-de-cocina","8":"product_cat-tostadores","9":"pa_marca-ufesa","10":"pa_potenica-1400w","12":"first","13":"instock","14":"taxable","15":"shipping-taxable","16":"purchasable","17":"product-type-simple"},"_links":{"self":[{"href":"https:\/\/desdropi.com\/elparque\/wp-json\/wp\/v2\/product\/211301"}],"collection":[{"href":"https:\/\/desdropi.com\/elparque\/wp-json\/wp\/v2\/product"}],"about":[{"href":"https:\/\/desdropi.com\/elparque\/wp-json\/wp\/v2\/types\/product"}],"replies":[{"embeddable":true,"href":"https:\/\/desdropi.com\/elparque\/wp-json\/wp\/v2\/comments?post=211301"}],"version-history":[{"count":0,"href":"https:\/\/desdropi.com\/elparque\/wp-json\/wp\/v2\/product\/211301\/revisions"}],"wp:featuredmedia":[{"embeddable":true,"href":"https:\/\/desdropi.com\/elparque\/wp-json\/wp\/v2\/media\/211279"}],"wp:attachment":[{"href":"https:\/\/desdropi.com\/elparque\/wp-json\/wp\/v2\/media?parent=211301"}],"wp:term":[{"taxonomy":"product_cat","embeddable":true,"href":"https:\/\/desdropi.com\/elparque\/wp-json\/wp\/v2\/product_cat?post=211301"},{"taxonomy":"product_tag","embeddable":true,"href":"https:\/\/desdropi.com\/elparque\/wp-json\/wp\/v2\/product_tag?post=211301"}],"curies":[{"name":"wp","href":"https:\/\/api.w.org\/{rel}","templated":true}]}}