{"id":211381,"date":"2024-01-10T23:56:42","date_gmt":"2024-01-10T22:56:42","guid":{"rendered":"https:\/\/desdropi.com\/elparque\/centro-planchado-ufesa-luxe-steam-gli-2400w-55bar\/"},"modified":"2025-04-14T02:30:06","modified_gmt":"2025-04-14T00:30:06","slug":"centro-planchado-ufesa-luxe-steam-gli-2400w-55bar","status":"publish","type":"product","link":"https:\/\/desdropi.com\/elparque\/centro-planchado-ufesa-luxe-steam-gli-2400w-55bar\/","title":{"rendered":"centro planchado ufesa luxe steam gli 2400w 5,5bar"},"content":{"rendered":"<div class=\"descripcion-tab\"><strong>Nombre del Producto:<\/strong> Centro Planchado UFESA Luxe Steam GLI 2400W 5,5BAR<br \/>\n<strong>Marca:<\/strong> UFESA<br \/>\n<strong>Modelo:<\/strong> CENTRO PLANCHADO UFESA LUXE STEAM GLI 2400W 5,5BAR<br \/>\n<strong>EAN:<\/strong> 8422160055911<strong>Indicaci\u00f3n:<\/strong><\/p>\n<ul>\n<li>Nivel de agua visible: S\u00ed<\/li>\n<\/ul>\n<p><strong>Ergonom\u00eda:<\/strong><\/p>\n<ul>\n<li>Dise\u00f1o de plancha ergon\u00f3mico: S\u00ed<\/li>\n<li>Almacenamiento de cable: S\u00ed<\/li>\n<\/ul>\n<p><strong>Caracter\u00edsticas:<\/strong><\/p>\n<ul>\n<li>Color del producto: Negro, blanco<\/li>\n<li>Base de apoyo estable: S\u00ed<\/li>\n<li>F\u00e1cil almacenamiento: S\u00ed<\/li>\n<li>Compartimento de la manguera: S\u00ed<\/li>\n<li>Presi\u00f3n m\u00e1xima del vapor: 5,5 bar<\/li>\n<li>F\u00e1cil de instalar y de guardar: S\u00ed<\/li>\n<li>Potencia (W): 2400<\/li>\n<\/ul>\n<\/div>\n","protected":false},"excerpt":{"rendered":"<p><span style=\"color: #ff0000;\"><strong>\u00a1ENV\u00cdO GRATIS!<\/strong><\/span><\/p>\n","protected":false},"featured_media":211382,"comment_status":"open","ping_status":"closed","template":"","meta":{"_joinchat":[]},"product_cat":[6535,6503,825],"product_tag":[],"class_list":{"0":"post-211381","1":"product","2":"type-product","3":"status-publish","4":"has-post-thumbnail","6":"product_cat-centros-de-planchado","7":"product_cat-planchado-y-ropa","8":"product_cat-pequeno-electrodomestico","9":"pa_marca-ufesa","11":"first","12":"instock","13":"taxable","14":"shipping-taxable","15":"purchasable","16":"product-type-simple"},"_links":{"self":[{"href":"https:\/\/desdropi.com\/elparque\/wp-json\/wp\/v2\/product\/211381"}],"collection":[{"href":"https:\/\/desdropi.com\/elparque\/wp-json\/wp\/v2\/product"}],"about":[{"href":"https:\/\/desdropi.com\/elparque\/wp-json\/wp\/v2\/types\/product"}],"replies":[{"embeddable":true,"href":"https:\/\/desdropi.com\/elparque\/wp-json\/wp\/v2\/comments?post=211381"}],"version-history":[{"count":1,"href":"https:\/\/desdropi.com\/elparque\/wp-json\/wp\/v2\/product\/211381\/revisions"}],"predecessor-version":[{"id":224940,"href":"https:\/\/desdropi.com\/elparque\/wp-json\/wp\/v2\/product\/211381\/revisions\/224940"}],"wp:featuredmedia":[{"embeddable":true,"href":"https:\/\/desdropi.com\/elparque\/wp-json\/wp\/v2\/media\/211382"}],"wp:attachment":[{"href":"https:\/\/desdropi.com\/elparque\/wp-json\/wp\/v2\/media?parent=211381"}],"wp:term":[{"taxonomy":"product_cat","embeddable":true,"href":"https:\/\/desdropi.com\/elparque\/wp-json\/wp\/v2\/product_cat?post=211381"},{"taxonomy":"product_tag","embeddable":true,"href":"https:\/\/desdropi.com\/elparque\/wp-json\/wp\/v2\/product_tag?post=211381"}],"curies":[{"name":"wp","href":"https:\/\/api.w.org\/{rel}","templated":true}]}}