{"id":211423,"date":"2024-01-12T12:57:16","date_gmt":"2024-01-12T11:57:16","guid":{"rendered":"https:\/\/desdropi.com\/elparque\/?post_type=product&#038;p=211423"},"modified":"2024-01-12T17:09:28","modified_gmt":"2024-01-12T16:09:28","slug":"teclado-raton-marvo-cm310-wh-sp-cable-2","status":"publish","type":"product","link":"https:\/\/desdropi.com\/elparque\/teclado-raton-marvo-cm310-wh-sp-cable-2\/","title":{"rendered":"TECLADO + RATON MARVO CM310 WH SP CABLE"},"content":{"rendered":"<div class=\"descripcion-tab\">\n<ul>\n<li>MarcaMARVO<\/li>\n<li>ModeloCM310 WH SP<\/li>\n<li>EAN6932391925065<\/li>\n<li>Requisitos del sistema<\/li>\n<\/ul>\n<p><strong>Peso y dimensiones<\/strong><\/p>\n<ul>\n<li>Dimensiones de teclado (Ancho x Profundidad x Altura)372 x 151<\/li>\n<li>Peso del teclado580<\/li>\n<li>Dimensiones del rat\u00f3n (Ancho x Profundidad x Altura)127 x 66<\/li>\n<li>Peso del rat\u00f3n90<\/li>\n<\/ul>\n<p><strong>Control de energ\u00eda<\/strong><\/p>\n<ul>\n<li>Alimentaci\u00f3n<\/li>\n<\/ul>\n<p><strong>Teclado<\/strong><\/p>\n<ul>\n<li>Teclado num\u00e9rico<\/li>\n<li>Tecnolog\u00eda de conectividad<\/li>\n<li>Interruptor del teclado<\/li>\n<li>Dispositivo apuntador<\/li>\n<li>Utilizar con<\/li>\n<li>Uso recomendado<\/li>\n<\/ul>\n<p><strong>Empaquetado<\/strong><\/p>\n<ul>\n<li>Gu\u00eda de configuraci\u00f3n r\u00e1pida<\/li>\n<li>Interfaz de receptor inal\u00e1mbrico<\/li>\n<\/ul>\n<p><strong>Dise\u00f1o<\/strong><\/p>\n<ul>\n<li>Descansa mu\u00f1ecas<\/li>\n<li>Estilo de teclado<\/li>\n<li>Color del producto<\/li>\n<li>Retroiluminaci\u00f3n<\/li>\n<li>Teclado de tama\u00f1o completo<\/li>\n<li>Coloraci\u00f3n de superficie<\/li>\n<li>Segmento HP<\/li>\n<\/ul>\n<p><strong>Rat\u00f3n<\/strong><\/p>\n<ul>\n<li>Rat\u00f3n incluido<\/li>\n<li>Rueda de desplazamiento<\/li>\n<li>Tipo de desplazamiento<\/li>\n<li>Factor de forma<\/li>\n<li>Cantidad de botones<\/li>\n<li>Tipo de botones<\/li>\n<li>N\u00famero de ruedas de desplazamiento<\/li>\n<\/ul>\n<\/div>\n","protected":false},"excerpt":{"rendered":"<p>MarcaMARVO ModeloCM310 WH SP EAN6932391925065 Requisitos del sistema Peso y dimensiones Dimensiones de teclado (Ancho x Profundidad x Altura)372 x<\/p>\n","protected":false},"featured_media":211443,"comment_status":"open","ping_status":"closed","template":"","meta":{"_joinchat":[]},"product_cat":[6536,6562,6983,6982,6981],"product_tag":[],"class_list":{"0":"post-211423","1":"product","2":"type-product","3":"status-publish","4":"has-post-thumbnail","6":"product_cat-informatica-y-ocio","7":"product_cat-gaming-informatica-y-gaming","8":"product_cat-alfombrillas-gaming-informatica-y-gaming","9":"product_cat-ratones-gaming-informatica-y-gaming","10":"product_cat-teclados-gaming-informatica-y-gaming","12":"first","13":"instock","14":"taxable","15":"shipping-taxable","16":"purchasable","17":"product-type-simple"},"_links":{"self":[{"href":"https:\/\/desdropi.com\/elparque\/wp-json\/wp\/v2\/product\/211423"}],"collection":[{"href":"https:\/\/desdropi.com\/elparque\/wp-json\/wp\/v2\/product"}],"about":[{"href":"https:\/\/desdropi.com\/elparque\/wp-json\/wp\/v2\/types\/product"}],"replies":[{"embeddable":true,"href":"https:\/\/desdropi.com\/elparque\/wp-json\/wp\/v2\/comments?post=211423"}],"version-history":[{"count":0,"href":"https:\/\/desdropi.com\/elparque\/wp-json\/wp\/v2\/product\/211423\/revisions"}],"wp:featuredmedia":[{"embeddable":true,"href":"https:\/\/desdropi.com\/elparque\/wp-json\/wp\/v2\/media\/211443"}],"wp:attachment":[{"href":"https:\/\/desdropi.com\/elparque\/wp-json\/wp\/v2\/media?parent=211423"}],"wp:term":[{"taxonomy":"product_cat","embeddable":true,"href":"https:\/\/desdropi.com\/elparque\/wp-json\/wp\/v2\/product_cat?post=211423"},{"taxonomy":"product_tag","embeddable":true,"href":"https:\/\/desdropi.com\/elparque\/wp-json\/wp\/v2\/product_tag?post=211423"}],"curies":[{"name":"wp","href":"https:\/\/api.w.org\/{rel}","templated":true}]}}