{"id":211589,"date":"2024-01-16T20:00:29","date_gmt":"2024-01-16T19:00:29","guid":{"rendered":"https:\/\/desdropi.com\/elparque\/?post_type=product&#038;p=211589"},"modified":"2024-05-17T13:02:05","modified_gmt":"2024-05-17T11:02:05","slug":"smartphone-alcatel-1-5033fr-1-16-5-al-aqua","status":"publish","type":"product","link":"https:\/\/desdropi.com\/elparque\/smartphone-alcatel-1-5033fr-1-16-5-al-aqua\/","title":{"rendered":"SMARTPHONE ALCATEL 1 5033FR 1\/16 5&#8243; AL AQUA"},"content":{"rendered":"<div class=\"descripcion tab\">Marca ALCATEL<br \/>\nModelo 5033FR-2BALWE12<br \/>\nEA 4894461899824<strong>Procesador<\/strong><\/p>\n<ul>\n<li>Frecuencia del procesador turbo 1,5<\/li>\n<li>Familia de procesador MediaTek<\/li>\n<li>Modelo del procesador MT6739<\/li>\n<li>N\u00famero de n\u00facleos de procesador 4<\/li>\n<li>Frecuencia del procesador 1,28<\/li>\n<\/ul>\n<p><strong>Exhibici\u00f3n<\/strong><\/p>\n<ul>\n<li>Resoluci\u00f3n de la pantalla 480 x 960<\/li>\n<li>Forma de la pantalla Plana<\/li>\n<li>Relaci\u00f3n de aspecto nativa 18:9<\/li>\n<li>Tipo de pantalla t\u00e1ctil Capacitiva<\/li>\n<li>Tama\u00f1o de la pantalla 5&#8243;<\/li>\n<\/ul>\n<p><strong>Puertos e Interfaces<\/strong><\/p>\n<ul>\n<li>Puerto USB S\u00ed<\/li>\n<li>Conector USB MicroUSB<\/li>\n<li>Auriculares 3,5 mm<\/li>\n<\/ul>\n<p><strong>Peso y dimensiones<\/strong><\/p>\n<ul>\n<li>Peso 134<\/li>\n<li>Profundidad 137,6<\/li>\n<li>Ancho 65,7<\/li>\n<li>Altura 9,8<\/li>\n<\/ul>\n<p><strong>Medios de almacenaje<\/strong><\/p>\n<ul>\n<li>RAM interna 1GB<\/li>\n<li>Memoria interna 16 GB<\/li>\n<li>Tipo de memoria RAM interna LPDDR3<\/li>\n<li>Tarjetas de memoria compatibles MicroSD (TransFlash)<\/li>\n<\/ul>\n<p><strong>Navegaci\u00f3n<\/strong><\/p>\n<ul>\n<li>GPS S\u00ed<\/li>\n<li>GPS (sat\u00e9lite )S\u00ed<\/li>\n<\/ul>\n<p><strong>Software<\/strong><\/p>\n<ul>\n<li>Plataforma Android<\/li>\n<li>Sistema operativo instalado Android 11<\/li>\n<\/ul>\n<p><strong>C\u00e1mara fotogr\u00e1fica<\/strong><\/p>\n<ul>\n<li>Tipo de c\u00e1mara trasera C\u00e1mara \u00fanica<\/li>\n<li>Tama\u00f1o del sensor de la c\u00e1mara trasera 1\/5<\/li>\n<li>Resoluci\u00f3n de la c\u00e1mara trasera (num\u00e9rica) 5<\/li>\n<li>N\u00famero de apertura de la c\u00e1mara trasera 2,4<\/li>\n<li>Tama\u00f1o de los p\u00edxeles de la c\u00e1mara trasera 1,12<\/li>\n<li>\u00c1ngulo del campo de visi\u00f3n (FOV) de la c\u00e1mara trasera 76<\/li>\n<li>Tipo de c\u00e1mara frontal C\u00e1mara \u00fanica<\/li>\n<li>Resoluci\u00f3n de la c\u00e1mara frontal (num\u00e9rica) 2<\/li>\n<li>Tama\u00f1o del sensor de la c\u00e1mara frontal 1\/5<\/li>\n<li>N\u00famero de apertura de la c\u00e1mara frontal 2,8<\/li>\n<li>Tama\u00f1o de los p\u00edxeles de la c\u00e1mara frontal 1,75<\/li>\n<li>\u00c1ngulo del campo de visi\u00f3n (FOV) de la c\u00e1mara frontal 61<\/li>\n<li>Flash en c\u00e1mara trasera S\u00ed<\/li>\n<li>Resoluci\u00f3n en velocidad de captura 1280&#215;720@30fps<\/li>\n<li>Resoluci\u00f3n de captura de video 1280 x 720<\/li>\n<li>Velocidad m\u00e1xima de cuadro 30<\/li>\n<\/ul>\n<p><strong>Otras caracter\u00edsticas<\/strong><\/p>\n<ul>\n<li>Pantalla t\u00e1ctil S\u00ed<\/li>\n<\/ul>\n<p><strong>Sensores<\/strong><\/p>\n<ul>\n<li>Sensor de proximidad S\u00ed<\/li>\n<li>Aceler\u00f3metro S\u00ed<\/li>\n<\/ul>\n<p><strong>Bater\u00eda<\/strong><\/p>\n<ul>\n<li>Voltaje de la pila5<\/li>\n<li>Tiempo de hablado (WCDMA) 11<\/li>\n<li>Tiempo en conversaci\u00f3n (4G) 8<\/li>\n<li>Tiempo de suspensi\u00f3n (WCDMA) 300<\/li>\n<li>Tiempo en espera (4G) 210<\/li>\n<li>Tiempo de recarga de la bater\u00eda 3,4<\/li>\n<li>Capacidad de bater\u00eda 2000<\/li>\n<\/ul>\n<p><strong>Dise\u00f1o<\/strong><\/p>\n<ul>\n<li>Factor de forma Barra<\/li>\n<li>Nombre del color Volcano Black<\/li>\n<li>Color del tel\u00e9fono Azul<\/li>\n<\/ul>\n<p><strong>Multimedia<\/strong><\/p>\n<ul>\n<li>Formatos de audio soportados AAC,AAC+,AMR,APE,FLAC,MIDI,MP3,Vorbis,WAV<\/li>\n<li>Formatos de v\u00eddeo compatibles H.263,H.264,HEVC\/H.265,MPEG2,VP8,VP9<\/li>\n<\/ul>\n<p><strong>Suscripci\u00f3n<\/strong><\/p>\n<ul>\n<li>Tipo de suscripci\u00f3n Sin suscripci\u00f3n<\/li>\n<\/ul>\n<p><strong>Conexi\u00f3n<\/strong><\/p>\n<ul>\n<li>Capacidad de la tarjeta SIM SIM doble<\/li>\n<li>Mobile network generation 4G<\/li>\n<li>Tipo de tarjeta SIM NanoSIM<\/li>\n<li>Est\u00e1ndares 3G HSPA+<\/li>\n<li>Est\u00e1ndar 4G LTE<\/li>\n<li>Wifi S\u00ed<\/li>\n<li>Wi-Fi est\u00e1ndares 802.11b,802.11g,Wi-Fi 4 (802.11n)<\/li>\n<li>Bluetooth S\u00ed<\/li>\n<li>Versi\u00f3n de Bluetooth 4.2<\/li>\n<li>Velocidad de transmisi\u00f3n de datos 3G (m\u00e1x.) 42<\/li>\n<li>Velocidad de transmisi\u00f3n de datos 4G (m\u00e1x.) 150<\/li>\n<li>Wi-Fi Direct S\u00ed<\/li>\n<\/ul>\n<\/div>\n","protected":false},"excerpt":{"rendered":"<p>Marca ALCATEL Modelo 5033FR-2BALWE12 EA 4894461899824Procesador Frecuencia del procesador turbo 1,5 Familia de procesador MediaTek Modelo del procesador MT6739 N\u00famero<\/p>\n","protected":false},"featured_media":211596,"comment_status":"open","ping_status":"closed","template":"","meta":{"_joinchat":[]},"product_cat":[795,6476,7133],"product_tag":[],"class_list":{"0":"post-211589","1":"product","2":"type-product","3":"status-publish","4":"has-post-thumbnail","6":"product_cat-electronica","7":"product_cat-telefonos","8":"product_cat-ofertas-smartphones","10":"first","11":"instock","12":"taxable","13":"shipping-taxable","14":"purchasable","15":"product-type-simple"},"_links":{"self":[{"href":"https:\/\/desdropi.com\/elparque\/wp-json\/wp\/v2\/product\/211589"}],"collection":[{"href":"https:\/\/desdropi.com\/elparque\/wp-json\/wp\/v2\/product"}],"about":[{"href":"https:\/\/desdropi.com\/elparque\/wp-json\/wp\/v2\/types\/product"}],"replies":[{"embeddable":true,"href":"https:\/\/desdropi.com\/elparque\/wp-json\/wp\/v2\/comments?post=211589"}],"version-history":[{"count":0,"href":"https:\/\/desdropi.com\/elparque\/wp-json\/wp\/v2\/product\/211589\/revisions"}],"wp:featuredmedia":[{"embeddable":true,"href":"https:\/\/desdropi.com\/elparque\/wp-json\/wp\/v2\/media\/211596"}],"wp:attachment":[{"href":"https:\/\/desdropi.com\/elparque\/wp-json\/wp\/v2\/media?parent=211589"}],"wp:term":[{"taxonomy":"product_cat","embeddable":true,"href":"https:\/\/desdropi.com\/elparque\/wp-json\/wp\/v2\/product_cat?post=211589"},{"taxonomy":"product_tag","embeddable":true,"href":"https:\/\/desdropi.com\/elparque\/wp-json\/wp\/v2\/product_tag?post=211589"}],"curies":[{"name":"wp","href":"https:\/\/api.w.org\/{rel}","templated":true}]}}