{"id":211602,"date":"2024-01-17T18:46:27","date_gmt":"2024-01-17T17:46:27","guid":{"rendered":"https:\/\/desdropi.com\/elparque\/?post_type=product&#038;p=211602"},"modified":"2024-04-25T13:51:34","modified_gmt":"2024-04-25T11:51:34","slug":"television-cecotec-02619-65-alu20065s-led","status":"publish","type":"product","link":"https:\/\/desdropi.com\/elparque\/television-cecotec-02619-65-alu20065s-led\/","title":{"rendered":"TELEVISION CECOTEC 02619 65&#8243; ALU20065S LED"},"content":{"rendered":"<div class=\"descripcion-tab\">\n<p><strong>Descripci\u00f3n:<\/strong><\/p>\n<ul>\n<li>Android TV.V.11: La mejor experiencia de uso con una gran colecci\u00f3n de aplicaciones.<\/li>\n<li>4K UHD: Im\u00e1genes ultra n\u00edtidas y con alta definici\u00f3n incluso en detalles.<\/li>\n<li>MEMC: A\u00f1ade fotogramas de compensaci\u00f3n para generar im\u00e1genes m\u00e1s fluidas y n\u00edtidas.<\/li>\n<li>Dolby Atmos: Sonido envolvente multidimensional de 360\u00ba para escuchar el sonido de forma real.<\/li>\n<li>HDMI 2.1 48gbs: Permite altas frecuencias y resoluciones sin da\u00f1ar la imagen de origen.<\/li>\n<li>Baja latencia para Gaming: Configura la latencia de forma autom\u00e1tica para mejorar la experiencia de juego de tu consola.<\/li>\n<li>Eye Safe: Minimiza la emisi\u00f3n de luz azul para proteger los ojos.<\/li>\n<li>Pantalla 10 Bits: Reproduce m\u00e1s de 1000 millones de colores.<\/li>\n<li>Pure Dimming\/Pure Move\/Pure Outline: Mejora el brillo, la definici\u00f3n y el movimiento de cada imagen.<\/li>\n<li>HDR10: Procesa la imagen y consigue la mayor profundidad de color.<\/li>\n<li>Dolby Vision: Optimiza cada fotograma para mostrar im\u00e1genes m\u00e1s puras y reales.<\/li>\n<li>Dise\u00f1o sin marcos: Minimiza el margen entre marcos e imagen para mejorar la experiencia de visi\u00f3n.<\/li>\n<li>Chromecast integrado para enviar contenido de forma sencilla y r\u00e1pida.<\/li>\n<\/ul>\n<p><strong>Composici\u00f3n:<\/strong><\/p>\n<ul>\n<li>2 pilas AAA<\/li>\n<li>Mando a distancia<\/li>\n<li>Manual de instrucciones<\/li>\n<li>Televisi\u00f3n LED 65\u201d 4K<\/li>\n<\/ul>\n<p>Esta televisi\u00f3n LED de 65&#8243; redefine la experiencia visual con caracter\u00edsticas avanzadas. Desde Android TV.V.11 y 4K UHD hasta Dolby Atmos, HDMI 2.1 48gbs, Baja latencia para Gaming, Eye Safe, Pantalla 10 Bits, Pure Dimming\/Pure Move\/Pure Outline, HDR10, Dolby Vision y dise\u00f1o sin marcos, ofrece im\u00e1genes y sonido excepcionales. El Chromecast integrado permite una f\u00e1cil y r\u00e1pida transmisi\u00f3n de contenido. La composici\u00f3n incluye 2 pilas AAA, un mando a distancia y un manual de instrucciones para una configuraci\u00f3n sencilla. \u00a1Sum\u00e9rgete en una experiencia visual sin l\u00edmites con esta televisi\u00f3n LED de 65&#8243;!<\/p>\n<\/div>\n","protected":false},"excerpt":{"rendered":"<p>Descripci\u00f3n: Android TV.V.11: La mejor experiencia de uso con una gran colecci\u00f3n de aplicaciones. 4K UHD: Im\u00e1genes ultra n\u00edtidas y<\/p>\n","protected":false},"featured_media":211779,"comment_status":"open","ping_status":"closed","template":"","meta":{"_joinchat":[]},"product_cat":[6464,7069],"product_tag":[],"class_list":{"0":"post-211602","1":"product","2":"type-product","3":"status-publish","4":"has-post-thumbnail","6":"product_cat-televisores-electronica","7":"product_cat-tv-60-79","8":"pa_marca-cecotec-g-marron","10":"first","11":"instock","12":"taxable","13":"shipping-taxable","14":"purchasable","15":"product-type-simple"},"_links":{"self":[{"href":"https:\/\/desdropi.com\/elparque\/wp-json\/wp\/v2\/product\/211602"}],"collection":[{"href":"https:\/\/desdropi.com\/elparque\/wp-json\/wp\/v2\/product"}],"about":[{"href":"https:\/\/desdropi.com\/elparque\/wp-json\/wp\/v2\/types\/product"}],"replies":[{"embeddable":true,"href":"https:\/\/desdropi.com\/elparque\/wp-json\/wp\/v2\/comments?post=211602"}],"version-history":[{"count":0,"href":"https:\/\/desdropi.com\/elparque\/wp-json\/wp\/v2\/product\/211602\/revisions"}],"wp:featuredmedia":[{"embeddable":true,"href":"https:\/\/desdropi.com\/elparque\/wp-json\/wp\/v2\/media\/211779"}],"wp:attachment":[{"href":"https:\/\/desdropi.com\/elparque\/wp-json\/wp\/v2\/media?parent=211602"}],"wp:term":[{"taxonomy":"product_cat","embeddable":true,"href":"https:\/\/desdropi.com\/elparque\/wp-json\/wp\/v2\/product_cat?post=211602"},{"taxonomy":"product_tag","embeddable":true,"href":"https:\/\/desdropi.com\/elparque\/wp-json\/wp\/v2\/product_tag?post=211602"}],"curies":[{"name":"wp","href":"https:\/\/api.w.org\/{rel}","templated":true}]}}