{"id":211612,"date":"2024-01-16T20:32:21","date_gmt":"2024-01-16T19:32:21","guid":{"rendered":"https:\/\/desdropi.com\/elparque\/?post_type=product&#038;p=211612"},"modified":"2024-05-17T13:02:05","modified_gmt":"2024-05-17T11:02:05","slug":"smartphone-redmi-note-12s-8-256-643-onyx-black","status":"publish","type":"product","link":"https:\/\/desdropi.com\/elparque\/smartphone-redmi-note-12s-8-256-643-onyx-black\/","title":{"rendered":"SMARTPHONE REDMI NOTE 12S 8\/256 6,43&#8243; ONYX BLACK"},"content":{"rendered":"<div class=\"descripcion tab\">Marca XIAOMI<br \/>\nModeloMZB0E8LEU<br \/>\nEAN6941812728956<strong>Procesador<\/strong><\/p>\n<ul>\n<li>Familia de procesador MediaTek<\/li>\n<li>Modelo del procesador Helio G96<\/li>\n<li>Frecuencia del procesador turbo 2,05<\/li>\n<li>N\u00famero de n\u00facleos de procesador 8<\/li>\n<\/ul>\n<p><strong>Exhibici\u00f3n<\/strong><\/p>\n<ul>\n<li>Resoluci\u00f3n de la pantalla 2400 x 1800<\/li>\n<li>M\u00e1xima velocidad de actualizaci\u00f3n 90<\/li>\n<li>Brillo de pantalla 700<\/li>\n<li>Raz\u00f3n de contraste (t\u00edpica) 4500000:1<\/li>\n<li>Forma de la pantalla Plana<\/li>\n<li>Tipo de visualizador AMOLED<\/li>\n<li>Densidad del pixel 409<\/li>\n<li>Relaci\u00f3n de aspecto nativa 20:9<\/li>\n<li>Brillo m\u00e1ximo de la pantalla (HDR) 1000<\/li>\n<li>Tama\u00f1o de la pantalla 16,3<\/li>\n<\/ul>\n<p><strong>Puertos e Interfaces<\/strong><\/p>\n<ul>\n<li>Auriculares 3,5 mm<\/li>\n<li>Puerto USB S\u00ed<\/li>\n<li>Conector USB\u00a0 Tipo C<\/li>\n<\/ul>\n<p><strong>Peso y dimensiones<\/strong><\/p>\n<ul>\n<li>Peso 176<\/li>\n<li>Ancho 73,9<\/li>\n<li>Profundidad 8,09<\/li>\n<li>Altura 159,9<\/li>\n<\/ul>\n<p><strong>Medios de almacenaje<\/strong><\/p>\n<ul>\n<li>RAM interna 8<\/li>\n<li>Memoria interna 256<\/li>\n<li>Tipo de memoria RAM interna LPDDR4X<\/li>\n<li>Tarjetas de memoria compatibles MicroSD (TransFlash)<\/li>\n<\/ul>\n<p><strong>Mensajer\u00eda<\/strong><\/p>\n<ul>\n<li>Servicios de mensajes cortos (SMS) S\u00ed<\/li>\n<li>Correo electr\u00f3nico S\u00ed<\/li>\n<\/ul>\n<p><strong>Navegaci\u00f3n<\/strong><\/p>\n<ul>\n<li>GPS S\u00ed<\/li>\n<li>GPS (sat\u00e9lite) S\u00ed<\/li>\n<li>BeiDou S\u00ed<\/li>\n<li>Galileo S\u00ed<\/li>\n<li>GLONASS S\u00ed<\/li>\n<li>Br\u00fajula electr\u00f3nica S\u00ed<\/li>\n<\/ul>\n<p><strong>Software<\/strong><\/p>\n<ul>\n<li>Plataforma Android<\/li>\n<li>Sistema operativo instalado Android 13<\/li>\n<li>Operating system fork MIUI 14<\/li>\n<\/ul>\n<p><strong>C\u00e1mara fotogr\u00e1fica<\/strong><\/p>\n<ul>\n<li>Tipo de c\u00e1mara trasera Triple c\u00e1mara<\/li>\n<li>Resoluci\u00f3n de la c\u00e1mara trasera (num\u00e9rica) 108<\/li>\n<li>Resoluci\u00f3n de la segunda c\u00e1mara trasera (num\u00e9rica) 8<\/li>\n<li>Resoluci\u00f3n de la tercera c\u00e1mara trasera (num\u00e9rica) 2<\/li>\n<li>Tama\u00f1o del sensor de la c\u00e1mara trasera1\/1.52<\/li>\n<li>N\u00famero de apertura de la c\u00e1mara trasera 1,9<\/li>\n<li>N\u00famero de apertura de la segunda c\u00e1mara trasera 2,2<\/li>\n<li>N\u00famero de diafragma de la tercera c\u00e1mara trasera 2,4<\/li>\n<li>Tama\u00f1o de los p\u00edxeles de la c\u00e1mara trasera 0,7<\/li>\n<li>Tipo de c\u00e1mara frontal C\u00e1mara \u00fanica<\/li>\n<li>Resoluci\u00f3n de la c\u00e1mara frontal (num\u00e9rica) 16<\/li>\n<li>N\u00famero de apertura de la c\u00e1mara frontal 2,4<\/li>\n<li>Flash en c\u00e1mara trasera S\u00ed<\/li>\n<li>Modos de grabaci\u00f3n de v\u00eddeo 720p, 1080p<\/li>\n<\/ul>\n<p><strong>Contenido del embalaje<\/strong><\/p>\n<ul>\n<li>Adaptador AC incluido S\u00ed<\/li>\n<li>Cables incluidos USB Tipo C<\/li>\n<li>Ejection pin S\u00ed<\/li>\n<li>Funda protectora S\u00ed<\/li>\n<li>Potencia de adaptador AC33<\/li>\n<li>Gu\u00eda de configuraci\u00f3n r\u00e1pida S\u00ed<\/li>\n<li>Tarjeta de garant\u00eda S\u00ed<\/li>\n<\/ul>\n<p><strong>Sensores<\/strong><\/p>\n<ul>\n<li>Sensor de proximidad S\u00ed<\/li>\n<li>Sensor de luz ambiental S\u00ed<\/li>\n<li>Aceler\u00f3metro S\u00ed<\/li>\n<li>Sensor infrarrojo S\u00ed<\/li>\n<li>Giroscopio S\u00ed<\/li>\n<\/ul>\n<p><strong>Bater\u00eda<\/strong><\/p>\n<ul>\n<li>Capacidad de bater\u00eda 5000<\/li>\n<\/ul>\n<p><strong>Dise\u00f1o<\/strong><\/p>\n<ul>\n<li>Factor de forma Barra<\/li>\n<li>Color del tel\u00e9fono Negro<\/li>\n<\/ul>\n<p><strong>Desempe\u00f1o<\/strong><\/p>\n<ul>\n<li>Carga r\u00e1pida S\u00ed<\/li>\n<li>Reconocimiento de cara S\u00ed<\/li>\n<li>Lector de huella digital S\u00ed<\/li>\n<li>Alerta vibratoria S\u00ed<\/li>\n<li>Altavoz S\u00ed<\/li>\n<li>Video llamada S\u00ed<\/li>\n<\/ul>\n<p><strong>Multimedia<\/strong><\/p>\n<ul>\n<li>Altavoces Est\u00e9reo<\/li>\n<\/ul>\n<p><strong>Suscripci\u00f3n<\/strong><\/p>\n<ul>\n<li>Tipo de suscripci\u00f3n Sin suscripci\u00f3n<\/li>\n<\/ul>\n<p><strong>Conexi\u00f3n<\/strong><\/p>\n<ul>\n<li>Capacidad de la tarjeta SIM SIM doble<\/li>\n<li>Mobile network generation 4G<\/li>\n<li>Tipo de tarjeta SIM NanoSIM<\/li>\n<li>Est\u00e1ndares 3G WCDMA<\/li>\n<li>Est\u00e1ndar 4G LTE-TDD &amp; LTE-FDD<\/li>\n<li>Est\u00e1ndar 5G No compatible<\/li>\n<li>Wifi S\u00ed<\/li>\n<li>NFC S\u00ed<\/li>\n<li>Bluetooth S\u00ed<\/li>\n<li>Wi-Fi est\u00e1ndares 802.11a, 802.11b, 802.11g, Wi-Fi 4 (802.11n), Wi-Fi 5 (802.11ac)<\/li>\n<li>Versi\u00f3n de Bluetooth 5.2<\/li>\n<li>Perfiles de Bluetooth A2DP<\/li>\n<\/ul>\n<\/div>\n","protected":false},"excerpt":{"rendered":"<p>Marca XIAOMI ModeloMZB0E8LEU EAN6941812728956Procesador Familia de procesador MediaTek Modelo del procesador Helio G96 Frecuencia del procesador turbo 2,05 N\u00famero de<\/p>\n","protected":false},"featured_media":211613,"comment_status":"open","ping_status":"closed","template":"","meta":{"_joinchat":[]},"product_cat":[795,6476,7133],"product_tag":[],"class_list":{"0":"post-211612","1":"product","2":"type-product","3":"status-publish","4":"has-post-thumbnail","6":"product_cat-electronica","7":"product_cat-telefonos","8":"product_cat-ofertas-smartphones","10":"first","11":"instock","12":"taxable","13":"shipping-taxable","14":"purchasable","15":"product-type-simple"},"_links":{"self":[{"href":"https:\/\/desdropi.com\/elparque\/wp-json\/wp\/v2\/product\/211612"}],"collection":[{"href":"https:\/\/desdropi.com\/elparque\/wp-json\/wp\/v2\/product"}],"about":[{"href":"https:\/\/desdropi.com\/elparque\/wp-json\/wp\/v2\/types\/product"}],"replies":[{"embeddable":true,"href":"https:\/\/desdropi.com\/elparque\/wp-json\/wp\/v2\/comments?post=211612"}],"version-history":[{"count":0,"href":"https:\/\/desdropi.com\/elparque\/wp-json\/wp\/v2\/product\/211612\/revisions"}],"wp:featuredmedia":[{"embeddable":true,"href":"https:\/\/desdropi.com\/elparque\/wp-json\/wp\/v2\/media\/211613"}],"wp:attachment":[{"href":"https:\/\/desdropi.com\/elparque\/wp-json\/wp\/v2\/media?parent=211612"}],"wp:term":[{"taxonomy":"product_cat","embeddable":true,"href":"https:\/\/desdropi.com\/elparque\/wp-json\/wp\/v2\/product_cat?post=211612"},{"taxonomy":"product_tag","embeddable":true,"href":"https:\/\/desdropi.com\/elparque\/wp-json\/wp\/v2\/product_tag?post=211612"}],"curies":[{"name":"wp","href":"https:\/\/api.w.org\/{rel}","templated":true}]}}