{"id":211620,"date":"2024-01-16T20:43:36","date_gmt":"2024-01-16T19:43:36","guid":{"rendered":"https:\/\/desdropi.com\/elparque\/?post_type=product&#038;p=211620"},"modified":"2024-05-17T13:02:05","modified_gmt":"2024-05-17T11:02:05","slug":"smartphone-vivo-y01-3-32-652-black","status":"publish","type":"product","link":"https:\/\/desdropi.com\/elparque\/smartphone-vivo-y01-3-32-652-black\/","title":{"rendered":"SMARTPHONE VIVO Y01 3\/32 6,52&#8243; BLACK"},"content":{"rendered":"<div class=\"descripcion tab\">Marca VIVO<br \/>\nModelo5661012<br \/>\nEAN6935117844091P<strong>rocesador<\/strong><\/p>\n<ul>\n<li>Modelo del procesador Helio P35<\/li>\n<li>Familia de procesador MediaTek<\/li>\n<li>Arquitectura del procesado rARM Cortex-A53<\/li>\n<li>N\u00famero de n\u00facleos de procesador 8<\/li>\n<li>Frecuencia del procesador 2,3<\/li>\n<\/ul>\n<p><strong>Exhibici\u00f3n<\/strong><\/p>\n<ul>\n<li>Resoluci\u00f3n de la pantalla 1600 x 720<\/li>\n<li>Tipo de visualizador IPS<\/li>\n<li>Tipo de pantalla t\u00e1ctil Capacitiva<\/li>\n<li>Forma de la pantalla Plana<\/li>\n<li>Tama\u00f1o de la pantalla 6,52&#8243;<\/li>\n<\/ul>\n<p><strong>Puertos e Interfaces<\/strong><\/p>\n<ul>\n<li>Puerto USB S\u00ed<\/li>\n<li>Conector USB Micro USB<\/li>\n<li>Versi\u00f3n USB 2.0<\/li>\n<\/ul>\n<p><strong>Peso y dimensiones<\/strong><\/p>\n<ul>\n<li>Ancho 164<\/li>\n<li>Profundidad 75,2<\/li>\n<li>Altura 8,28<\/li>\n<li>Peso 178<\/li>\n<\/ul>\n<p><strong>Medios de almacenaje<\/strong><\/p>\n<ul>\n<li>RAM interna 3 GB<\/li>\n<li>Memoria interna 32 GB<\/li>\n<li>Tarjetas de memoria compatibles MicroSD (TransFlash)<\/li>\n<\/ul>\n<p><strong>Navegaci\u00f3n<\/strong><\/p>\n<ul>\n<li>GPS S\u00ed<\/li>\n<li>GPS (sat\u00e9lite) S\u00ed<\/li>\n<li>BeiDou S\u00ed<\/li>\n<li>GLONASS S\u00ed<\/li>\n<li>Galileo S\u00ed<\/li>\n<li>Br\u00fajula electr\u00f3nica S\u00ed<\/li>\n<\/ul>\n<p><strong>Software<\/strong><\/p>\n<ul>\n<li>Plataforma Android<\/li>\n<li>Sistema operativo instalado Android 11 Go Edition<\/li>\n<\/ul>\n<p><strong>C\u00e1mara fotogr\u00e1fica<\/strong><\/p>\n<ul>\n<li>Tipo de c\u00e1mara trasera C\u00e1mara \u00fanica<\/li>\n<li>Resoluci\u00f3n de la c\u00e1mara trasera (num\u00e9rica) 13<\/li>\n<li>Tipo de c\u00e1mara frontal C\u00e1mara \u00fanica<\/li>\n<li>Resoluci\u00f3n de la c\u00e1mara frontal (num\u00e9rica) 5<\/li>\n<li>N\u00famero de apertura de la c\u00e1mara traser a2,2<\/li>\n<li>Flash en c\u00e1mara trasera S\u00ed<\/li>\n<li>N\u00famero de apertura de la c\u00e1mara frontal 2,2<\/li>\n<\/ul>\n<p><strong>Contenido del embalaje<\/strong><\/p>\n<ul>\n<li>Adaptador AC incluido S\u00ed<\/li>\n<li>Cables incluidos USB<\/li>\n<li>Ejection pin S\u00ed<\/li>\n<li>Potencia de adaptador AC 10<\/li>\n<\/ul>\n<p><strong>Otras caracter\u00edsticas<\/strong><\/p>\n<ul>\n<li>Pantalla t\u00e1ctil S\u00ed<\/li>\n<\/ul>\n<p><strong>Sensores<\/strong><\/p>\n<ul>\n<li>Aceler\u00f3metro S\u00ed<\/li>\n<li>Giroscopio S\u00ed<\/li>\n<li>Sensor de distancia S\u00ed<\/li>\n<li>Sensor de luz ambiental S\u00ed<\/li>\n<\/ul>\n<p><strong>Bater\u00eda<\/strong><\/p>\n<ul>\n<li>Capacidad de bater\u00eda 5000<\/li>\n<\/ul>\n<p><strong>Dise\u00f1o<\/strong><\/p>\n<ul>\n<li>Nombre del color Elegant Black<\/li>\n<li>Material de la carcasa Pl\u00e1stico<\/li>\n<li>Factor de forma Barra<\/li>\n<li>Color del tel\u00e9fono Negro<\/li>\n<\/ul>\n<p><strong>Desempe\u00f1o<\/strong><\/p>\n<ul>\n<li>USB On-The-Go soportado S\u00ed<\/li>\n<\/ul>\n<p><strong>Multimedia<\/strong><\/p>\n<ul>\n<li>Formatos de audio soportados AAC,APE,FLAC,M4A,MP1,MP2,MP3,OPUS,Vorbis,WAV,WMA<\/li>\n<li>Formatos de v\u00eddeo compatibles3G P,AVI,FLV,MKV,MP4,TS<\/li>\n<\/ul>\n<p><strong>Conexi\u00f3n<\/strong><\/p>\n<ul>\n<li>Mobile network generation 4G<\/li>\n<li>Capacidad de la tarjeta SIM SIM doble<\/li>\n<li>Tipo de tarjeta SIM NanoSIM<\/li>\n<li>Est\u00e1ndares 3G WCDMA<\/li>\n<li>Est\u00e1ndar 4G LTE-TDD &amp; LTE-FDD<\/li>\n<li>Wifi S\u00ed<\/li>\n<li>Bluetooth S\u00ed<\/li>\n<li>Versi\u00f3n de Bluetooth 5.0<\/li>\n<\/ul>\n<\/div>\n","protected":false},"excerpt":{"rendered":"<p>Marca VIVO Modelo5661012 EAN6935117844091Procesador Modelo del procesador Helio P35 Familia de procesador MediaTek Arquitectura del procesado rARM Cortex-A53 N\u00famero de<\/p>\n","protected":false},"featured_media":211621,"comment_status":"open","ping_status":"closed","template":"","meta":{"_joinchat":[]},"product_cat":[795,6476,7133],"product_tag":[],"class_list":{"0":"post-211620","1":"product","2":"type-product","3":"status-publish","4":"has-post-thumbnail","6":"product_cat-electronica","7":"product_cat-telefonos","8":"product_cat-ofertas-smartphones","10":"first","11":"instock","12":"sale","13":"taxable","14":"shipping-taxable","15":"purchasable","16":"product-type-simple"},"_links":{"self":[{"href":"https:\/\/desdropi.com\/elparque\/wp-json\/wp\/v2\/product\/211620"}],"collection":[{"href":"https:\/\/desdropi.com\/elparque\/wp-json\/wp\/v2\/product"}],"about":[{"href":"https:\/\/desdropi.com\/elparque\/wp-json\/wp\/v2\/types\/product"}],"replies":[{"embeddable":true,"href":"https:\/\/desdropi.com\/elparque\/wp-json\/wp\/v2\/comments?post=211620"}],"version-history":[{"count":0,"href":"https:\/\/desdropi.com\/elparque\/wp-json\/wp\/v2\/product\/211620\/revisions"}],"wp:featuredmedia":[{"embeddable":true,"href":"https:\/\/desdropi.com\/elparque\/wp-json\/wp\/v2\/media\/211621"}],"wp:attachment":[{"href":"https:\/\/desdropi.com\/elparque\/wp-json\/wp\/v2\/media?parent=211620"}],"wp:term":[{"taxonomy":"product_cat","embeddable":true,"href":"https:\/\/desdropi.com\/elparque\/wp-json\/wp\/v2\/product_cat?post=211620"},{"taxonomy":"product_tag","embeddable":true,"href":"https:\/\/desdropi.com\/elparque\/wp-json\/wp\/v2\/product_tag?post=211620"}],"curies":[{"name":"wp","href":"https:\/\/api.w.org\/{rel}","templated":true}]}}