{"id":211693,"date":"2024-01-17T13:09:30","date_gmt":"2024-01-17T12:09:30","guid":{"rendered":"https:\/\/desdropi.com\/elparque\/?post_type=product&#038;p=211693"},"modified":"2024-05-17T13:02:06","modified_gmt":"2024-05-17T11:02:06","slug":"smartphone-vivo-y21-4-64-652-pearl-white","status":"publish","type":"product","link":"https:\/\/desdropi.com\/elparque\/smartphone-vivo-y21-4-64-652-pearl-white\/","title":{"rendered":"SMARTPHONE VIVO Y21 4\/64 6,52&#8243; PEARL WHITE"},"content":{"rendered":"<div class=\"descripcion tab\">\nMarca VIVO<br \/>\nModelo 5658914<br \/>\nEAN6935117840642<\/p>\n<p><strong>Procesador<\/strong><\/p>\n<ul>\n<li>Frecuencia del procesador turbo 2,3<\/li>\n<li>Modelo del procesador Helio P35<\/li>\n<li>Familia de procesador MediaTek<\/li>\n<li>N\u00famero de n\u00facleos de procesador 8<\/li>\n<\/ul>\n<p><strong>Exhibici\u00f3n<\/strong><\/p>\n<ul>\n<li>Resoluci\u00f3n de la pantalla 1600 x 720<\/li>\n<li>Forma de la pantalla Plana<\/li>\n<li>Tipo de visualizador LCD<\/li>\n<li>Relaci\u00f3n de aspecto nativa 20:9<\/li>\n<li>Tipo de pantalla t\u00e1ctil Capacitiva<\/li>\n<li>Pantalla con esquinas redondeadas S\u00ed<\/li>\n<li>Tama\u00f1o de la pantalla 6,52&#8243;<\/li>\n<li><\/li>\n<\/ul>\n<p><strong>Puertos e Interfaces<\/strong><\/p>\n<ul>\n<li>Versi\u00f3n USB 2.0<\/li>\n<li>Auriculares 3,5 mm<\/li>\n<li>Puerto USB S\u00ed<\/li>\n<li>Conector USB Tipo C<\/li>\n<\/ul>\n<p><strong>Peso y dimensiones<\/strong><\/p>\n<ul>\n<li>Ancho 76,1<\/li>\n<li>Altura 164,3<\/li>\n<li>Profundidad 8<\/li>\n<li>Peso182<\/li>\n<li>Profundidad del paquete 94<\/li>\n<li>Altura del paquete 56,5<\/li>\n<li>Ancho del paquete 184<\/li>\n<li>Peso del paquete 480<\/li>\n<\/ul>\n<p><strong>Medios de almacenaje<\/strong><\/p>\n<ul>\n<li>RAM interna 4 GB<\/li>\n<li>Memoria interna 64 GB<\/li>\n<li>Tarjetas de memoria compatibles MicroSD (TransFlash)<\/li>\n<li>Tama\u00f1o m\u00e1ximo de tarjeta de memoria 1000 GB<\/li>\n<\/ul>\n<p><strong>Mensajer\u00eda<\/strong><\/p>\n<ul>\n<li>Correo electr\u00f3nico S\u00ed<\/li>\n<li>Sistema de mensajer\u00eda multimedia (MMS) S\u00ed<\/li>\n<li>Servicios de mensajes cortos (SMS) S\u00ed<\/li>\n<\/ul>\n<p><strong>Navegaci\u00f3n<\/strong><\/p>\n<ul>\n<li>GPS (sat\u00e9lite) S\u00ed<\/li>\n<li>GPS S\u00ed<\/li>\n<li>Br\u00fajula electr\u00f3nica S\u00ed<\/li>\n<li>BeiDou S\u00ed<\/li>\n<li>Galileo S\u00ed<\/li>\n<li>GLONASS S\u00ed<\/li>\n<\/ul>\n<p><strong>Aprobaciones reguladoras<\/strong><\/p>\n<ul>\n<li>\u00cdndice SAR para la cabeza (UE) 0,99<\/li>\n<li>\u00cdndice SAR para el cuerpo (UE) 1,06<\/li>\n<\/ul>\n<p><strong>Software<\/strong><\/p>\n<ul>\n<li>App distribution platform Google Play<\/li>\n<li>Sistema operativo instalado Android 11<\/li>\n<li>Plataforma Android<\/li>\n<\/ul>\n<p><strong>C\u00e1mara fotogr\u00e1fica<\/strong><\/p>\n<ul>\n<li>Tipo de c\u00e1mara trasera C\u00e1mara doble<\/li>\n<li>Resoluci\u00f3n de la c\u00e1mara trasera (num\u00e9rica) 13<\/li>\n<li>Resoluci\u00f3n de la c\u00e1mara con objetivo macro (num\u00e9rica) 2<\/li>\n<li>Zoom digital 2<\/li>\n<li>Tipo de c\u00e1mara frontal C\u00e1mara \u00fanica<\/li>\n<li>Resoluci\u00f3n de la c\u00e1mara frontal (num\u00e9rica) 8<\/li>\n<li>N\u00famero de apertura de la c\u00e1mara frontal 2<\/li>\n<li>N\u00famero de apertura de la c\u00e1mara trasera 2,2<\/li>\n<li>N\u00famero de apertura de la segunda c\u00e1mara trasera 2,4<\/li>\n<li>Flash en c\u00e1mara trasera S\u00ed<\/li>\n<li>Tipo de flash LED<\/li>\n<li>Modo de lapso de tiempo S\u00ed<\/li>\n<li>Velocidad m\u00e1xima de cuadro 30<\/li>\n<\/ul>\n<p><strong>Contenido del embalaje<\/strong><\/p>\n<ul>\n<li>Potencia de adaptador AC18<\/li>\n<li>Gu\u00eda de configuraci\u00f3n r\u00e1pida S\u00ed<\/li>\n<li>Adaptador AC incluido S\u00ed<\/li>\n<li>Cables incluidos USB Tipo C<\/li>\n<li>Ejection pin S\u00ed<\/li>\n<li>Auriculares incluidos No<\/li>\n<li>Protector de pantalla S\u00ed<\/li>\n<li>Tarjeta de garant\u00eda S\u00ed<\/li>\n<li>Funda protectora S\u00ed<\/li>\n<\/ul>\n<p><strong>Otras caracter\u00edsticas<\/strong><\/p>\n<ul>\n<li>Pantalla t\u00e1ctil S\u00ed<\/li>\n<\/ul>\n<p><strong>Sensores<\/strong><\/p>\n<ul>\n<li>Aceler\u00f3metro S\u00ed<\/li>\n<li>Sensor de proximidad S\u00ed<\/li>\n<li>Sensor de luz ambiental S\u00ed<\/li>\n<li>Giroscopio S\u00ed<\/li>\n<\/ul>\n<p><strong>Bater\u00eda<\/strong><\/p>\n<ul>\n<li>Bater\u00eda extra\u00edble No<\/li>\n<li>Capacidad de bater\u00eda 5000<\/li>\n<\/ul>\n<p><strong>Dise\u00f1o<\/strong><\/p>\n<ul>\n<li>Factor de forma Barra<\/li>\n<li>Nombre del color Pearl White<\/li>\n<li>C\u00f3digo IP (International Protection) IP52<\/li>\n<li>Color del tel\u00e9fono Perlado, Blanco<\/li>\n<\/ul>\n<p><strong>Desempe\u00f1o<\/strong><\/p>\n<ul>\n<li>Carga r\u00e1pida S\u00ed<\/li>\n<li>Altavoz S\u00ed<\/li>\n<li>Comandos de voz S\u00ed<\/li>\n<li>Alerta vibratoria S\u00ed<\/li>\n<li>Lector de huella digital S\u00ed<\/li>\n<\/ul>\n<p><strong>Multimedia<\/strong><\/p>\n<ul>\n<li>Formatos de audio soportados APE,FLAC,MIDI,MP2,MP3,Vorbis,WAV<\/li>\n<li>Formatos de v\u00eddeo compatibles 3GP,AVI,FLV,MKV,MP4<\/li>\n<\/ul>\n<p><strong>Suscripci\u00f3n<\/strong><\/p>\n<ul>\n<li>Tipo de suscripci\u00f3n Sin suscripci\u00f3n<\/li>\n<\/ul>\n<p><strong>Conexi\u00f3n<\/strong><\/p>\n<ul>\n<li>Capacidad de la tarjeta SIM SIM doble<\/li>\n<li>Mobile network generation 4G<\/li>\n<li>Tipo de tarjeta SIM Nano SIM<\/li>\n<li>Est\u00e1ndares 3G WCDMA<\/li>\n<li>Est\u00e1ndar 4G LTE-TDD &amp; LTE-FDD<\/li>\n<li>Wifi S\u00ed<\/li>\n<li>Bluetooth S\u00ed<\/li>\n<li>Versi\u00f3n de Bluetooth 5.0<\/li>\n<li>NFC S\u00ed<\/li>\n<\/ul>\n<\/div>\n","protected":false},"excerpt":{"rendered":"<p>Marca VIVO Modelo 5658914 EAN6935117840642 Procesador Frecuencia del procesador turbo 2,3 Modelo del procesador Helio P35 Familia de procesador MediaTek<\/p>\n","protected":false},"featured_media":211700,"comment_status":"open","ping_status":"closed","template":"","meta":{"_joinchat":[]},"product_cat":[795,6476,7133],"product_tag":[],"class_list":{"0":"post-211693","1":"product","2":"type-product","3":"status-publish","4":"has-post-thumbnail","6":"product_cat-electronica","7":"product_cat-telefonos","8":"product_cat-ofertas-smartphones","10":"first","11":"instock","12":"sale","13":"taxable","14":"shipping-taxable","15":"purchasable","16":"product-type-simple"},"_links":{"self":[{"href":"https:\/\/desdropi.com\/elparque\/wp-json\/wp\/v2\/product\/211693"}],"collection":[{"href":"https:\/\/desdropi.com\/elparque\/wp-json\/wp\/v2\/product"}],"about":[{"href":"https:\/\/desdropi.com\/elparque\/wp-json\/wp\/v2\/types\/product"}],"replies":[{"embeddable":true,"href":"https:\/\/desdropi.com\/elparque\/wp-json\/wp\/v2\/comments?post=211693"}],"version-history":[{"count":0,"href":"https:\/\/desdropi.com\/elparque\/wp-json\/wp\/v2\/product\/211693\/revisions"}],"wp:featuredmedia":[{"embeddable":true,"href":"https:\/\/desdropi.com\/elparque\/wp-json\/wp\/v2\/media\/211700"}],"wp:attachment":[{"href":"https:\/\/desdropi.com\/elparque\/wp-json\/wp\/v2\/media?parent=211693"}],"wp:term":[{"taxonomy":"product_cat","embeddable":true,"href":"https:\/\/desdropi.com\/elparque\/wp-json\/wp\/v2\/product_cat?post=211693"},{"taxonomy":"product_tag","embeddable":true,"href":"https:\/\/desdropi.com\/elparque\/wp-json\/wp\/v2\/product_tag?post=211693"}],"curies":[{"name":"wp","href":"https:\/\/api.w.org\/{rel}","templated":true}]}}