{"id":211813,"date":"2024-01-17T20:20:02","date_gmt":"2024-01-17T19:20:02","guid":{"rendered":"https:\/\/desdropi.com\/elparque\/?post_type=product&#038;p=211813"},"modified":"2024-05-17T13:02:07","modified_gmt":"2024-05-17T11:02:07","slug":"smartphone-motorola-g84-5g-12-256-65-black","status":"publish","type":"product","link":"https:\/\/desdropi.com\/elparque\/smartphone-motorola-g84-5g-12-256-65-black\/","title":{"rendered":"SMARTPHONE MOTOROLA G84 5G 12\/256 6,5&#8243; BLACK"},"content":{"rendered":"<div class=\"descripcion tab\"\nMarca MOTOROLA\nModeloPAYM0003SE\nEAN840023249471\n\n<strong>Procesador<\/strong><\/p>\n<ul>\n<li>Familia de procesador Qualcomm Snapdragon<\/li>\n<li>Modelo del procesador 695 5G<\/li>\n<li>N\u00famero de n\u00facleos de procesador 8<\/li>\n<li>Frecuencia del procesador 2,2<\/li>\n<\/ul>\n<p><strong>Exhibici\u00f3n<\/strong><\/p>\n<ul>\n<li>Resoluci\u00f3n de la pantalla 1080 x 2400<\/li>\n<li>Forma de la pantalla Plana<\/li>\n<li>Tipo de visualizador P-OLED<\/li>\n<li>Relaci\u00f3n de aspecto nativa 20:9<\/li>\n<li>M\u00e1xima velocidad de actualizaci\u00f3n 120<\/li>\n<li>Densidad del pixel 402<\/li>\n<li>Tama\u00f1o de la pantallab16,6<\/li>\n<\/ul>\n<p><strong>Puertos e Interfaces<\/strong><\/p>\n<ul>\n<li>Puerto USB S\u00ed<\/li>\n<li>Conector USB Tipo C<\/li>\n<li>Auriculares 3,5 mm<\/li>\n<\/ul>\n<p><strong>Peso y dimensiones<\/strong><\/p>\n<ul>\n<li>Peso del paquete 420,5<\/li>\n<li>Altura del paquete 84<\/li>\n<li>Profundidad del paquete 169,7<\/li>\n<li>Ancho del paquete 50,5<\/li>\n<li>Peso 160<\/li>\n<li>Ancho 74,4<\/li>\n<li>Profundidad 7,6<\/li>\n<li>Altura 160<\/li>\n<\/ul>\n<p><strong>Medios de almacenaje<\/strong><\/p>\n<ul>\n<li>RAM interna 12<\/li>\n<li>Memoria interna 256<\/li>\n<li>Tama\u00f1o m\u00e1ximo de tarjeta de memoria 512<\/li>\n<li>Tarjetas de memoria compatibles MicroSD (TransFlash)<\/li>\n<\/ul>\n<p><strong>Navegaci\u00f3n<\/strong><\/p>\n<ul>\n<li>Br\u00fajula electr\u00f3nica S\u00ed<\/li>\n<li>Galileo S\u00ed<\/li>\n<li>GPS S\u00ed<\/li>\n<li>GPS (sat\u00e9lite) S\u00ed<\/li>\n<li>GLONASS S\u00ed<\/li>\n<\/ul>\n<p><strong>Software<\/strong><\/p>\n<ul>\n<li>Asistente virtual Google Assistant<\/li>\n<li>Plataforma Android<\/li>\n<li>Sistema operativo instalado Android 13<\/li>\n<\/ul>\n<p><strong>C\u00e1mara fotogr\u00e1fica<\/strong><\/p>\n<ul>\n<li>Tipo de c\u00e1mara trasera C\u00e1mara doble<\/li>\n<li>Resoluci\u00f3n de la c\u00e1mara trasera (num\u00e9rica) 50<\/li>\n<li>Resoluci\u00f3n de la segunda c\u00e1mara trasera (num\u00e9rica) 8<\/li>\n<li>Zoom digital 8<\/li>\n<li>Tipo de c\u00e1mara frontal C\u00e1mara \u00fanica<\/li>\n<li>Resoluci\u00f3n de la c\u00e1mara frontal (num\u00e9rica) 16<\/li>\n<li>Flash en c\u00e1mara trasera S\u00ed<\/li>\n<li>Tipo de flash LED<\/li>\n<li>Autoenfoque S\u00ed<\/li>\n<li>Modo de alto rango din\u00e1mico (HDR) de la c\u00e1mara S\u00ed<\/li>\n<li>Disparador autom\u00e1tico S\u00ed<\/li>\n<li>Modo noche S\u00ed<\/li>\n<li>Detector de sonrisa S\u00ed<\/li>\n<li>Panor\u00e1mica S\u00ed<\/li>\n<li>Modo retrato S\u00ed<\/li>\n<li>Fotograf\u00eda macro S\u00ed<\/li>\n<li>Modo de disparo continuo S\u00ed<\/li>\n<\/ul>\n<p><strong>Contenido del embalaje<\/strong><\/p>\n<ul>\n<li>Ejection pin S\u00ed<\/li>\n<li>Cables incluidos USB Tipo C<\/li>\n<li>Gu\u00eda de configuraci\u00f3n r\u00e1pida S\u00ed<\/li>\n<li>Protector de pantalla S\u00ed<\/li>\n<\/ul>\n<p><strong>Sensores<\/strong><\/p>\n<ul>\n<li>Sensor de proximidad S\u00ed<\/li>\n<li>Aceler\u00f3metro S\u00ed<\/li>\n<li>Sensor de luz ambiental S\u00ed<\/li>\n<li>Giroscopio S\u00ed<\/li>\n<\/ul>\n<p><strong>Bater\u00eda<\/strong><\/p>\n<ul>\n<li>Peso de la bater\u00eda 66<\/li>\n<li>Tecnolog\u00eda de bater\u00eda I\u00f3n de litio<\/li>\n<li>Capacidad de bater\u00eda 5000<\/li>\n<\/ul>\n<p><strong>Dise\u00f1o<\/strong><\/p>\n<ul>\n<li>Nombre del color Midnight Blue<\/li>\n<li>Factor de forma Barra<\/li>\n<li>C\u00f3digo IP (International Protection) IP54<\/li>\n<li>Color del tel\u00e9fono Azul<\/li>\n<\/ul>\n<p><strong>Desempe\u00f1o<\/strong><\/p>\n<ul>\n<li>Renovado No<\/li>\n<li>Reconocimiento de cara S\u00ed<\/li>\n<li>Lector de huella digital S\u00ed<\/li>\n<\/ul>\n<p><strong>Multimedia<\/strong><\/p>\n<ul>\n<li>Sistema de audio Dolby Atmos<\/li>\n<li>Radio FM S\u00ed<\/li>\n<li>Altavoces Est\u00e9reo<\/li>\n<\/ul>\n<p><strong>Conexi\u00f3n<\/strong><\/p>\n<ul>\n<li>Capacidad de la tarjeta SIM doble<\/li>\n<li>Mobile network generation 5G<\/li>\n<li>Tipo de tarjeta SIM Nano SIM<\/li>\n<li>Est\u00e1ndares 3G HSDPA<\/li>\n<li>Est\u00e1ndar 4G LTE<\/li>\n<li>Wifi S\u00ed<\/li>\n<li>Wi-Fi est\u00e1ndares 802.11a, Wi-Fi 5 (802.11ac), 802.11b, 802.11g, Wi-Fi 4 (802.11n)<\/li>\n<li>Bluetooth S\u00ed<\/li>\n<li>Versi\u00f3n de Bluetooth 5.1<\/li>\n<li>NFC S\u00ed<\/li>\n<\/ul>\n<\/div\/ \n\n","protected":false},"excerpt":{"rendered":"","protected":false},"featured_media":211814,"comment_status":"open","ping_status":"closed","template":"","meta":{"_joinchat":[]},"product_cat":[795,6476,7133],"product_tag":[],"class_list":{"0":"post-211813","1":"product","2":"type-product","3":"status-publish","4":"has-post-thumbnail","6":"product_cat-electronica","7":"product_cat-telefonos","8":"product_cat-ofertas-smartphones","10":"first","11":"instock","12":"sale","13":"taxable","14":"shipping-taxable","15":"purchasable","16":"product-type-simple"},"_links":{"self":[{"href":"https:\/\/desdropi.com\/elparque\/wp-json\/wp\/v2\/product\/211813"}],"collection":[{"href":"https:\/\/desdropi.com\/elparque\/wp-json\/wp\/v2\/product"}],"about":[{"href":"https:\/\/desdropi.com\/elparque\/wp-json\/wp\/v2\/types\/product"}],"replies":[{"embeddable":true,"href":"https:\/\/desdropi.com\/elparque\/wp-json\/wp\/v2\/comments?post=211813"}],"version-history":[{"count":0,"href":"https:\/\/desdropi.com\/elparque\/wp-json\/wp\/v2\/product\/211813\/revisions"}],"wp:featuredmedia":[{"embeddable":true,"href":"https:\/\/desdropi.com\/elparque\/wp-json\/wp\/v2\/media\/211814"}],"wp:attachment":[{"href":"https:\/\/desdropi.com\/elparque\/wp-json\/wp\/v2\/media?parent=211813"}],"wp:term":[{"taxonomy":"product_cat","embeddable":true,"href":"https:\/\/desdropi.com\/elparque\/wp-json\/wp\/v2\/product_cat?post=211813"},{"taxonomy":"product_tag","embeddable":true,"href":"https:\/\/desdropi.com\/elparque\/wp-json\/wp\/v2\/product_tag?post=211813"}],"curies":[{"name":"wp","href":"https:\/\/api.w.org\/{rel}","templated":true}]}}